{"id":1413,"date":"2018-11-22T15:25:58","date_gmt":"2018-11-22T15:25:58","guid":{"rendered":"http:\/\/coca-colahellenickosovo.com\/?page_id=1413"},"modified":"2019-01-30T09:34:34","modified_gmt":"2019-01-30T09:34:34","slug":"zajdenica","status":"publish","type":"page","link":"https:\/\/coca-colahellenickosovo.com\/sr\/odrzivo-poslovanje\/zajdenica\/","title":{"rendered":"Zajednica"},"content":{"rendered":"<p style=\"line-height: 200%; background: white; margin: 0in 0in 15.6pt 0in;\">Na\u0161a misija nas obavezuje da pobolj\u0161amo kvalitet \u017eivota i ula\u017eemo u lokalnu zajednicu. U skladu sa tim, integrisali smo korporativnu odgovornost i odr\u017eivost u na\u0161e poslovanje. Cilj nam je da radimo na odgovoran na\u010din tako \u0161to \u0107emo anga\u017eovati zainteresovane strane i zajednice da podr\u017ee programe za odr\u017eivi razvoj.<\/p>\n<p style=\"line-height: 200%; background: white; margin: 0in 0in 15.6pt 0in;\">Uz na\u0161e osnovne poslovne aktivnosti \u2013 koje generi\u0161u prihode za zaposlene, obaveze prema dobavlja\u010dima i poreze prema dr\u017eavi \u2013ostajemo usmereni na ulaganje u partnerstvo sa zajednicom i projekte koji se bave pitanjima od ekolo\u0161kog i dru\u0161tvenog zna\u010daja.<\/p>\n<p>Na\u0161i programi investicija u zajednicu fokusirani su na \u010detiri oblasti: upravljanje i za\u0161tita vodnih resursa, aktivni na\u010din \u017eivota, razvoj omladine i pomoc\u0301 u vanrednim situacijama.<\/p>\n","protected":false},"excerpt":{"rendered":"<p>Coca-Cola HBC je aktivni \u010dlan zajednice u svakoj od 28 zemalja u kojima posluje i Kosovo trziste nije izuzetak.<\/p>\n","protected":false},"author":9,"featured_media":0,"parent":1199,"menu_order":53,"comment_status":"closed","ping_status":"closed","template":"page-templates\/richtext.php","meta":{"_acf_changed":false,"footnotes":""},"class_list":["post-1413","page","type-page","status-publish","hentry"],"acf":[],"yoast_head":"<!-- This site is optimized with the Yoast SEO plugin v26.8 - https:\/\/yoast.com\/product\/yoast-seo-wordpress\/ -->\n<title>Zajednica - Coca-Cola Hellenic Kosova<\/title>\n<meta name=\"robots\" content=\"index, follow, max-snippet:-1, max-image-preview:large, max-video-preview:-1\" \/>\n<link rel=\"canonical\" href=\"http:\/\/coca-colahellenickosovo.com\/sr\/odrzivo-poslovanje\/zajdenica\/\" \/>\n<meta property=\"og:locale\" content=\"sr_RS\" \/>\n<meta property=\"og:type\" content=\"article\" \/>\n<meta property=\"og:title\" content=\"Zajednica - Coca-Cola Hellenic Kosova\" \/>\n<meta property=\"og:description\" content=\"Coca-Cola HBC je aktivni \u010dlan zajednice u svakoj od 28 zemalja u kojima posluje i Kosovo trziste nije izuzetak.\" \/>\n<meta property=\"og:url\" content=\"http:\/\/coca-colahellenickosovo.com\/sr\/odrzivo-poslovanje\/zajdenica\/\" \/>\n<meta property=\"og:site_name\" content=\"Coca-Cola Hellenic Kosova\" \/>\n<meta property=\"article:modified_time\" content=\"2019-01-30T09:34:34+00:00\" \/>\n<meta name=\"twitter:card\" content=\"summary_large_image\" \/>\n<meta name=\"twitter:label1\" content=\"\u041f\u0440\u043e\u0446\u0435\u045a\u0435\u043d\u043e \u0432\u0440\u0435\u043c\u0435 \u0447\u0438\u0442\u0430\u045a\u0430\" \/>\n\t<meta name=\"twitter:data1\" content=\"1 \u043c\u0438\u043d\u0443\u0442\" \/>\n<script type=\"application\/ld+json\" class=\"yoast-schema-graph\">{\"@context\":\"https:\/\/schema.org\",\"@graph\":[{\"@type\":\"WebPage\",\"@id\":\"http:\/\/coca-colahellenickosovo.com\/sr\/odrzivo-poslovanje\/zajdenica\/\",\"url\":\"http:\/\/coca-colahellenickosovo.com\/sr\/odrzivo-poslovanje\/zajdenica\/\",\"name\":\"Zajednica - Coca-Cola Hellenic Kosova\",\"isPartOf\":{\"@id\":\"https:\/\/coca-colahellenickosovo.com\/en\/#website\"},\"datePublished\":\"2018-11-22T15:25:58+00:00\",\"dateModified\":\"2019-01-30T09:34:34+00:00\",\"breadcrumb\":{\"@id\":\"http:\/\/coca-colahellenickosovo.com\/sr\/odrzivo-poslovanje\/zajdenica\/#breadcrumb\"},\"inLanguage\":\"sr-RS\",\"potentialAction\":[{\"@type\":\"ReadAction\",\"target\":[\"http:\/\/coca-colahellenickosovo.com\/sr\/odrzivo-poslovanje\/zajdenica\/\"]}]},{\"@type\":\"BreadcrumbList\",\"@id\":\"http:\/\/coca-colahellenickosovo.com\/sr\/odrzivo-poslovanje\/zajdenica\/#breadcrumb\",\"itemListElement\":[{\"@type\":\"ListItem\",\"position\":1,\"name\":\"Home\",\"item\":\"https:\/\/coca-colahellenickosovo.com\/sr\/\"},{\"@type\":\"ListItem\",\"position\":2,\"name\":\"Odr\u017eivo poslovanje\",\"item\":\"https:\/\/coca-colahellenickosovo.com\/sr\/odrzivo-poslovanje\/\"},{\"@type\":\"ListItem\",\"position\":3,\"name\":\"Zajednica\"}]},{\"@type\":\"WebSite\",\"@id\":\"https:\/\/coca-colahellenickosovo.com\/en\/#website\",\"url\":\"https:\/\/coca-colahellenickosovo.com\/en\/\",\"name\":\"Coca-Cola Hellenic Kosova\",\"description\":\"\",\"publisher\":{\"@id\":\"https:\/\/coca-colahellenickosovo.com\/en\/#organization\"},\"potentialAction\":[{\"@type\":\"SearchAction\",\"target\":{\"@type\":\"EntryPoint\",\"urlTemplate\":\"https:\/\/coca-colahellenickosovo.com\/en\/?s={search_term_string}\"},\"query-input\":{\"@type\":\"PropertyValueSpecification\",\"valueRequired\":true,\"valueName\":\"search_term_string\"}}],\"inLanguage\":\"sr-RS\"},{\"@type\":\"Organization\",\"@id\":\"https:\/\/coca-colahellenickosovo.com\/en\/#organization\",\"name\":\"Coca-Cola Hellenic Kosova\",\"url\":\"https:\/\/coca-colahellenickosovo.com\/en\/\",\"logo\":{\"@type\":\"ImageObject\",\"inLanguage\":\"sr-RS\",\"@id\":\"https:\/\/coca-colahellenickosovo.com\/en\/#\/schema\/logo\/image\/\",\"url\":\"https:\/\/coca-colahellenickosovo.com\/wp-content\/uploads\/2025\/03\/bb4dd3b6-2375-4f01-a767-4fb2967ec63a.jpeg\",\"contentUrl\":\"https:\/\/coca-colahellenickosovo.com\/wp-content\/uploads\/2025\/03\/bb4dd3b6-2375-4f01-a767-4fb2967ec63a.jpeg\",\"width\":750,\"height\":230,\"caption\":\"Coca-Cola Hellenic Kosova\"},\"image\":{\"@id\":\"https:\/\/coca-colahellenickosovo.com\/en\/#\/schema\/logo\/image\/\"}}]}<\/script>\n<!-- \/ Yoast SEO plugin. -->","yoast_head_json":{"title":"Zajednica - Coca-Cola Hellenic Kosova","robots":{"index":"index","follow":"follow","max-snippet":"max-snippet:-1","max-image-preview":"max-image-preview:large","max-video-preview":"max-video-preview:-1"},"canonical":"http:\/\/coca-colahellenickosovo.com\/sr\/odrzivo-poslovanje\/zajdenica\/","og_locale":"sr_RS","og_type":"article","og_title":"Zajednica - Coca-Cola Hellenic Kosova","og_description":"Coca-Cola HBC je aktivni \u010dlan zajednice u svakoj od 28 zemalja u kojima posluje i Kosovo trziste nije izuzetak.","og_url":"http:\/\/coca-colahellenickosovo.com\/sr\/odrzivo-poslovanje\/zajdenica\/","og_site_name":"Coca-Cola Hellenic Kosova","article_modified_time":"2019-01-30T09:34:34+00:00","twitter_card":"summary_large_image","twitter_misc":{"\u041f\u0440\u043e\u0446\u0435\u045a\u0435\u043d\u043e \u0432\u0440\u0435\u043c\u0435 \u0447\u0438\u0442\u0430\u045a\u0430":"1 \u043c\u0438\u043d\u0443\u0442"},"schema":{"@context":"https:\/\/schema.org","@graph":[{"@type":"WebPage","@id":"http:\/\/coca-colahellenickosovo.com\/sr\/odrzivo-poslovanje\/zajdenica\/","url":"http:\/\/coca-colahellenickosovo.com\/sr\/odrzivo-poslovanje\/zajdenica\/","name":"Zajednica - Coca-Cola Hellenic Kosova","isPartOf":{"@id":"https:\/\/coca-colahellenickosovo.com\/en\/#website"},"datePublished":"2018-11-22T15:25:58+00:00","dateModified":"2019-01-30T09:34:34+00:00","breadcrumb":{"@id":"http:\/\/coca-colahellenickosovo.com\/sr\/odrzivo-poslovanje\/zajdenica\/#breadcrumb"},"inLanguage":"sr-RS","potentialAction":[{"@type":"ReadAction","target":["http:\/\/coca-colahellenickosovo.com\/sr\/odrzivo-poslovanje\/zajdenica\/"]}]},{"@type":"BreadcrumbList","@id":"http:\/\/coca-colahellenickosovo.com\/sr\/odrzivo-poslovanje\/zajdenica\/#breadcrumb","itemListElement":[{"@type":"ListItem","position":1,"name":"Home","item":"https:\/\/coca-colahellenickosovo.com\/sr\/"},{"@type":"ListItem","position":2,"name":"Odr\u017eivo poslovanje","item":"https:\/\/coca-colahellenickosovo.com\/sr\/odrzivo-poslovanje\/"},{"@type":"ListItem","position":3,"name":"Zajednica"}]},{"@type":"WebSite","@id":"https:\/\/coca-colahellenickosovo.com\/en\/#website","url":"https:\/\/coca-colahellenickosovo.com\/en\/","name":"Coca-Cola Hellenic Kosova","description":"","publisher":{"@id":"https:\/\/coca-colahellenickosovo.com\/en\/#organization"},"potentialAction":[{"@type":"SearchAction","target":{"@type":"EntryPoint","urlTemplate":"https:\/\/coca-colahellenickosovo.com\/en\/?s={search_term_string}"},"query-input":{"@type":"PropertyValueSpecification","valueRequired":true,"valueName":"search_term_string"}}],"inLanguage":"sr-RS"},{"@type":"Organization","@id":"https:\/\/coca-colahellenickosovo.com\/en\/#organization","name":"Coca-Cola Hellenic Kosova","url":"https:\/\/coca-colahellenickosovo.com\/en\/","logo":{"@type":"ImageObject","inLanguage":"sr-RS","@id":"https:\/\/coca-colahellenickosovo.com\/en\/#\/schema\/logo\/image\/","url":"https:\/\/coca-colahellenickosovo.com\/wp-content\/uploads\/2025\/03\/bb4dd3b6-2375-4f01-a767-4fb2967ec63a.jpeg","contentUrl":"https:\/\/coca-colahellenickosovo.com\/wp-content\/uploads\/2025\/03\/bb4dd3b6-2375-4f01-a767-4fb2967ec63a.jpeg","width":750,"height":230,"caption":"Coca-Cola Hellenic Kosova"},"image":{"@id":"https:\/\/coca-colahellenickosovo.com\/en\/#\/schema\/logo\/image\/"}}]}},"_links":{"self":[{"href":"https:\/\/coca-colahellenickosovo.com\/sr\/wp-json\/wp\/v2\/pages\/1413\/"}],"collection":[{"href":"https:\/\/coca-colahellenickosovo.com\/sr\/wp-json\/wp\/v2\/pages\/"}],"about":[{"href":"https:\/\/coca-colahellenickosovo.com\/sr\/wp-json\/wp\/v2\/types\/page\/"}],"author":[{"embeddable":true,"href":"https:\/\/coca-colahellenickosovo.com\/sr\/wp-json\/wp\/v2\/users\/9\/"}],"replies":[{"embeddable":true,"href":"https:\/\/coca-colahellenickosovo.com\/sr\/wp-json\/wp\/v2\/comments\/?post=1413"}],"version-history":[{"count":3,"href":"https:\/\/coca-colahellenickosovo.com\/sr\/wp-json\/wp\/v2\/pages\/1413\/revisions\/"}],"predecessor-version":[{"id":3224,"href":"https:\/\/coca-colahellenickosovo.com\/sr\/wp-json\/wp\/v2\/pages\/1413\/revisions\/3224\/"}],"up":[{"embeddable":true,"href":"https:\/\/coca-colahellenickosovo.com\/sr\/wp-json\/wp\/v2\/pages\/1199\/"}],"wp:attachment":[{"href":"https:\/\/coca-colahellenickosovo.com\/sr\/wp-json\/wp\/v2\/media\/?parent=1413"}],"curies":[{"name":"wp","href":"https:\/\/api.w.org\/{rel}","templated":true}]}}