{"id":1278,"date":"2018-11-16T14:52:21","date_gmt":"2018-11-16T14:52:21","guid":{"rendered":"http:\/\/coca-colahellenickosovo.com\/odrzivo-poslovanje\/sustainability-approach-and-impact\/angazhimi-i-paleve-te-interesit\/"},"modified":"2018-12-03T08:49:50","modified_gmt":"2018-12-03T08:49:50","slug":"ukljucivanje-zainteresovanih-strana","status":"publish","type":"page","link":"https:\/\/coca-colahellenickosovo.com\/sr\/odrzivo-poslovanje\/sustainability-approach-and-impact\/ukljucivanje-zainteresovanih-strana\/","title":{"rendered":"Uklju\u010divanje zainteresovanih strana"},"content":{"rendered":"<p>Partnerstvo sa ljudima, preduzec\u0301ima i organizacijama koje dele na\u0161 interes za odr\u017eivu buduc\u0301nost i imaju ulogu u na\u0161em poslovanju, su neophodne za na\u0161 uspeh. Udru\u017eivanje sa na\u0161im zainteresovanim stranama oja\u010dava na\u0161e odnose i poma\u017ee nam da donosimo bolje poslovne odluke kako bismo ispunili na\u0161e obaveze.<\/p>\n<ul>\n<li>Radimo sa na\u0161im kupcima, dobavlja\u010dima i drugim poslovnim partnerima u lancu vrednosti svakodnevno, kao i sa vladinim predstavnicima, civilnim organizacijama, akademijama, me\u0111uvladinim organizacijama, predstavnicima lokalnih zajednica i na\u0161im potro\u0161a\u010dima<\/li>\n<li>Na\u0161i poslovni lideri se bave raznim me\u0111unarodnim organizacijama i poslovnim udru\u017eenjima kao \u0161to su UN Global Compact i UNESDA<\/li>\n<li>Kao organizacioni akteri Globalne inicijative za izve\u0161tavanje (GRI) mo\u017eemo deliti iskustva i u\u010diti od ljudi iz drugih kompanija i industrije<\/li>\n<li>Aktivni smo \u010dlanovi grupe za korporativno liderstvo o integrisanom izve\u0161tavanju, oblikovanje budu\u0107nosti standarda izve\u0161tavanja o odr\u017eivosti i anga\u017eovanja zainteresovanih strana<\/li>\n<li>Na\u0161i lideri su aktivni \u010dlanovi lokalnih poslovnih saveza kao \u0161to su forumi poslovnih lidera, lokalne mre\u017ee UNGC-a, poslovni saveti za odr\u017eivi razvoj i druga industrijska udru\u017eenja, u\u010destvuju na konferencijama, rade s civilnim organizacijama i uti\u010du na javnu politiku koja se odnosi na klju\u010dna pitanja odr\u017eivosti kao \u0161to su zdravlje i blagostanje, ambala\u017ea, voda i klima, kao i pitanja vezana za dru\u0161tvenu odr\u017eivost kao \u0161to su radni odnosi i privla\u010denje talenta i zadr\u017eavanje<\/li>\n<li>Radimo sa lokalnim zajednicama na odr\u017eivim re\u0161enjima koja podr\u017eavaju lokalne i globalne ciljeve odr\u017eivog razvoja<\/li>\n<li>Kroz na\u0161e partnerstvo sa kompanijom Coca-Cola imamo pristup globalnim i lokalnim uvidima potro\u0161a\u010da, a tako\u0111e se osiguramo da su na\u0161a partnerstva i akcije u vezi sa odr\u017eivim razvojem u sinergiji sa njihovim<\/li>\n<\/ul>\n<table width=\"687\">\n<thead>\n<tr>\n<td>\u00ad<\/td>\n<td>Kako to radimo<\/td>\n<\/tr>\n<\/thead>\n<tbody>\n<tr>\n<td>Akcionari i analiti\u010dari<\/td>\n<td>Godi\u0161nja skup\u0161tinska sednica, kvartalna izlo\u017eba i izvje\u0161taji o rezultatima, veb emisije, kontinuirani dijalog sa analiti\u010darima i investitorima<\/td>\n<\/tr>\n<tr>\n<td>Zaposleni<\/td>\n<td>Ankete o odr\u017eivom anga\u017eovanju i vrednosti, kvartalni pozivi za upravljanje CEO-om, godi\u0161nja konferencija o liderstvu, kanali za komunikaciju zaposlenih, kao \u0161to su intranet i unutra\u0161nji socijalni mediji, individualni planovi razvoja, interne komunikacijske kampanje, projekti zajedni\u010dkog i aktivnog \u017eivota, volonterski rad, Savet zaposlenih radnika<\/td>\n<\/tr>\n<tr>\n<td>Kupci<\/td>\n<td>Redovne posete, namenski ra\u010duni timova, zajedni\u010dko poslovno planiranje, inicijative za stvaranje zajedni\u010dkih vrednosti, centri za kupce, ankete o zadovoljstvu kupaca<\/td>\n<\/tr>\n<tr>\n<td>Potro\u0161a\u010di<\/td>\n<td>Slu\u017ebe za korisnike potro\u0161a\u010da, lokalni vebsajtovi, obilasci biljaka, istra\u017eivanja, ankete, fokus grupe<\/td>\n<\/tr>\n<tr>\n<td>Dobavlja\u010di<\/td>\n<td>Inicijative za stvaranje zajedni\u010dkih vrednosti, godi\u0161nja konferencija dobavlja\u010da, odr\u017eivi izvori, principi dobavlja\u010da, udru\u017eenja za pakiranje, hotline<\/td>\n<\/tr>\n<tr>\n<td>Vlade i regulatorni organi<\/td>\n<td>Inicijative za recikla\u017eu i oporavak, EU Platforma za akciju o ishrani, fizi\u010dkim aktivnostima i zdravlju, savetodavni saveti za strane investicije, privredne komore<\/td>\n<\/tr>\n<tr>\n<td>Nevladine i me\u0111uvladine organizacije (NVO i MGO)<\/td>\n<td>Dijalog, rad politike, partnerstva o zajedni\u010dkim pitanjima, \u010dlanstvo u privrednim i industrijskim udru\u017eenjima<\/td>\n<\/tr>\n<tr>\n<td>Zajednice<\/td>\n<td>Posete biljaka, sastanci zajednice, partnerstva o zajedni\u010dkim pitanjima, sponzorske aktivnosti, predavanja na univerzitetima<\/td>\n<\/tr>\n<tr>\n<td>Kompanija Coca-Cola<\/td>\n<td>Svakodnevna interakcija kao poslovni partneri, zajedni\u010dki projekti, zajedni\u010dko poslovno planiranje, funkcionalne grupe o strate\u0161kim pitanjima, vi\u0161i menad\u017ement &#8222;Top-to-Top&#8220;<\/td>\n<\/tr>\n<\/tbody>\n<\/table>\n<p>&nbsp;<\/p>\n<p>Svake godine tra\u017eimo preko 360 zainteresovanih strana iz navedenih grupa da pru\u017eimo online povratne informacije putem na\u0161eg istra\u017eivanja o materijalnim pitanjima. Ova anketa daju na\u0161im zainteresovanim stranama priliku da daju prioritete na\u0161im materijalnim pitanjima na osnovu njihovih interesa i njihovog zna\u010daja za na\u0161e poslovanje.<\/p>\n<p>Tako\u0111e pitamo \u0161ta oni razmi\u0161ljaju tako \u0161to pru\u017eaju otvorena pitanja, tako da oni mogu podeliti sa nama sve \u0161to smo mo\u017eda propustili ili kojoj treba vi\u0161e pa\u017enje.<\/p>\n<p>Godi\u0161nji forum zainteresovanih strana<\/p>\n<p>na\u0161u odr\u017eivost i bolje razumeli njihova o\u010dekivanja za buduc\u0301nost.<\/p>\n<p>Objavljujemo rezime nalaza i osiguramo da saznamo i primenimo povratne informacije koje dobijemo.<\/p>\n<p>Kao rezultat ovih povratnih informacija, postavljamo dugoro\u010dnije ciljeve u\u010dinka i pove\u0107avamo fokus na zdravlje potro\u0161a\u010da i odr\u017eivost u na\u0161em lancu snabdevanja. Tako\u0111e smo napravili zna\u010dajne promene u na\u0161em izve\u0161tavanju kako bismo adresirali potrebe za informacijama zainteresiranih strana: tra\u017ee\u0107i vi\u0161i nivo eksternog osiguranja, integri\u0161u\u0107i na\u0161u odr\u017eivost i finansijske izve\u0161taje i konsolidovanje pitanja na na\u0161oj listi zna\u010dajnosti kako bismo bolje odra\u017eali svetske trendove.<\/p>\n<p>Na\u0161 2015 forum je prvi put odr\u017ean zajedno sa kompanijom Coca-Cola na EKSPO Milanu. Kupci, dobavlja\u010di, akademici, nevladine organizacije, industrijski i drugi tehni\u010dki stru\u010dnjaci sastali su se kako bi razgovarali o na\u0161em direktnom i indirektnom socio-ekonomskom uticaju, pristupu i napretku u vezi sa vodom i ambala\u017eom i komentarisali na\u0161e najva\u017enije probleme odr\u017eivosti.<\/p>\n<p>https:\/\/coca-colahellenic.com\/en\/media\/news\/2018-stakeholder-forum-focuses-on-working-towards-a-world-without-waste\/<\/p>\n","protected":false},"excerpt":{"rendered":"<p>Mi sara\u0111ujemo sa na\u0161im zainteresovanim stranama da slu\u0161amo i razumemo njihov uvid u pitanja koja su najva\u017enija za na\u0161e zajednice i na\u0161e poslovanje.<\/p>\n","protected":false},"author":9,"featured_media":0,"parent":1211,"menu_order":33,"comment_status":"closed","ping_status":"closed","template":"page-templates\/richtext.php","meta":{"_acf_changed":false,"footnotes":""},"class_list":["post-1278","page","type-page","status-publish","hentry"],"acf":[],"yoast_head":"<!-- This site is optimized with the Yoast SEO plugin v26.8 - https:\/\/yoast.com\/product\/yoast-seo-wordpress\/ -->\n<title>Uklju\u010divanje zainteresovanih strana - Coca-Cola Hellenic Kosova<\/title>\n<meta name=\"robots\" content=\"index, follow, max-snippet:-1, max-image-preview:large, max-video-preview:-1\" \/>\n<link rel=\"canonical\" href=\"http:\/\/coca-colahellenickosovo.com\/sr\/odrzivo-poslovanje\/sustainability-approach-and-impact\/ukljucivanje-zainteresovanih-strana\/\" \/>\n<meta property=\"og:locale\" content=\"sr_RS\" \/>\n<meta property=\"og:type\" content=\"article\" \/>\n<meta property=\"og:title\" content=\"Uklju\u010divanje zainteresovanih strana - Coca-Cola Hellenic Kosova\" \/>\n<meta property=\"og:description\" content=\"Mi sara\u0111ujemo sa na\u0161im zainteresovanim stranama da slu\u0161amo i razumemo njihov uvid u pitanja koja su najva\u017enija za na\u0161e zajednice i na\u0161e poslovanje.\" \/>\n<meta property=\"og:url\" content=\"http:\/\/coca-colahellenickosovo.com\/sr\/odrzivo-poslovanje\/sustainability-approach-and-impact\/ukljucivanje-zainteresovanih-strana\/\" \/>\n<meta property=\"og:site_name\" content=\"Coca-Cola Hellenic Kosova\" \/>\n<meta property=\"article:modified_time\" content=\"2018-12-03T08:49:50+00:00\" \/>\n<meta name=\"twitter:card\" content=\"summary_large_image\" \/>\n<meta name=\"twitter:label1\" content=\"\u041f\u0440\u043e\u0446\u0435\u045a\u0435\u043d\u043e \u0432\u0440\u0435\u043c\u0435 \u0447\u0438\u0442\u0430\u045a\u0430\" \/>\n\t<meta name=\"twitter:data1\" content=\"4 \u043c\u0438\u043d\u0443\u0442\u0430\" \/>\n<script type=\"application\/ld+json\" class=\"yoast-schema-graph\">{\"@context\":\"https:\/\/schema.org\",\"@graph\":[{\"@type\":\"WebPage\",\"@id\":\"http:\/\/coca-colahellenickosovo.com\/sr\/odrzivo-poslovanje\/sustainability-approach-and-impact\/ukljucivanje-zainteresovanih-strana\/\",\"url\":\"http:\/\/coca-colahellenickosovo.com\/sr\/odrzivo-poslovanje\/sustainability-approach-and-impact\/ukljucivanje-zainteresovanih-strana\/\",\"name\":\"Uklju\u010divanje zainteresovanih strana - Coca-Cola Hellenic Kosova\",\"isPartOf\":{\"@id\":\"https:\/\/coca-colahellenickosovo.com\/sr\/#website\"},\"datePublished\":\"2018-11-16T14:52:21+00:00\",\"dateModified\":\"2018-12-03T08:49:50+00:00\",\"breadcrumb\":{\"@id\":\"http:\/\/coca-colahellenickosovo.com\/sr\/odrzivo-poslovanje\/sustainability-approach-and-impact\/ukljucivanje-zainteresovanih-strana\/#breadcrumb\"},\"inLanguage\":\"sr-RS\",\"potentialAction\":[{\"@type\":\"ReadAction\",\"target\":[\"http:\/\/coca-colahellenickosovo.com\/sr\/odrzivo-poslovanje\/sustainability-approach-and-impact\/ukljucivanje-zainteresovanih-strana\/\"]}]},{\"@type\":\"BreadcrumbList\",\"@id\":\"http:\/\/coca-colahellenickosovo.com\/sr\/odrzivo-poslovanje\/sustainability-approach-and-impact\/ukljucivanje-zainteresovanih-strana\/#breadcrumb\",\"itemListElement\":[{\"@type\":\"ListItem\",\"position\":1,\"name\":\"Home\",\"item\":\"https:\/\/coca-colahellenickosovo.com\/sr\/\"},{\"@type\":\"ListItem\",\"position\":2,\"name\":\"Odr\u017eivo poslovanje\",\"item\":\"https:\/\/coca-colahellenickosovo.com\/sr\/odrzivo-poslovanje\/\"},{\"@type\":\"ListItem\",\"position\":3,\"name\":\"Pristup i uticaj odr\u017eivog poslovanja\",\"item\":\"https:\/\/coca-colahellenickosovo.com\/sr\/odrzivo-poslovanje\/sustainability-approach-and-impact\/\"},{\"@type\":\"ListItem\",\"position\":4,\"name\":\"Uklju\u010divanje zainteresovanih strana\"}]},{\"@type\":\"WebSite\",\"@id\":\"https:\/\/coca-colahellenickosovo.com\/sr\/#website\",\"url\":\"https:\/\/coca-colahellenickosovo.com\/sr\/\",\"name\":\"Coca-Cola Hellenic Kosova\",\"description\":\"\",\"publisher\":{\"@id\":\"https:\/\/coca-colahellenickosovo.com\/sr\/#organization\"},\"potentialAction\":[{\"@type\":\"SearchAction\",\"target\":{\"@type\":\"EntryPoint\",\"urlTemplate\":\"https:\/\/coca-colahellenickosovo.com\/sr\/?s={search_term_string}\"},\"query-input\":{\"@type\":\"PropertyValueSpecification\",\"valueRequired\":true,\"valueName\":\"search_term_string\"}}],\"inLanguage\":\"sr-RS\"},{\"@type\":\"Organization\",\"@id\":\"https:\/\/coca-colahellenickosovo.com\/sr\/#organization\",\"name\":\"Coca-Cola Hellenic Kosova\",\"url\":\"https:\/\/coca-colahellenickosovo.com\/sr\/\",\"logo\":{\"@type\":\"ImageObject\",\"inLanguage\":\"sr-RS\",\"@id\":\"https:\/\/coca-colahellenickosovo.com\/sr\/#\/schema\/logo\/image\/\",\"url\":\"https:\/\/coca-colahellenickosovo.com\/wp-content\/uploads\/2025\/03\/bb4dd3b6-2375-4f01-a767-4fb2967ec63a.jpeg\",\"contentUrl\":\"https:\/\/coca-colahellenickosovo.com\/wp-content\/uploads\/2025\/03\/bb4dd3b6-2375-4f01-a767-4fb2967ec63a.jpeg\",\"width\":750,\"height\":230,\"caption\":\"Coca-Cola Hellenic Kosova\"},\"image\":{\"@id\":\"https:\/\/coca-colahellenickosovo.com\/sr\/#\/schema\/logo\/image\/\"}}]}<\/script>\n<!-- \/ Yoast SEO plugin. -->","yoast_head_json":{"title":"Uklju\u010divanje zainteresovanih strana - Coca-Cola Hellenic Kosova","robots":{"index":"index","follow":"follow","max-snippet":"max-snippet:-1","max-image-preview":"max-image-preview:large","max-video-preview":"max-video-preview:-1"},"canonical":"http:\/\/coca-colahellenickosovo.com\/sr\/odrzivo-poslovanje\/sustainability-approach-and-impact\/ukljucivanje-zainteresovanih-strana\/","og_locale":"sr_RS","og_type":"article","og_title":"Uklju\u010divanje zainteresovanih strana - Coca-Cola Hellenic Kosova","og_description":"Mi sara\u0111ujemo sa na\u0161im zainteresovanim stranama da slu\u0161amo i razumemo njihov uvid u pitanja koja su najva\u017enija za na\u0161e zajednice i na\u0161e poslovanje.","og_url":"http:\/\/coca-colahellenickosovo.com\/sr\/odrzivo-poslovanje\/sustainability-approach-and-impact\/ukljucivanje-zainteresovanih-strana\/","og_site_name":"Coca-Cola Hellenic Kosova","article_modified_time":"2018-12-03T08:49:50+00:00","twitter_card":"summary_large_image","twitter_misc":{"\u041f\u0440\u043e\u0446\u0435\u045a\u0435\u043d\u043e \u0432\u0440\u0435\u043c\u0435 \u0447\u0438\u0442\u0430\u045a\u0430":"4 \u043c\u0438\u043d\u0443\u0442\u0430"},"schema":{"@context":"https:\/\/schema.org","@graph":[{"@type":"WebPage","@id":"http:\/\/coca-colahellenickosovo.com\/sr\/odrzivo-poslovanje\/sustainability-approach-and-impact\/ukljucivanje-zainteresovanih-strana\/","url":"http:\/\/coca-colahellenickosovo.com\/sr\/odrzivo-poslovanje\/sustainability-approach-and-impact\/ukljucivanje-zainteresovanih-strana\/","name":"Uklju\u010divanje zainteresovanih strana - Coca-Cola Hellenic Kosova","isPartOf":{"@id":"https:\/\/coca-colahellenickosovo.com\/sr\/#website"},"datePublished":"2018-11-16T14:52:21+00:00","dateModified":"2018-12-03T08:49:50+00:00","breadcrumb":{"@id":"http:\/\/coca-colahellenickosovo.com\/sr\/odrzivo-poslovanje\/sustainability-approach-and-impact\/ukljucivanje-zainteresovanih-strana\/#breadcrumb"},"inLanguage":"sr-RS","potentialAction":[{"@type":"ReadAction","target":["http:\/\/coca-colahellenickosovo.com\/sr\/odrzivo-poslovanje\/sustainability-approach-and-impact\/ukljucivanje-zainteresovanih-strana\/"]}]},{"@type":"BreadcrumbList","@id":"http:\/\/coca-colahellenickosovo.com\/sr\/odrzivo-poslovanje\/sustainability-approach-and-impact\/ukljucivanje-zainteresovanih-strana\/#breadcrumb","itemListElement":[{"@type":"ListItem","position":1,"name":"Home","item":"https:\/\/coca-colahellenickosovo.com\/sr\/"},{"@type":"ListItem","position":2,"name":"Odr\u017eivo poslovanje","item":"https:\/\/coca-colahellenickosovo.com\/sr\/odrzivo-poslovanje\/"},{"@type":"ListItem","position":3,"name":"Pristup i uticaj odr\u017eivog poslovanja","item":"https:\/\/coca-colahellenickosovo.com\/sr\/odrzivo-poslovanje\/sustainability-approach-and-impact\/"},{"@type":"ListItem","position":4,"name":"Uklju\u010divanje zainteresovanih strana"}]},{"@type":"WebSite","@id":"https:\/\/coca-colahellenickosovo.com\/sr\/#website","url":"https:\/\/coca-colahellenickosovo.com\/sr\/","name":"Coca-Cola Hellenic Kosova","description":"","publisher":{"@id":"https:\/\/coca-colahellenickosovo.com\/sr\/#organization"},"potentialAction":[{"@type":"SearchAction","target":{"@type":"EntryPoint","urlTemplate":"https:\/\/coca-colahellenickosovo.com\/sr\/?s={search_term_string}"},"query-input":{"@type":"PropertyValueSpecification","valueRequired":true,"valueName":"search_term_string"}}],"inLanguage":"sr-RS"},{"@type":"Organization","@id":"https:\/\/coca-colahellenickosovo.com\/sr\/#organization","name":"Coca-Cola Hellenic Kosova","url":"https:\/\/coca-colahellenickosovo.com\/sr\/","logo":{"@type":"ImageObject","inLanguage":"sr-RS","@id":"https:\/\/coca-colahellenickosovo.com\/sr\/#\/schema\/logo\/image\/","url":"https:\/\/coca-colahellenickosovo.com\/wp-content\/uploads\/2025\/03\/bb4dd3b6-2375-4f01-a767-4fb2967ec63a.jpeg","contentUrl":"https:\/\/coca-colahellenickosovo.com\/wp-content\/uploads\/2025\/03\/bb4dd3b6-2375-4f01-a767-4fb2967ec63a.jpeg","width":750,"height":230,"caption":"Coca-Cola Hellenic Kosova"},"image":{"@id":"https:\/\/coca-colahellenickosovo.com\/sr\/#\/schema\/logo\/image\/"}}]}},"_links":{"self":[{"href":"https:\/\/coca-colahellenickosovo.com\/sr\/wp-json\/wp\/v2\/pages\/1278\/"}],"collection":[{"href":"https:\/\/coca-colahellenickosovo.com\/sr\/wp-json\/wp\/v2\/pages\/"}],"about":[{"href":"https:\/\/coca-colahellenickosovo.com\/sr\/wp-json\/wp\/v2\/types\/page\/"}],"author":[{"embeddable":true,"href":"https:\/\/coca-colahellenickosovo.com\/sr\/wp-json\/wp\/v2\/users\/9\/"}],"replies":[{"embeddable":true,"href":"https:\/\/coca-colahellenickosovo.com\/sr\/wp-json\/wp\/v2\/comments\/?post=1278"}],"version-history":[{"count":3,"href":"https:\/\/coca-colahellenickosovo.com\/sr\/wp-json\/wp\/v2\/pages\/1278\/revisions\/"}],"predecessor-version":[{"id":2377,"href":"https:\/\/coca-colahellenickosovo.com\/sr\/wp-json\/wp\/v2\/pages\/1278\/revisions\/2377\/"}],"up":[{"embeddable":true,"href":"https:\/\/coca-colahellenickosovo.com\/sr\/wp-json\/wp\/v2\/pages\/1211\/"}],"wp:attachment":[{"href":"https:\/\/coca-colahellenickosovo.com\/sr\/wp-json\/wp\/v2\/media\/?parent=1278"}],"curies":[{"name":"wp","href":"https:\/\/api.w.org\/{rel}","templated":true}]}}