{"id":1151,"date":"2018-11-22T12:37:09","date_gmt":"2018-11-22T12:37:09","guid":{"rendered":"http:\/\/coca-colahellenickosovo.com\/?page_id=1151"},"modified":"2026-01-20T13:12:21","modified_gmt":"2026-01-20T13:12:21","slug":"coca%e2%80%91cola-hbc-kosovo-kratak-pregled","status":"publish","type":"page","link":"https:\/\/coca-colahellenickosovo.com\/sr\/about-us\/coca%e2%80%91cola-hbc-kosovo-kratak-pregled\/","title":{"rendered":"Coca\u2011Cola HBC Kosovo kratak pregled"},"content":{"rendered":"<p>Coca-Cola HBC Kosovo je jedna od najve\u0107ih kompanija u industriji bezalkoholnih pi\u0107a u\u00a0kosovskom tr\u017ei\u0161tu i distributer fran\u0161iza kompanije Coca-Cola na Kosovu od 2003. godine.<\/p>\n","protected":false},"excerpt":{"rendered":"<p>Mi smo jedna od najvec\u0301ih svetskih punionica brendova kompanije Coca-Cola, sa jakom osnovom za dugoro\u010dni rast. <\/p>\n","protected":false},"author":9,"featured_media":3057,"parent":1146,"menu_order":57,"comment_status":"closed","ping_status":"closed","template":"page-templates\/richtext.php","meta":{"_acf_changed":false,"footnotes":""},"class_list":["post-1151","page","type-page","status-publish","has-post-thumbnail","hentry"],"acf":[],"yoast_head":"<!-- This site is optimized with the Yoast SEO plugin v26.8 - https:\/\/yoast.com\/product\/yoast-seo-wordpress\/ -->\n<title>Coca\u2011Cola HBC Kosovo kratak pregled - Coca-Cola Hellenic Kosova<\/title>\n<meta name=\"robots\" content=\"index, follow, max-snippet:-1, max-image-preview:large, max-video-preview:-1\" \/>\n<link rel=\"canonical\" href=\"https:\/\/coca-colahellenickosovo.com\/sr\/about-us\/coca\u2011cola-hbc-kosovo-kratak-pregled\/\" \/>\n<meta property=\"og:locale\" content=\"sr_RS\" \/>\n<meta property=\"og:type\" content=\"article\" \/>\n<meta property=\"og:title\" content=\"Coca\u2011Cola HBC Kosovo kratak pregled - Coca-Cola Hellenic Kosova\" \/>\n<meta property=\"og:description\" content=\"Mi smo jedna od najvec\u0301ih svetskih punionica brendova kompanije Coca-Cola, sa jakom osnovom za dugoro\u010dni rast.\" \/>\n<meta property=\"og:url\" content=\"https:\/\/coca-colahellenickosovo.com\/sr\/about-us\/coca\u2011cola-hbc-kosovo-kratak-pregled\/\" \/>\n<meta property=\"og:site_name\" content=\"Coca-Cola Hellenic Kosova\" \/>\n<meta property=\"article:modified_time\" content=\"2026-01-20T13:12:21+00:00\" \/>\n<meta property=\"og:image\" content=\"https:\/\/coca-colahellenickosovo.com\/wp-content\/uploads\/2019\/01\/cc_log.jpg\" \/>\n\t<meta property=\"og:image:width\" content=\"400\" \/>\n\t<meta property=\"og:image:height\" content=\"300\" \/>\n\t<meta property=\"og:image:type\" content=\"image\/jpeg\" \/>\n<meta name=\"twitter:card\" content=\"summary_large_image\" \/>\n<meta name=\"twitter:label1\" content=\"\u041f\u0440\u043e\u0446\u0435\u045a\u0435\u043d\u043e \u0432\u0440\u0435\u043c\u0435 \u0447\u0438\u0442\u0430\u045a\u0430\" \/>\n\t<meta name=\"twitter:data1\" content=\"1 \u043c\u0438\u043d\u0443\u0442\" \/>\n<script type=\"application\/ld+json\" class=\"yoast-schema-graph\">{\"@context\":\"https:\/\/schema.org\",\"@graph\":[{\"@type\":\"WebPage\",\"@id\":\"https:\/\/coca-colahellenickosovo.com\/sr\/about-us\/coca%e2%80%91cola-hbc-kosovo-kratak-pregled\/\",\"url\":\"https:\/\/coca-colahellenickosovo.com\/sr\/about-us\/coca%e2%80%91cola-hbc-kosovo-kratak-pregled\/\",\"name\":\"Coca\u2011Cola HBC Kosovo kratak pregled - Coca-Cola Hellenic Kosova\",\"isPartOf\":{\"@id\":\"http:\/\/coca-colahellenickosovo.com\/#website\"},\"primaryImageOfPage\":{\"@id\":\"https:\/\/coca-colahellenickosovo.com\/sr\/about-us\/coca%e2%80%91cola-hbc-kosovo-kratak-pregled\/#primaryimage\"},\"image\":{\"@id\":\"https:\/\/coca-colahellenickosovo.com\/sr\/about-us\/coca%e2%80%91cola-hbc-kosovo-kratak-pregled\/#primaryimage\"},\"thumbnailUrl\":\"https:\/\/coca-colahellenickosovo.com\/wp-content\/uploads\/2019\/01\/cc_log.jpg\",\"datePublished\":\"2018-11-22T12:37:09+00:00\",\"dateModified\":\"2026-01-20T13:12:21+00:00\",\"breadcrumb\":{\"@id\":\"https:\/\/coca-colahellenickosovo.com\/sr\/about-us\/coca%e2%80%91cola-hbc-kosovo-kratak-pregled\/#breadcrumb\"},\"inLanguage\":\"sr-RS\",\"potentialAction\":[{\"@type\":\"ReadAction\",\"target\":[\"https:\/\/coca-colahellenickosovo.com\/sr\/about-us\/coca%e2%80%91cola-hbc-kosovo-kratak-pregled\/\"]}]},{\"@type\":\"ImageObject\",\"inLanguage\":\"sr-RS\",\"@id\":\"https:\/\/coca-colahellenickosovo.com\/sr\/about-us\/coca%e2%80%91cola-hbc-kosovo-kratak-pregled\/#primaryimage\",\"url\":\"https:\/\/coca-colahellenickosovo.com\/wp-content\/uploads\/2019\/01\/cc_log.jpg\",\"contentUrl\":\"https:\/\/coca-colahellenickosovo.com\/wp-content\/uploads\/2019\/01\/cc_log.jpg\",\"width\":400,\"height\":300},{\"@type\":\"BreadcrumbList\",\"@id\":\"https:\/\/coca-colahellenickosovo.com\/sr\/about-us\/coca%e2%80%91cola-hbc-kosovo-kratak-pregled\/#breadcrumb\",\"itemListElement\":[{\"@type\":\"ListItem\",\"position\":1,\"name\":\"Home\",\"item\":\"http:\/\/coca-colahellenickosovo.com\/sr\/\"},{\"@type\":\"ListItem\",\"position\":2,\"name\":\"O NAMA\",\"item\":\"https:\/\/coca-colahellenickosovo.com\/sr\/about-us\/\"},{\"@type\":\"ListItem\",\"position\":3,\"name\":\"Coca\u2011Cola HBC Kosovo kratak pregled\"}]},{\"@type\":\"WebSite\",\"@id\":\"http:\/\/coca-colahellenickosovo.com\/#website\",\"url\":\"http:\/\/coca-colahellenickosovo.com\/\",\"name\":\"Coca-Cola Hellenic Kosova\",\"description\":\"\",\"publisher\":{\"@id\":\"http:\/\/coca-colahellenickosovo.com\/#organization\"},\"potentialAction\":[{\"@type\":\"SearchAction\",\"target\":{\"@type\":\"EntryPoint\",\"urlTemplate\":\"http:\/\/coca-colahellenickosovo.com\/?s={search_term_string}\"},\"query-input\":{\"@type\":\"PropertyValueSpecification\",\"valueRequired\":true,\"valueName\":\"search_term_string\"}}],\"inLanguage\":\"sr-RS\"},{\"@type\":\"Organization\",\"@id\":\"http:\/\/coca-colahellenickosovo.com\/#organization\",\"name\":\"Coca-Cola Hellenic Kosova\",\"url\":\"http:\/\/coca-colahellenickosovo.com\/\",\"logo\":{\"@type\":\"ImageObject\",\"inLanguage\":\"sr-RS\",\"@id\":\"http:\/\/coca-colahellenickosovo.com\/#\/schema\/logo\/image\/\",\"url\":\"https:\/\/coca-colahellenickosovo.com\/wp-content\/uploads\/2025\/03\/bb4dd3b6-2375-4f01-a767-4fb2967ec63a.jpeg\",\"contentUrl\":\"https:\/\/coca-colahellenickosovo.com\/wp-content\/uploads\/2025\/03\/bb4dd3b6-2375-4f01-a767-4fb2967ec63a.jpeg\",\"width\":750,\"height\":230,\"caption\":\"Coca-Cola Hellenic Kosova\"},\"image\":{\"@id\":\"http:\/\/coca-colahellenickosovo.com\/#\/schema\/logo\/image\/\"}}]}<\/script>\n<!-- \/ Yoast SEO plugin. -->","yoast_head_json":{"title":"Coca\u2011Cola HBC Kosovo kratak pregled - Coca-Cola Hellenic Kosova","robots":{"index":"index","follow":"follow","max-snippet":"max-snippet:-1","max-image-preview":"max-image-preview:large","max-video-preview":"max-video-preview:-1"},"canonical":"https:\/\/coca-colahellenickosovo.com\/sr\/about-us\/coca\u2011cola-hbc-kosovo-kratak-pregled\/","og_locale":"sr_RS","og_type":"article","og_title":"Coca\u2011Cola HBC Kosovo kratak pregled - Coca-Cola Hellenic Kosova","og_description":"Mi smo jedna od najvec\u0301ih svetskih punionica brendova kompanije Coca-Cola, sa jakom osnovom za dugoro\u010dni rast.","og_url":"https:\/\/coca-colahellenickosovo.com\/sr\/about-us\/coca\u2011cola-hbc-kosovo-kratak-pregled\/","og_site_name":"Coca-Cola Hellenic Kosova","article_modified_time":"2026-01-20T13:12:21+00:00","og_image":[{"width":400,"height":300,"url":"https:\/\/coca-colahellenickosovo.com\/wp-content\/uploads\/2019\/01\/cc_log.jpg","type":"image\/jpeg"}],"twitter_card":"summary_large_image","twitter_misc":{"\u041f\u0440\u043e\u0446\u0435\u045a\u0435\u043d\u043e \u0432\u0440\u0435\u043c\u0435 \u0447\u0438\u0442\u0430\u045a\u0430":"1 \u043c\u0438\u043d\u0443\u0442"},"schema":{"@context":"https:\/\/schema.org","@graph":[{"@type":"WebPage","@id":"https:\/\/coca-colahellenickosovo.com\/sr\/about-us\/coca%e2%80%91cola-hbc-kosovo-kratak-pregled\/","url":"https:\/\/coca-colahellenickosovo.com\/sr\/about-us\/coca%e2%80%91cola-hbc-kosovo-kratak-pregled\/","name":"Coca\u2011Cola HBC Kosovo kratak pregled - Coca-Cola Hellenic Kosova","isPartOf":{"@id":"http:\/\/coca-colahellenickosovo.com\/#website"},"primaryImageOfPage":{"@id":"https:\/\/coca-colahellenickosovo.com\/sr\/about-us\/coca%e2%80%91cola-hbc-kosovo-kratak-pregled\/#primaryimage"},"image":{"@id":"https:\/\/coca-colahellenickosovo.com\/sr\/about-us\/coca%e2%80%91cola-hbc-kosovo-kratak-pregled\/#primaryimage"},"thumbnailUrl":"https:\/\/coca-colahellenickosovo.com\/wp-content\/uploads\/2019\/01\/cc_log.jpg","datePublished":"2018-11-22T12:37:09+00:00","dateModified":"2026-01-20T13:12:21+00:00","breadcrumb":{"@id":"https:\/\/coca-colahellenickosovo.com\/sr\/about-us\/coca%e2%80%91cola-hbc-kosovo-kratak-pregled\/#breadcrumb"},"inLanguage":"sr-RS","potentialAction":[{"@type":"ReadAction","target":["https:\/\/coca-colahellenickosovo.com\/sr\/about-us\/coca%e2%80%91cola-hbc-kosovo-kratak-pregled\/"]}]},{"@type":"ImageObject","inLanguage":"sr-RS","@id":"https:\/\/coca-colahellenickosovo.com\/sr\/about-us\/coca%e2%80%91cola-hbc-kosovo-kratak-pregled\/#primaryimage","url":"https:\/\/coca-colahellenickosovo.com\/wp-content\/uploads\/2019\/01\/cc_log.jpg","contentUrl":"https:\/\/coca-colahellenickosovo.com\/wp-content\/uploads\/2019\/01\/cc_log.jpg","width":400,"height":300},{"@type":"BreadcrumbList","@id":"https:\/\/coca-colahellenickosovo.com\/sr\/about-us\/coca%e2%80%91cola-hbc-kosovo-kratak-pregled\/#breadcrumb","itemListElement":[{"@type":"ListItem","position":1,"name":"Home","item":"http:\/\/coca-colahellenickosovo.com\/sr\/"},{"@type":"ListItem","position":2,"name":"O NAMA","item":"https:\/\/coca-colahellenickosovo.com\/sr\/about-us\/"},{"@type":"ListItem","position":3,"name":"Coca\u2011Cola HBC Kosovo kratak pregled"}]},{"@type":"WebSite","@id":"http:\/\/coca-colahellenickosovo.com\/#website","url":"http:\/\/coca-colahellenickosovo.com\/","name":"Coca-Cola Hellenic Kosova","description":"","publisher":{"@id":"http:\/\/coca-colahellenickosovo.com\/#organization"},"potentialAction":[{"@type":"SearchAction","target":{"@type":"EntryPoint","urlTemplate":"http:\/\/coca-colahellenickosovo.com\/?s={search_term_string}"},"query-input":{"@type":"PropertyValueSpecification","valueRequired":true,"valueName":"search_term_string"}}],"inLanguage":"sr-RS"},{"@type":"Organization","@id":"http:\/\/coca-colahellenickosovo.com\/#organization","name":"Coca-Cola Hellenic Kosova","url":"http:\/\/coca-colahellenickosovo.com\/","logo":{"@type":"ImageObject","inLanguage":"sr-RS","@id":"http:\/\/coca-colahellenickosovo.com\/#\/schema\/logo\/image\/","url":"https:\/\/coca-colahellenickosovo.com\/wp-content\/uploads\/2025\/03\/bb4dd3b6-2375-4f01-a767-4fb2967ec63a.jpeg","contentUrl":"https:\/\/coca-colahellenickosovo.com\/wp-content\/uploads\/2025\/03\/bb4dd3b6-2375-4f01-a767-4fb2967ec63a.jpeg","width":750,"height":230,"caption":"Coca-Cola Hellenic Kosova"},"image":{"@id":"http:\/\/coca-colahellenickosovo.com\/#\/schema\/logo\/image\/"}}]}},"_links":{"self":[{"href":"https:\/\/coca-colahellenickosovo.com\/sr\/wp-json\/wp\/v2\/pages\/1151\/"}],"collection":[{"href":"https:\/\/coca-colahellenickosovo.com\/sr\/wp-json\/wp\/v2\/pages\/"}],"about":[{"href":"https:\/\/coca-colahellenickosovo.com\/sr\/wp-json\/wp\/v2\/types\/page\/"}],"author":[{"embeddable":true,"href":"https:\/\/coca-colahellenickosovo.com\/sr\/wp-json\/wp\/v2\/users\/9\/"}],"replies":[{"embeddable":true,"href":"https:\/\/coca-colahellenickosovo.com\/sr\/wp-json\/wp\/v2\/comments\/?post=1151"}],"version-history":[{"count":9,"href":"https:\/\/coca-colahellenickosovo.com\/sr\/wp-json\/wp\/v2\/pages\/1151\/revisions\/"}],"predecessor-version":[{"id":4204,"href":"https:\/\/coca-colahellenickosovo.com\/sr\/wp-json\/wp\/v2\/pages\/1151\/revisions\/4204\/"}],"up":[{"embeddable":true,"href":"https:\/\/coca-colahellenickosovo.com\/sr\/wp-json\/wp\/v2\/pages\/1146\/"}],"wp:featuredmedia":[{"embeddable":true,"href":"https:\/\/coca-colahellenickosovo.com\/sr\/wp-json\/wp\/v2\/media\/3057\/"}],"wp:attachment":[{"href":"https:\/\/coca-colahellenickosovo.com\/sr\/wp-json\/wp\/v2\/media\/?parent=1151"}],"curies":[{"name":"wp","href":"https:\/\/api.w.org\/{rel}","templated":true}]}}