{"id":1522,"date":"2018-11-23T09:00:15","date_gmt":"2018-11-23T09:00:15","guid":{"rendered":"http:\/\/coca-colahellenickosovo.com\/?page_id=1522"},"modified":"2019-01-23T14:03:52","modified_gmt":"2019-01-23T14:03:52","slug":"proizvodnja","status":"publish","type":"page","link":"http:\/\/coca-colahellenickosovo.com\/sr\/nase-aktivnosti\/proizvodnja\/","title":{"rendered":"Coca-Cola HBC Proizvodnja"},"content":{"rendered":"<p>Posve\u0107eni smo odr\u017eivom razvoju i za\u0161titi \u017eivotne sredine. U skladu sa tim, Coca\u2011Cola HBC podr\u017eava i promovi\u0161e odr\u017eiva postrojenja i magacine, dok istovremeno stalno te\u017ei uvo\u0111enju inovativnih procesa i re\u0161enja.<\/p>\n<h2><strong>Inovacija u snabdevanju \u010distom i obnovljivom energijom<\/strong><\/h2>\n<p>Od 2010. godine kontinuirano smanjujemo emisiju ugljenika i potro\u0161nju vode po litru proizvedenog pi\u0107a.<\/p>\n<p>Kako bismo smanjili emisiju ugljenika, istra\u017eili smo sve dostupne tehnologije za proizvodnju zelene energije:<\/p>\n<ul>\n<li>klopili smo ugovor sa kompanijom ContourGlobal za osam kogeneracijskih postrojenja koja optimizuju kombinovanu potro\u0161nju toplote, energije i hla\u0111enje u na\u0161im fabrikama u slede\u0107im gradovima: Ploie\u0161ti (Rumunija), Nogara (Italija), Ikeja (Nigerija), Orikola (Italija), Radzimin (Poljska), Kijev (Ukrajina), Nokmor Hil (Irska) i Benin (Nigerija);<\/li>\n<li>Jo\u0161 dve jedinice su u fazi monta\u017ee koje je obezbedio na\u0161 partner EnerG u Temi\u0161varu (Rumuniji) i Marc\u0301anizeu (Italija);<\/li>\n<li>Razvili smo kogeneracijska re\u0161enja za Port Hartkort i Overi u Nigeriji koja c\u0301e biti u funkciji 2016. godine i pokrenuli smo projekat za fabriku u Ased\u017eiriju;<\/li>\n<li>Uveli smo re\u0161enja koja koriste solarnu energiju \u2013 fotonaponsku energiju u Orikoli, Nogari i Mar\u0107anizeu, u Italiji, i imamo planirane investicije za period od 2016. &#8211; 2020. godina za jo\u0161 najmanje sedam lokacija;<\/li>\n<li>Kada je to moguc\u0301e, koristimo lokalne kapacitete za proizvodnju zelene energije, na primer, kupujemo obnovljive izvore energije u Austriji;<\/li>\n<li>Realizovali smo planove za distribuciju proizvoda (<em>route to market<\/em>) u cilju smanjenja emisije energije u logisti\u010dkim procesima<\/li>\n<\/ul>\n<h2>\u00a0<strong>Tehnologije za prirodnu mineralnu vodu<\/strong><\/h2>\n<p>Fokusirani smo na razvoj re\u0161enja koja c\u0301e povec\u0301ati efikasnost pre\u010di\u0161c\u0301avanja vodenih sistema i odvo\u0111enja otpadnih voda i spre\u010diti mogu\u0107e probleme u pogledu kvaliteta. Inovacije koje smo nedavno uveli obuhvataju primenu tehnologije kracovanja koja omoguc\u0301ava kombinovanje mehani\u010dkog i hemijskog \u010di\u0161c\u0301enja pojedina\u010dnih cevovoda, testiranje novih dezinfekcionih sredstava, ne samo u laboratoriji nego i na industrijskom nivou, kao i procenu kognitivnih alata, koji treba da omogu\u0107e analizu uzroka nastanka problema u pogledu odstupanja od kvaliteta.<\/p>\n<h2><strong>Upotreba asepti\u010dne i ultra \u010diste tehnologije<\/strong><\/h2>\n<p>Pre nego \u0161to stignu do na\u0161ih potro\u0161a\u010da, voc\u0301ni sokovi, izotoni\u010dni napici, i \u010dajevi se pakuju dok su hladni \u2013 pomo\u0107u asepti\u010dnih tehnologija, ili dok su vruc\u0301i \u2013 pomoc\u0301u tehnologije toplog punjenja.<\/p>\n<p>Asepti\u010dni (APET), ultra \u010disti procesi i procesi toplog punjenja (HF) elimini\u0161u mikroorganizme koji uti\u010du negativno na kvalitet proizvoda i bezbednost potro\u0161a\u010da.<\/p>\n<p>Imamo 15 APET linija u Evropi i Rusiji i jednu HF liniju u Nigeriji, \u0161to nam omogu\u0107ava da potro\u0161a\u010dima ponudimo raznovrstan asortiman sokova, \u010dajeva i izotoni\u010dnih napitaka. Na\u0161a aromati\u010dna voda se proizvodi u dve ultra-\u010diste linije u Austriji i Rusiji.<\/p>\n<h2><strong>\u00a0Isprobavamo nova re\u0161enja. Prvi u svetu smo uveli asepti\u010dnu liniju za sokove sa pulpom<\/strong><\/h2>\n<p>U skladu sa kontinuiranim nastojanjima da uvodi inovacije, Coca-Cola HBC je u fabrici u Ploe\u0161tiju, u Rumuniji, postavila prvu APET liniju na svetu koja proizvodi sokove sa pulpom i komadi\u0107ima voc\u0301a. S obzirom na to da je ova linija proizvoda bila izuzetno uspe\u0161na, u 2015. godini postavljena je jo\u0161 jedna APET linija u fabrici Oriel, u Rusiji<\/p>\n<h2><strong>Inovacija u smanjenju potro\u0161nje vode i energije<\/strong><\/h2>\n<p>Mre\u017ee za izvrsnost koje imaju za cilj smanjenje potro\u0161nje vode i energije razvile su 15 najboljih praksi za smanjenje potro\u0161nje vode i 18 re\u0161enja za smanjenje potro\u0161nje energije. Sva navedena re\u0161enja su u fazi implementacije u svim Coca-Cola HBC fabrikama<\/p>\n","protected":false},"excerpt":{"rendered":"<p>Podr\u017eavamo i promovi\u0161emo odr\u017eiva postrojenja i magacine, i istovremeno stalno te\u017eimo uvo\u0111enju inovativnih procesa i re\u0161enja. <\/p>\n","protected":false},"author":9,"featured_media":1699,"parent":1514,"menu_order":125,"comment_status":"closed","ping_status":"closed","template":"page-templates\/richtext.php","meta":{"_acf_changed":false,"footnotes":""},"class_list":["post-1522","page","type-page","status-publish","has-post-thumbnail","hentry"],"acf":[],"yoast_head":"<!-- This site is optimized with the Yoast SEO plugin v26.8 - https:\/\/yoast.com\/product\/yoast-seo-wordpress\/ -->\n<title>Coca-Cola HBC Proizvodnja - Coca-Cola Hellenic Kosova<\/title>\n<meta name=\"robots\" content=\"index, follow, max-snippet:-1, max-image-preview:large, max-video-preview:-1\" \/>\n<link rel=\"canonical\" href=\"https:\/\/coca-colahellenickosovo.com\/sr\/nase-aktivnosti\/proizvodnja\/\" \/>\n<meta property=\"og:locale\" content=\"sr_RS\" \/>\n<meta property=\"og:type\" content=\"article\" \/>\n<meta property=\"og:title\" content=\"Coca-Cola HBC Proizvodnja - Coca-Cola Hellenic Kosova\" \/>\n<meta property=\"og:description\" content=\"Podr\u017eavamo i promovi\u0161emo odr\u017eiva postrojenja i magacine, i istovremeno stalno te\u017eimo uvo\u0111enju inovativnih procesa i re\u0161enja.\" \/>\n<meta property=\"og:url\" content=\"https:\/\/coca-colahellenickosovo.com\/sr\/nase-aktivnosti\/proizvodnja\/\" \/>\n<meta property=\"og:site_name\" content=\"Coca-Cola Hellenic Kosova\" \/>\n<meta property=\"article:modified_time\" content=\"2019-01-23T14:03:52+00:00\" \/>\n<meta property=\"og:image\" content=\"https:\/\/coca-colahellenickosovo.com\/wp-content\/uploads\/2018\/11\/prodhimi.jpg\" \/>\n\t<meta property=\"og:image:width\" content=\"400\" \/>\n\t<meta property=\"og:image:height\" content=\"400\" \/>\n\t<meta property=\"og:image:type\" content=\"image\/jpeg\" \/>\n<meta name=\"twitter:card\" content=\"summary_large_image\" \/>\n<meta name=\"twitter:label1\" content=\"\u041f\u0440\u043e\u0446\u0435\u045a\u0435\u043d\u043e \u0432\u0440\u0435\u043c\u0435 \u0447\u0438\u0442\u0430\u045a\u0430\" \/>\n\t<meta name=\"twitter:data1\" content=\"3 \u043c\u0438\u043d\u0443\u0442\u0430\" \/>\n<script type=\"application\/ld+json\" class=\"yoast-schema-graph\">{\"@context\":\"https:\/\/schema.org\",\"@graph\":[{\"@type\":\"WebPage\",\"@id\":\"https:\/\/coca-colahellenickosovo.com\/sr\/nase-aktivnosti\/proizvodnja\/\",\"url\":\"https:\/\/coca-colahellenickosovo.com\/sr\/nase-aktivnosti\/proizvodnja\/\",\"name\":\"Coca-Cola HBC Proizvodnja - Coca-Cola Hellenic Kosova\",\"isPartOf\":{\"@id\":\"http:\/\/coca-colahellenickosovo.com\/#website\"},\"primaryImageOfPage\":{\"@id\":\"https:\/\/coca-colahellenickosovo.com\/sr\/nase-aktivnosti\/proizvodnja\/#primaryimage\"},\"image\":{\"@id\":\"https:\/\/coca-colahellenickosovo.com\/sr\/nase-aktivnosti\/proizvodnja\/#primaryimage\"},\"thumbnailUrl\":\"http:\/\/coca-colahellenickosovo.com\/wp-content\/uploads\/2018\/11\/prodhimi.jpg\",\"datePublished\":\"2018-11-23T09:00:15+00:00\",\"dateModified\":\"2019-01-23T14:03:52+00:00\",\"breadcrumb\":{\"@id\":\"https:\/\/coca-colahellenickosovo.com\/sr\/nase-aktivnosti\/proizvodnja\/#breadcrumb\"},\"inLanguage\":\"sr-RS\",\"potentialAction\":[{\"@type\":\"ReadAction\",\"target\":[\"https:\/\/coca-colahellenickosovo.com\/sr\/nase-aktivnosti\/proizvodnja\/\"]}]},{\"@type\":\"ImageObject\",\"inLanguage\":\"sr-RS\",\"@id\":\"https:\/\/coca-colahellenickosovo.com\/sr\/nase-aktivnosti\/proizvodnja\/#primaryimage\",\"url\":\"http:\/\/coca-colahellenickosovo.com\/wp-content\/uploads\/2018\/11\/prodhimi.jpg\",\"contentUrl\":\"http:\/\/coca-colahellenickosovo.com\/wp-content\/uploads\/2018\/11\/prodhimi.jpg\",\"width\":400,\"height\":400},{\"@type\":\"BreadcrumbList\",\"@id\":\"https:\/\/coca-colahellenickosovo.com\/sr\/nase-aktivnosti\/proizvodnja\/#breadcrumb\",\"itemListElement\":[{\"@type\":\"ListItem\",\"position\":1,\"name\":\"Home\",\"item\":\"http:\/\/coca-colahellenickosovo.com\/sr\/\"},{\"@type\":\"ListItem\",\"position\":2,\"name\":\"Na\u0161e aktivnosti\",\"item\":\"https:\/\/coca-colahellenickosovo.com\/sr\/nase-aktivnosti\/\"},{\"@type\":\"ListItem\",\"position\":3,\"name\":\"Coca-Cola HBC Proizvodnja\"}]},{\"@type\":\"WebSite\",\"@id\":\"http:\/\/coca-colahellenickosovo.com\/#website\",\"url\":\"http:\/\/coca-colahellenickosovo.com\/\",\"name\":\"Coca-Cola Hellenic Kosova\",\"description\":\"\",\"publisher\":{\"@id\":\"http:\/\/coca-colahellenickosovo.com\/#organization\"},\"potentialAction\":[{\"@type\":\"SearchAction\",\"target\":{\"@type\":\"EntryPoint\",\"urlTemplate\":\"http:\/\/coca-colahellenickosovo.com\/?s={search_term_string}\"},\"query-input\":{\"@type\":\"PropertyValueSpecification\",\"valueRequired\":true,\"valueName\":\"search_term_string\"}}],\"inLanguage\":\"sr-RS\"},{\"@type\":\"Organization\",\"@id\":\"http:\/\/coca-colahellenickosovo.com\/#organization\",\"name\":\"Coca-Cola Hellenic Kosova\",\"url\":\"http:\/\/coca-colahellenickosovo.com\/\",\"logo\":{\"@type\":\"ImageObject\",\"inLanguage\":\"sr-RS\",\"@id\":\"http:\/\/coca-colahellenickosovo.com\/#\/schema\/logo\/image\/\",\"url\":\"http:\/\/coca-colahellenickosovo.com\/wp-content\/uploads\/2025\/03\/bb4dd3b6-2375-4f01-a767-4fb2967ec63a.jpeg\",\"contentUrl\":\"http:\/\/coca-colahellenickosovo.com\/wp-content\/uploads\/2025\/03\/bb4dd3b6-2375-4f01-a767-4fb2967ec63a.jpeg\",\"width\":750,\"height\":230,\"caption\":\"Coca-Cola Hellenic Kosova\"},\"image\":{\"@id\":\"http:\/\/coca-colahellenickosovo.com\/#\/schema\/logo\/image\/\"}}]}<\/script>\n<!-- \/ Yoast SEO plugin. -->","yoast_head_json":{"title":"Coca-Cola HBC Proizvodnja - Coca-Cola Hellenic Kosova","robots":{"index":"index","follow":"follow","max-snippet":"max-snippet:-1","max-image-preview":"max-image-preview:large","max-video-preview":"max-video-preview:-1"},"canonical":"https:\/\/coca-colahellenickosovo.com\/sr\/nase-aktivnosti\/proizvodnja\/","og_locale":"sr_RS","og_type":"article","og_title":"Coca-Cola HBC Proizvodnja - Coca-Cola Hellenic Kosova","og_description":"Podr\u017eavamo i promovi\u0161emo odr\u017eiva postrojenja i magacine, i istovremeno stalno te\u017eimo uvo\u0111enju inovativnih procesa i re\u0161enja.","og_url":"https:\/\/coca-colahellenickosovo.com\/sr\/nase-aktivnosti\/proizvodnja\/","og_site_name":"Coca-Cola Hellenic Kosova","article_modified_time":"2019-01-23T14:03:52+00:00","og_image":[{"width":400,"height":400,"url":"https:\/\/coca-colahellenickosovo.com\/wp-content\/uploads\/2018\/11\/prodhimi.jpg","type":"image\/jpeg"}],"twitter_card":"summary_large_image","twitter_misc":{"\u041f\u0440\u043e\u0446\u0435\u045a\u0435\u043d\u043e \u0432\u0440\u0435\u043c\u0435 \u0447\u0438\u0442\u0430\u045a\u0430":"3 \u043c\u0438\u043d\u0443\u0442\u0430"},"schema":{"@context":"https:\/\/schema.org","@graph":[{"@type":"WebPage","@id":"https:\/\/coca-colahellenickosovo.com\/sr\/nase-aktivnosti\/proizvodnja\/","url":"https:\/\/coca-colahellenickosovo.com\/sr\/nase-aktivnosti\/proizvodnja\/","name":"Coca-Cola HBC Proizvodnja - Coca-Cola Hellenic Kosova","isPartOf":{"@id":"http:\/\/coca-colahellenickosovo.com\/#website"},"primaryImageOfPage":{"@id":"https:\/\/coca-colahellenickosovo.com\/sr\/nase-aktivnosti\/proizvodnja\/#primaryimage"},"image":{"@id":"https:\/\/coca-colahellenickosovo.com\/sr\/nase-aktivnosti\/proizvodnja\/#primaryimage"},"thumbnailUrl":"http:\/\/coca-colahellenickosovo.com\/wp-content\/uploads\/2018\/11\/prodhimi.jpg","datePublished":"2018-11-23T09:00:15+00:00","dateModified":"2019-01-23T14:03:52+00:00","breadcrumb":{"@id":"https:\/\/coca-colahellenickosovo.com\/sr\/nase-aktivnosti\/proizvodnja\/#breadcrumb"},"inLanguage":"sr-RS","potentialAction":[{"@type":"ReadAction","target":["https:\/\/coca-colahellenickosovo.com\/sr\/nase-aktivnosti\/proizvodnja\/"]}]},{"@type":"ImageObject","inLanguage":"sr-RS","@id":"https:\/\/coca-colahellenickosovo.com\/sr\/nase-aktivnosti\/proizvodnja\/#primaryimage","url":"http:\/\/coca-colahellenickosovo.com\/wp-content\/uploads\/2018\/11\/prodhimi.jpg","contentUrl":"http:\/\/coca-colahellenickosovo.com\/wp-content\/uploads\/2018\/11\/prodhimi.jpg","width":400,"height":400},{"@type":"BreadcrumbList","@id":"https:\/\/coca-colahellenickosovo.com\/sr\/nase-aktivnosti\/proizvodnja\/#breadcrumb","itemListElement":[{"@type":"ListItem","position":1,"name":"Home","item":"http:\/\/coca-colahellenickosovo.com\/sr\/"},{"@type":"ListItem","position":2,"name":"Na\u0161e aktivnosti","item":"https:\/\/coca-colahellenickosovo.com\/sr\/nase-aktivnosti\/"},{"@type":"ListItem","position":3,"name":"Coca-Cola HBC Proizvodnja"}]},{"@type":"WebSite","@id":"http:\/\/coca-colahellenickosovo.com\/#website","url":"http:\/\/coca-colahellenickosovo.com\/","name":"Coca-Cola Hellenic Kosova","description":"","publisher":{"@id":"http:\/\/coca-colahellenickosovo.com\/#organization"},"potentialAction":[{"@type":"SearchAction","target":{"@type":"EntryPoint","urlTemplate":"http:\/\/coca-colahellenickosovo.com\/?s={search_term_string}"},"query-input":{"@type":"PropertyValueSpecification","valueRequired":true,"valueName":"search_term_string"}}],"inLanguage":"sr-RS"},{"@type":"Organization","@id":"http:\/\/coca-colahellenickosovo.com\/#organization","name":"Coca-Cola Hellenic Kosova","url":"http:\/\/coca-colahellenickosovo.com\/","logo":{"@type":"ImageObject","inLanguage":"sr-RS","@id":"http:\/\/coca-colahellenickosovo.com\/#\/schema\/logo\/image\/","url":"http:\/\/coca-colahellenickosovo.com\/wp-content\/uploads\/2025\/03\/bb4dd3b6-2375-4f01-a767-4fb2967ec63a.jpeg","contentUrl":"http:\/\/coca-colahellenickosovo.com\/wp-content\/uploads\/2025\/03\/bb4dd3b6-2375-4f01-a767-4fb2967ec63a.jpeg","width":750,"height":230,"caption":"Coca-Cola Hellenic Kosova"},"image":{"@id":"http:\/\/coca-colahellenickosovo.com\/#\/schema\/logo\/image\/"}}]}},"_links":{"self":[{"href":"http:\/\/coca-colahellenickosovo.com\/sr\/wp-json\/wp\/v2\/pages\/1522\/"}],"collection":[{"href":"http:\/\/coca-colahellenickosovo.com\/sr\/wp-json\/wp\/v2\/pages\/"}],"about":[{"href":"http:\/\/coca-colahellenickosovo.com\/sr\/wp-json\/wp\/v2\/types\/page\/"}],"author":[{"embeddable":true,"href":"http:\/\/coca-colahellenickosovo.com\/sr\/wp-json\/wp\/v2\/users\/9\/"}],"replies":[{"embeddable":true,"href":"http:\/\/coca-colahellenickosovo.com\/sr\/wp-json\/wp\/v2\/comments\/?post=1522"}],"version-history":[{"count":3,"href":"http:\/\/coca-colahellenickosovo.com\/sr\/wp-json\/wp\/v2\/pages\/1522\/revisions\/"}],"predecessor-version":[{"id":3177,"href":"http:\/\/coca-colahellenickosovo.com\/sr\/wp-json\/wp\/v2\/pages\/1522\/revisions\/3177\/"}],"up":[{"embeddable":true,"href":"http:\/\/coca-colahellenickosovo.com\/sr\/wp-json\/wp\/v2\/pages\/1514\/"}],"wp:featuredmedia":[{"embeddable":true,"href":"http:\/\/coca-colahellenickosovo.com\/sr\/wp-json\/wp\/v2\/media\/1699\/"}],"wp:attachment":[{"href":"http:\/\/coca-colahellenickosovo.com\/sr\/wp-json\/wp\/v2\/media\/?parent=1522"}],"curies":[{"name":"wp","href":"https:\/\/api.w.org\/{rel}","templated":true}]}}