{"id":1506,"date":"2018-11-22T15:56:14","date_gmt":"2018-11-22T15:56:14","guid":{"rendered":"http:\/\/coca-colahellenickosovo.com\/?page_id=1506"},"modified":"2026-01-20T13:07:53","modified_gmt":"2026-01-20T13:07:53","slug":"odnos-sa-kompanijom-coca%e2%80%91cola","status":"publish","type":"page","link":"http:\/\/coca-colahellenickosovo.com\/sr\/about-us\/odnos-sa-kompanijom-coca%e2%80%91cola\/","title":{"rendered":"Odnos sa kompanijom Coca\u2011Cola"},"content":{"rendered":"<p>Tako\u0111e smo partneri sa drugim kompanijama, kao \u0161to su Monster Energy, Edrington, Brown-Forman, i prodajemo njihove proizvode na na\u0161im tr\u017ei\u0161tima.<\/p>\n<p><img loading=\"lazy\" decoding=\"async\" class=\"aligncenter wp-image-4155 size-large\" src=\"http:\/\/coca-colahellenickosovo.com\/wp-content\/uploads\/2026\/01\/WhatsApp-Image-2026-01-20-at-1.37.56-PM-1024x703.jpeg\" alt=\"\" width=\"1024\" height=\"703\" srcset=\"http:\/\/coca-colahellenickosovo.com\/wp-content\/uploads\/2026\/01\/WhatsApp-Image-2026-01-20-at-1.37.56-PM-1024x703.jpeg 1024w, http:\/\/coca-colahellenickosovo.com\/wp-content\/uploads\/2026\/01\/WhatsApp-Image-2026-01-20-at-1.37.56-PM-300x206.jpeg 300w, http:\/\/coca-colahellenickosovo.com\/wp-content\/uploads\/2026\/01\/WhatsApp-Image-2026-01-20-at-1.37.56-PM-768x527.jpeg 768w, http:\/\/coca-colahellenickosovo.com\/wp-content\/uploads\/2026\/01\/WhatsApp-Image-2026-01-20-at-1.37.56-PM.jpeg 1166w\" sizes=\"auto, (max-width: 1024px) 100vw, 1024px\" \/><\/p>\n<p><strong>KAKO FUNKCIONI\u0160E NA\u0160E PARTNERSTVO SA KOMPANJOM COCA-COLA<\/strong><\/p>\n<p>Kompanija Coca-Cola poseduje, razvija i promovi\u0161e svoje brendove krajnjem potro\u0161a\u010du. Coca-Cola HBC kupuje koncentrat od kompanije Coca-Cola i odgovorni smo za proizvodnju, distribuciju i prodaju pic\u0301a. Radimo zajedno kako bismo osigurali da imamo pravi portfolio za na\u0161a tr\u017ei\u0161ta i da obezbedimo odli\u010dno i efikasno izvr\u0161enje.<\/p>\n<p>Delimo marketin\u0161ke tro\u0161kove i odgovornosti; kompanija Coca-Cola se bavi marketingom prema potro\u0161a\u010dima, dok mi preuzimamo odgovornost za trgovinski marketing kod na\u0161ih kupaca.<\/p>\n","protected":false},"excerpt":{"rendered":"<p>PUNIMO I PRODAJEMO PIC\u0301A KOMPANIJE COCA-COLA EKSKLUZIVNO NA NA\u0160IH 29 TR\u017dI\u0160TA<\/p>\n","protected":false},"author":9,"featured_media":1477,"parent":1146,"menu_order":51,"comment_status":"closed","ping_status":"closed","template":"page-templates\/richtext.php","meta":{"_acf_changed":false,"footnotes":""},"class_list":["post-1506","page","type-page","status-publish","has-post-thumbnail","hentry"],"acf":[],"yoast_head":"<!-- This site is optimized with the Yoast SEO plugin v26.8 - https:\/\/yoast.com\/product\/yoast-seo-wordpress\/ -->\n<title>Odnos sa kompanijom Coca\u2011Cola - Coca-Cola Hellenic Kosova<\/title>\n<meta name=\"robots\" content=\"index, follow, max-snippet:-1, max-image-preview:large, max-video-preview:-1\" \/>\n<link rel=\"canonical\" href=\"https:\/\/coca-colahellenickosovo.com\/sr\/about-us\/odnos-sa-kompanijom-coca\u2011cola\/\" \/>\n<meta property=\"og:locale\" content=\"sr_RS\" \/>\n<meta property=\"og:type\" content=\"article\" \/>\n<meta property=\"og:title\" content=\"Odnos sa kompanijom Coca\u2011Cola - Coca-Cola Hellenic Kosova\" \/>\n<meta property=\"og:description\" content=\"PUNIMO I PRODAJEMO PIC\u0301A KOMPANIJE COCA-COLA EKSKLUZIVNO NA NA\u0160IH 29 TR\u017dI\u0160TA\" \/>\n<meta property=\"og:url\" content=\"https:\/\/coca-colahellenickosovo.com\/sr\/about-us\/odnos-sa-kompanijom-coca\u2011cola\/\" \/>\n<meta property=\"og:site_name\" content=\"Coca-Cola Hellenic Kosova\" \/>\n<meta property=\"article:modified_time\" content=\"2026-01-20T13:07:53+00:00\" \/>\n<meta property=\"og:image\" content=\"https:\/\/coca-colahellenickosovo.com\/wp-content\/uploads\/2018\/11\/strategic-priorities-icon-1.jpg\" \/>\n\t<meta property=\"og:image:width\" content=\"400\" \/>\n\t<meta property=\"og:image:height\" content=\"225\" \/>\n\t<meta property=\"og:image:type\" content=\"image\/jpeg\" \/>\n<meta name=\"twitter:card\" content=\"summary_large_image\" \/>\n<meta name=\"twitter:label1\" content=\"\u041f\u0440\u043e\u0446\u0435\u045a\u0435\u043d\u043e \u0432\u0440\u0435\u043c\u0435 \u0447\u0438\u0442\u0430\u045a\u0430\" \/>\n\t<meta name=\"twitter:data1\" content=\"1 \u043c\u0438\u043d\u0443\u0442\" \/>\n<script type=\"application\/ld+json\" class=\"yoast-schema-graph\">{\"@context\":\"https:\/\/schema.org\",\"@graph\":[{\"@type\":\"WebPage\",\"@id\":\"https:\/\/coca-colahellenickosovo.com\/sr\/about-us\/odnos-sa-kompanijom-coca%e2%80%91cola\/\",\"url\":\"https:\/\/coca-colahellenickosovo.com\/sr\/about-us\/odnos-sa-kompanijom-coca%e2%80%91cola\/\",\"name\":\"Odnos sa kompanijom Coca\u2011Cola - Coca-Cola Hellenic Kosova\",\"isPartOf\":{\"@id\":\"https:\/\/coca-colahellenickosovo.com\/en\/#website\"},\"primaryImageOfPage\":{\"@id\":\"https:\/\/coca-colahellenickosovo.com\/sr\/about-us\/odnos-sa-kompanijom-coca%e2%80%91cola\/#primaryimage\"},\"image\":{\"@id\":\"https:\/\/coca-colahellenickosovo.com\/sr\/about-us\/odnos-sa-kompanijom-coca%e2%80%91cola\/#primaryimage\"},\"thumbnailUrl\":\"http:\/\/coca-colahellenickosovo.com\/wp-content\/uploads\/2018\/11\/strategic-priorities-icon-1.jpg\",\"datePublished\":\"2018-11-22T15:56:14+00:00\",\"dateModified\":\"2026-01-20T13:07:53+00:00\",\"breadcrumb\":{\"@id\":\"https:\/\/coca-colahellenickosovo.com\/sr\/about-us\/odnos-sa-kompanijom-coca%e2%80%91cola\/#breadcrumb\"},\"inLanguage\":\"sr-RS\",\"potentialAction\":[{\"@type\":\"ReadAction\",\"target\":[\"https:\/\/coca-colahellenickosovo.com\/sr\/about-us\/odnos-sa-kompanijom-coca%e2%80%91cola\/\"]}]},{\"@type\":\"ImageObject\",\"inLanguage\":\"sr-RS\",\"@id\":\"https:\/\/coca-colahellenickosovo.com\/sr\/about-us\/odnos-sa-kompanijom-coca%e2%80%91cola\/#primaryimage\",\"url\":\"http:\/\/coca-colahellenickosovo.com\/wp-content\/uploads\/2018\/11\/strategic-priorities-icon-1.jpg\",\"contentUrl\":\"http:\/\/coca-colahellenickosovo.com\/wp-content\/uploads\/2018\/11\/strategic-priorities-icon-1.jpg\",\"width\":400,\"height\":225},{\"@type\":\"BreadcrumbList\",\"@id\":\"https:\/\/coca-colahellenickosovo.com\/sr\/about-us\/odnos-sa-kompanijom-coca%e2%80%91cola\/#breadcrumb\",\"itemListElement\":[{\"@type\":\"ListItem\",\"position\":1,\"name\":\"Home\",\"item\":\"https:\/\/coca-colahellenickosovo.com\/sr\/\"},{\"@type\":\"ListItem\",\"position\":2,\"name\":\"O NAMA\",\"item\":\"https:\/\/coca-colahellenickosovo.com\/sr\/about-us\/\"},{\"@type\":\"ListItem\",\"position\":3,\"name\":\"Odnos sa kompanijom Coca\u2011Cola\"}]},{\"@type\":\"WebSite\",\"@id\":\"https:\/\/coca-colahellenickosovo.com\/en\/#website\",\"url\":\"https:\/\/coca-colahellenickosovo.com\/en\/\",\"name\":\"Coca-Cola Hellenic Kosova\",\"description\":\"\",\"publisher\":{\"@id\":\"https:\/\/coca-colahellenickosovo.com\/en\/#organization\"},\"potentialAction\":[{\"@type\":\"SearchAction\",\"target\":{\"@type\":\"EntryPoint\",\"urlTemplate\":\"https:\/\/coca-colahellenickosovo.com\/en\/?s={search_term_string}\"},\"query-input\":{\"@type\":\"PropertyValueSpecification\",\"valueRequired\":true,\"valueName\":\"search_term_string\"}}],\"inLanguage\":\"sr-RS\"},{\"@type\":\"Organization\",\"@id\":\"https:\/\/coca-colahellenickosovo.com\/en\/#organization\",\"name\":\"Coca-Cola Hellenic Kosova\",\"url\":\"https:\/\/coca-colahellenickosovo.com\/en\/\",\"logo\":{\"@type\":\"ImageObject\",\"inLanguage\":\"sr-RS\",\"@id\":\"https:\/\/coca-colahellenickosovo.com\/en\/#\/schema\/logo\/image\/\",\"url\":\"http:\/\/coca-colahellenickosovo.com\/wp-content\/uploads\/2025\/03\/bb4dd3b6-2375-4f01-a767-4fb2967ec63a.jpeg\",\"contentUrl\":\"http:\/\/coca-colahellenickosovo.com\/wp-content\/uploads\/2025\/03\/bb4dd3b6-2375-4f01-a767-4fb2967ec63a.jpeg\",\"width\":750,\"height\":230,\"caption\":\"Coca-Cola Hellenic Kosova\"},\"image\":{\"@id\":\"https:\/\/coca-colahellenickosovo.com\/en\/#\/schema\/logo\/image\/\"}}]}<\/script>\n<!-- \/ Yoast SEO plugin. -->","yoast_head_json":{"title":"Odnos sa kompanijom Coca\u2011Cola - Coca-Cola Hellenic Kosova","robots":{"index":"index","follow":"follow","max-snippet":"max-snippet:-1","max-image-preview":"max-image-preview:large","max-video-preview":"max-video-preview:-1"},"canonical":"https:\/\/coca-colahellenickosovo.com\/sr\/about-us\/odnos-sa-kompanijom-coca\u2011cola\/","og_locale":"sr_RS","og_type":"article","og_title":"Odnos sa kompanijom Coca\u2011Cola - Coca-Cola Hellenic Kosova","og_description":"PUNIMO I PRODAJEMO PIC\u0301A KOMPANIJE COCA-COLA EKSKLUZIVNO NA NA\u0160IH 29 TR\u017dI\u0160TA","og_url":"https:\/\/coca-colahellenickosovo.com\/sr\/about-us\/odnos-sa-kompanijom-coca\u2011cola\/","og_site_name":"Coca-Cola Hellenic Kosova","article_modified_time":"2026-01-20T13:07:53+00:00","og_image":[{"width":400,"height":225,"url":"https:\/\/coca-colahellenickosovo.com\/wp-content\/uploads\/2018\/11\/strategic-priorities-icon-1.jpg","type":"image\/jpeg"}],"twitter_card":"summary_large_image","twitter_misc":{"\u041f\u0440\u043e\u0446\u0435\u045a\u0435\u043d\u043e \u0432\u0440\u0435\u043c\u0435 \u0447\u0438\u0442\u0430\u045a\u0430":"1 \u043c\u0438\u043d\u0443\u0442"},"schema":{"@context":"https:\/\/schema.org","@graph":[{"@type":"WebPage","@id":"https:\/\/coca-colahellenickosovo.com\/sr\/about-us\/odnos-sa-kompanijom-coca%e2%80%91cola\/","url":"https:\/\/coca-colahellenickosovo.com\/sr\/about-us\/odnos-sa-kompanijom-coca%e2%80%91cola\/","name":"Odnos sa kompanijom Coca\u2011Cola - Coca-Cola Hellenic Kosova","isPartOf":{"@id":"https:\/\/coca-colahellenickosovo.com\/en\/#website"},"primaryImageOfPage":{"@id":"https:\/\/coca-colahellenickosovo.com\/sr\/about-us\/odnos-sa-kompanijom-coca%e2%80%91cola\/#primaryimage"},"image":{"@id":"https:\/\/coca-colahellenickosovo.com\/sr\/about-us\/odnos-sa-kompanijom-coca%e2%80%91cola\/#primaryimage"},"thumbnailUrl":"http:\/\/coca-colahellenickosovo.com\/wp-content\/uploads\/2018\/11\/strategic-priorities-icon-1.jpg","datePublished":"2018-11-22T15:56:14+00:00","dateModified":"2026-01-20T13:07:53+00:00","breadcrumb":{"@id":"https:\/\/coca-colahellenickosovo.com\/sr\/about-us\/odnos-sa-kompanijom-coca%e2%80%91cola\/#breadcrumb"},"inLanguage":"sr-RS","potentialAction":[{"@type":"ReadAction","target":["https:\/\/coca-colahellenickosovo.com\/sr\/about-us\/odnos-sa-kompanijom-coca%e2%80%91cola\/"]}]},{"@type":"ImageObject","inLanguage":"sr-RS","@id":"https:\/\/coca-colahellenickosovo.com\/sr\/about-us\/odnos-sa-kompanijom-coca%e2%80%91cola\/#primaryimage","url":"http:\/\/coca-colahellenickosovo.com\/wp-content\/uploads\/2018\/11\/strategic-priorities-icon-1.jpg","contentUrl":"http:\/\/coca-colahellenickosovo.com\/wp-content\/uploads\/2018\/11\/strategic-priorities-icon-1.jpg","width":400,"height":225},{"@type":"BreadcrumbList","@id":"https:\/\/coca-colahellenickosovo.com\/sr\/about-us\/odnos-sa-kompanijom-coca%e2%80%91cola\/#breadcrumb","itemListElement":[{"@type":"ListItem","position":1,"name":"Home","item":"https:\/\/coca-colahellenickosovo.com\/sr\/"},{"@type":"ListItem","position":2,"name":"O NAMA","item":"https:\/\/coca-colahellenickosovo.com\/sr\/about-us\/"},{"@type":"ListItem","position":3,"name":"Odnos sa kompanijom Coca\u2011Cola"}]},{"@type":"WebSite","@id":"https:\/\/coca-colahellenickosovo.com\/en\/#website","url":"https:\/\/coca-colahellenickosovo.com\/en\/","name":"Coca-Cola Hellenic Kosova","description":"","publisher":{"@id":"https:\/\/coca-colahellenickosovo.com\/en\/#organization"},"potentialAction":[{"@type":"SearchAction","target":{"@type":"EntryPoint","urlTemplate":"https:\/\/coca-colahellenickosovo.com\/en\/?s={search_term_string}"},"query-input":{"@type":"PropertyValueSpecification","valueRequired":true,"valueName":"search_term_string"}}],"inLanguage":"sr-RS"},{"@type":"Organization","@id":"https:\/\/coca-colahellenickosovo.com\/en\/#organization","name":"Coca-Cola Hellenic Kosova","url":"https:\/\/coca-colahellenickosovo.com\/en\/","logo":{"@type":"ImageObject","inLanguage":"sr-RS","@id":"https:\/\/coca-colahellenickosovo.com\/en\/#\/schema\/logo\/image\/","url":"http:\/\/coca-colahellenickosovo.com\/wp-content\/uploads\/2025\/03\/bb4dd3b6-2375-4f01-a767-4fb2967ec63a.jpeg","contentUrl":"http:\/\/coca-colahellenickosovo.com\/wp-content\/uploads\/2025\/03\/bb4dd3b6-2375-4f01-a767-4fb2967ec63a.jpeg","width":750,"height":230,"caption":"Coca-Cola Hellenic Kosova"},"image":{"@id":"https:\/\/coca-colahellenickosovo.com\/en\/#\/schema\/logo\/image\/"}}]}},"_links":{"self":[{"href":"http:\/\/coca-colahellenickosovo.com\/sr\/wp-json\/wp\/v2\/pages\/1506\/"}],"collection":[{"href":"http:\/\/coca-colahellenickosovo.com\/sr\/wp-json\/wp\/v2\/pages\/"}],"about":[{"href":"http:\/\/coca-colahellenickosovo.com\/sr\/wp-json\/wp\/v2\/types\/page\/"}],"author":[{"embeddable":true,"href":"http:\/\/coca-colahellenickosovo.com\/sr\/wp-json\/wp\/v2\/users\/9\/"}],"replies":[{"embeddable":true,"href":"http:\/\/coca-colahellenickosovo.com\/sr\/wp-json\/wp\/v2\/comments\/?post=1506"}],"version-history":[{"count":6,"href":"http:\/\/coca-colahellenickosovo.com\/sr\/wp-json\/wp\/v2\/pages\/1506\/revisions\/"}],"predecessor-version":[{"id":4196,"href":"http:\/\/coca-colahellenickosovo.com\/sr\/wp-json\/wp\/v2\/pages\/1506\/revisions\/4196\/"}],"up":[{"embeddable":true,"href":"http:\/\/coca-colahellenickosovo.com\/sr\/wp-json\/wp\/v2\/pages\/1146\/"}],"wp:featuredmedia":[{"embeddable":true,"href":"http:\/\/coca-colahellenickosovo.com\/sr\/wp-json\/wp\/v2\/media\/1477\/"}],"wp:attachment":[{"href":"http:\/\/coca-colahellenickosovo.com\/sr\/wp-json\/wp\/v2\/media\/?parent=1506"}],"curies":[{"name":"wp","href":"https:\/\/api.w.org\/{rel}","templated":true}]}}