{"id":1417,"date":"2018-11-16T15:10:57","date_gmt":"2018-11-16T15:10:57","guid":{"rendered":"http:\/\/coca-colahellenickosovo.com\/customers\/"},"modified":"2019-01-25T12:33:26","modified_gmt":"2019-01-25T12:33:26","slug":"kupci","status":"publish","type":"page","link":"http:\/\/coca-colahellenickosovo.com\/sr\/kupci\/","title":{"rendered":"Kupci"},"content":{"rendered":"","protected":false},"excerpt":{"rendered":"<p>Smatramo da je od klju\u010dnog zna\u010daja da u svakom trenutku odgovorimo na potrebe na\u0161ih kupaca<\/p>\n","protected":false},"author":9,"featured_media":2581,"parent":0,"menu_order":131,"comment_status":"closed","ping_status":"closed","template":"front-page.php","meta":{"_acf_changed":false,"footnotes":""},"class_list":["post-1417","page","type-page","status-publish","has-post-thumbnail","hentry"],"acf":[],"yoast_head":"<!-- This site is optimized with the Yoast SEO plugin v26.8 - https:\/\/yoast.com\/product\/yoast-seo-wordpress\/ -->\n<title>Kupci - Coca-Cola Hellenic Kosova<\/title>\n<meta name=\"robots\" content=\"index, follow, max-snippet:-1, max-image-preview:large, max-video-preview:-1\" \/>\n<link rel=\"canonical\" href=\"https:\/\/coca-colahellenickosovo.com\/sr\/kupci\/\" \/>\n<meta property=\"og:locale\" content=\"sr_RS\" \/>\n<meta property=\"og:type\" content=\"article\" \/>\n<meta property=\"og:title\" content=\"Kupci - Coca-Cola Hellenic Kosova\" \/>\n<meta property=\"og:description\" content=\"Smatramo da je od klju\u010dnog zna\u010daja da u svakom trenutku odgovorimo na potrebe na\u0161ih kupaca\" \/>\n<meta property=\"og:url\" content=\"https:\/\/coca-colahellenickosovo.com\/sr\/kupci\/\" \/>\n<meta property=\"og:site_name\" content=\"Coca-Cola Hellenic Kosova\" \/>\n<meta property=\"article:modified_time\" content=\"2019-01-25T12:33:26+00:00\" \/>\n<meta property=\"og:image\" content=\"https:\/\/coca-colahellenickosovo.com\/wp-content\/uploads\/2018\/12\/Client-1.jpg\" \/>\n\t<meta property=\"og:image:width\" content=\"400\" \/>\n\t<meta property=\"og:image:height\" content=\"225\" \/>\n\t<meta property=\"og:image:type\" content=\"image\/jpeg\" \/>\n<meta name=\"twitter:card\" content=\"summary_large_image\" \/>\n<script type=\"application\/ld+json\" class=\"yoast-schema-graph\">{\"@context\":\"https:\/\/schema.org\",\"@graph\":[{\"@type\":\"WebPage\",\"@id\":\"https:\/\/coca-colahellenickosovo.com\/sr\/kupci\/\",\"url\":\"https:\/\/coca-colahellenickosovo.com\/sr\/kupci\/\",\"name\":\"Kupci - Coca-Cola Hellenic Kosova\",\"isPartOf\":{\"@id\":\"http:\/\/coca-colahellenickosovo.com\/#website\"},\"primaryImageOfPage\":{\"@id\":\"https:\/\/coca-colahellenickosovo.com\/sr\/kupci\/#primaryimage\"},\"image\":{\"@id\":\"https:\/\/coca-colahellenickosovo.com\/sr\/kupci\/#primaryimage\"},\"thumbnailUrl\":\"http:\/\/coca-colahellenickosovo.com\/wp-content\/uploads\/2018\/12\/Client-1.jpg\",\"datePublished\":\"2018-11-16T15:10:57+00:00\",\"dateModified\":\"2019-01-25T12:33:26+00:00\",\"breadcrumb\":{\"@id\":\"https:\/\/coca-colahellenickosovo.com\/sr\/kupci\/#breadcrumb\"},\"inLanguage\":\"sr-RS\",\"potentialAction\":[{\"@type\":\"ReadAction\",\"target\":[\"https:\/\/coca-colahellenickosovo.com\/sr\/kupci\/\"]}]},{\"@type\":\"ImageObject\",\"inLanguage\":\"sr-RS\",\"@id\":\"https:\/\/coca-colahellenickosovo.com\/sr\/kupci\/#primaryimage\",\"url\":\"http:\/\/coca-colahellenickosovo.com\/wp-content\/uploads\/2018\/12\/Client-1.jpg\",\"contentUrl\":\"http:\/\/coca-colahellenickosovo.com\/wp-content\/uploads\/2018\/12\/Client-1.jpg\",\"width\":400,\"height\":225},{\"@type\":\"BreadcrumbList\",\"@id\":\"https:\/\/coca-colahellenickosovo.com\/sr\/kupci\/#breadcrumb\",\"itemListElement\":[{\"@type\":\"ListItem\",\"position\":1,\"name\":\"Home\",\"item\":\"https:\/\/coca-colahellenickosovo.com\/sr\/\"},{\"@type\":\"ListItem\",\"position\":2,\"name\":\"Kupci\"}]},{\"@type\":\"WebSite\",\"@id\":\"http:\/\/coca-colahellenickosovo.com\/#website\",\"url\":\"http:\/\/coca-colahellenickosovo.com\/\",\"name\":\"Coca-Cola Hellenic Kosova\",\"description\":\"\",\"publisher\":{\"@id\":\"http:\/\/coca-colahellenickosovo.com\/#organization\"},\"potentialAction\":[{\"@type\":\"SearchAction\",\"target\":{\"@type\":\"EntryPoint\",\"urlTemplate\":\"http:\/\/coca-colahellenickosovo.com\/?s={search_term_string}\"},\"query-input\":{\"@type\":\"PropertyValueSpecification\",\"valueRequired\":true,\"valueName\":\"search_term_string\"}}],\"inLanguage\":\"sr-RS\"},{\"@type\":\"Organization\",\"@id\":\"http:\/\/coca-colahellenickosovo.com\/#organization\",\"name\":\"Coca-Cola Hellenic Kosova\",\"url\":\"http:\/\/coca-colahellenickosovo.com\/\",\"logo\":{\"@type\":\"ImageObject\",\"inLanguage\":\"sr-RS\",\"@id\":\"http:\/\/coca-colahellenickosovo.com\/#\/schema\/logo\/image\/\",\"url\":\"http:\/\/coca-colahellenickosovo.com\/wp-content\/uploads\/2025\/03\/bb4dd3b6-2375-4f01-a767-4fb2967ec63a.jpeg\",\"contentUrl\":\"http:\/\/coca-colahellenickosovo.com\/wp-content\/uploads\/2025\/03\/bb4dd3b6-2375-4f01-a767-4fb2967ec63a.jpeg\",\"width\":750,\"height\":230,\"caption\":\"Coca-Cola Hellenic Kosova\"},\"image\":{\"@id\":\"http:\/\/coca-colahellenickosovo.com\/#\/schema\/logo\/image\/\"}}]}<\/script>\n<!-- \/ Yoast SEO plugin. -->","yoast_head_json":{"title":"Kupci - Coca-Cola Hellenic Kosova","robots":{"index":"index","follow":"follow","max-snippet":"max-snippet:-1","max-image-preview":"max-image-preview:large","max-video-preview":"max-video-preview:-1"},"canonical":"https:\/\/coca-colahellenickosovo.com\/sr\/kupci\/","og_locale":"sr_RS","og_type":"article","og_title":"Kupci - Coca-Cola Hellenic Kosova","og_description":"Smatramo da je od klju\u010dnog zna\u010daja da u svakom trenutku odgovorimo na potrebe na\u0161ih kupaca","og_url":"https:\/\/coca-colahellenickosovo.com\/sr\/kupci\/","og_site_name":"Coca-Cola Hellenic Kosova","article_modified_time":"2019-01-25T12:33:26+00:00","og_image":[{"width":400,"height":225,"url":"https:\/\/coca-colahellenickosovo.com\/wp-content\/uploads\/2018\/12\/Client-1.jpg","type":"image\/jpeg"}],"twitter_card":"summary_large_image","schema":{"@context":"https:\/\/schema.org","@graph":[{"@type":"WebPage","@id":"https:\/\/coca-colahellenickosovo.com\/sr\/kupci\/","url":"https:\/\/coca-colahellenickosovo.com\/sr\/kupci\/","name":"Kupci - Coca-Cola Hellenic Kosova","isPartOf":{"@id":"http:\/\/coca-colahellenickosovo.com\/#website"},"primaryImageOfPage":{"@id":"https:\/\/coca-colahellenickosovo.com\/sr\/kupci\/#primaryimage"},"image":{"@id":"https:\/\/coca-colahellenickosovo.com\/sr\/kupci\/#primaryimage"},"thumbnailUrl":"http:\/\/coca-colahellenickosovo.com\/wp-content\/uploads\/2018\/12\/Client-1.jpg","datePublished":"2018-11-16T15:10:57+00:00","dateModified":"2019-01-25T12:33:26+00:00","breadcrumb":{"@id":"https:\/\/coca-colahellenickosovo.com\/sr\/kupci\/#breadcrumb"},"inLanguage":"sr-RS","potentialAction":[{"@type":"ReadAction","target":["https:\/\/coca-colahellenickosovo.com\/sr\/kupci\/"]}]},{"@type":"ImageObject","inLanguage":"sr-RS","@id":"https:\/\/coca-colahellenickosovo.com\/sr\/kupci\/#primaryimage","url":"http:\/\/coca-colahellenickosovo.com\/wp-content\/uploads\/2018\/12\/Client-1.jpg","contentUrl":"http:\/\/coca-colahellenickosovo.com\/wp-content\/uploads\/2018\/12\/Client-1.jpg","width":400,"height":225},{"@type":"BreadcrumbList","@id":"https:\/\/coca-colahellenickosovo.com\/sr\/kupci\/#breadcrumb","itemListElement":[{"@type":"ListItem","position":1,"name":"Home","item":"https:\/\/coca-colahellenickosovo.com\/sr\/"},{"@type":"ListItem","position":2,"name":"Kupci"}]},{"@type":"WebSite","@id":"http:\/\/coca-colahellenickosovo.com\/#website","url":"http:\/\/coca-colahellenickosovo.com\/","name":"Coca-Cola Hellenic Kosova","description":"","publisher":{"@id":"http:\/\/coca-colahellenickosovo.com\/#organization"},"potentialAction":[{"@type":"SearchAction","target":{"@type":"EntryPoint","urlTemplate":"http:\/\/coca-colahellenickosovo.com\/?s={search_term_string}"},"query-input":{"@type":"PropertyValueSpecification","valueRequired":true,"valueName":"search_term_string"}}],"inLanguage":"sr-RS"},{"@type":"Organization","@id":"http:\/\/coca-colahellenickosovo.com\/#organization","name":"Coca-Cola Hellenic Kosova","url":"http:\/\/coca-colahellenickosovo.com\/","logo":{"@type":"ImageObject","inLanguage":"sr-RS","@id":"http:\/\/coca-colahellenickosovo.com\/#\/schema\/logo\/image\/","url":"http:\/\/coca-colahellenickosovo.com\/wp-content\/uploads\/2025\/03\/bb4dd3b6-2375-4f01-a767-4fb2967ec63a.jpeg","contentUrl":"http:\/\/coca-colahellenickosovo.com\/wp-content\/uploads\/2025\/03\/bb4dd3b6-2375-4f01-a767-4fb2967ec63a.jpeg","width":750,"height":230,"caption":"Coca-Cola Hellenic Kosova"},"image":{"@id":"http:\/\/coca-colahellenickosovo.com\/#\/schema\/logo\/image\/"}}]}},"_links":{"self":[{"href":"http:\/\/coca-colahellenickosovo.com\/sr\/wp-json\/wp\/v2\/pages\/1417\/"}],"collection":[{"href":"http:\/\/coca-colahellenickosovo.com\/sr\/wp-json\/wp\/v2\/pages\/"}],"about":[{"href":"http:\/\/coca-colahellenickosovo.com\/sr\/wp-json\/wp\/v2\/types\/page\/"}],"author":[{"embeddable":true,"href":"http:\/\/coca-colahellenickosovo.com\/sr\/wp-json\/wp\/v2\/users\/9\/"}],"replies":[{"embeddable":true,"href":"http:\/\/coca-colahellenickosovo.com\/sr\/wp-json\/wp\/v2\/comments\/?post=1417"}],"version-history":[{"count":3,"href":"http:\/\/coca-colahellenickosovo.com\/sr\/wp-json\/wp\/v2\/pages\/1417\/revisions\/"}],"predecessor-version":[{"id":3162,"href":"http:\/\/coca-colahellenickosovo.com\/sr\/wp-json\/wp\/v2\/pages\/1417\/revisions\/3162\/"}],"wp:featuredmedia":[{"embeddable":true,"href":"http:\/\/coca-colahellenickosovo.com\/sr\/wp-json\/wp\/v2\/media\/2581\/"}],"wp:attachment":[{"href":"http:\/\/coca-colahellenickosovo.com\/sr\/wp-json\/wp\/v2\/media\/?parent=1417"}],"curies":[{"name":"wp","href":"https:\/\/api.w.org\/{rel}","templated":true}]}}