{"id":1379,"date":"2018-11-16T15:04:33","date_gmt":"2018-11-16T15:04:33","guid":{"rendered":"http:\/\/coca-colahellenickosovo.com\/odrzivo-poslovanje\/zivotna-sredina\/responsible-sourcing\/"},"modified":"2019-01-30T09:07:53","modified_gmt":"2019-01-30T09:07:53","slug":"odgovorna-nabavka","status":"publish","type":"page","link":"http:\/\/coca-colahellenickosovo.com\/sr\/odrzivo-poslovanje\/zivotna-sredina\/odgovorna-nabavka\/","title":{"rendered":"Odgovorna nabavka"},"content":{"rendered":"<p>Odr\u017eiva i odgovorna nabavka je prioritet za na\u0161u kompaniju. Za nas, to zna\u010di postizanje odli\u010dnih rezultata. Ve\u0107 dve godine zaredom ostvarili smo maksimalni rezultat u industriji prema indikatoru za nabavku sirovina u okviru procene od strane Dow Jones indeksa odr\u017eivosti. Odr\u017eiva nabavka \u0161ec\u0301era i pro\u0161irena procena rizika bili su od klju\u010dnog zna\u010daja za ovakav rezultat.<\/p>\n<h2><strong>Odabir dobavlja\u010da<\/strong><\/h2>\n<p>Za odabir dobavlja\u010da razvili smo rigorozne kriterijume na osnovu kojih vr\u0161imo procenu. Koristimo pouzdan proces revizije, procenu rizika, platformu SEDEX, koja vr\u0161i razmenu eti\u010dkih podataka o dobavlja\u010dima kao i platformu EcoVadis, koja vr\u0161i procenu odr\u017eivosti dobavlja\u010da. Pored toga, proveravamo da li potencijalni dobavlja\u010di imaju sertifikate ISO 9001, 14001, FSSC 22000 i OHSAS 18001. Za poljoprivredne proizvode, koristimo standarde koje propisuju Rain Forest Alliance, Fair Trade, Bon Sucro, SAI platform i Forest Stewardship Council.<\/p>\n<p>\u201cCilj nam je da dostignemo 100 odsto odr\u017eiv sistem snabdevanja i smanjimo uticaj sistema snabdevanja do 2020 godine.<\/p>\n<p>Na\u0161e inicijative za stvaranje odr\u017eive vrednosti snabdevanja sa na\u0161im partnerima u sistemu snabdevanja su od klju\u010dnog zna\u010daja za ostvarivanje na\u0161ih dugoro\u010dnih ciljeva.<\/p>\n<p>Pored toga, zahtevamo od svih na\u0161ih dobavlja\u010da da po\u0161tuju eti\u010dke standarde, prakse za zapo\u0161ljavanje, za\u0161titu \u017eivotne sredine i za\u0161titu na radu utvr\u0111ene u na\u0161im\u00a0<a href=\"http:\/\/coca-colahellenic.com\/media\/1137\/coca-cola-hbc-supplier-guiding-principles_2015.pdf\">Vode\u0107im principima za dobavlja\u010de (PDF, 88kb)<\/a>Poljoprivredni dobavlja\u010di moraju da ispune na\u0161e\u00a0<a href=\"http:\/\/coca-colahellenic.com\/media\/2554\/sagps.pdf\">Vode\u0107e principe odr\u017eive poljoprivrede (PDF, 349kb)<\/a>, dok se od dobavlja\u010da sastojaka i primarne ambala\u017ee zahteva da po\u0161tuju standarde bezbednosti hrane.<\/p>\n","protected":false},"excerpt":{"rendered":"<p>Zna\u010daj koji pridajemo odr\u017eivoj i odgovornoj nabavci ima za cilj postizanje odli\u010dnih rezultata.<\/p>\n","protected":false},"author":9,"featured_media":0,"parent":1368,"menu_order":27,"comment_status":"closed","ping_status":"closed","template":"page-templates\/richtext.php","meta":{"_acf_changed":false,"footnotes":""},"class_list":["post-1379","page","type-page","status-publish","hentry"],"acf":[],"yoast_head":"<!-- This site is optimized with the Yoast SEO plugin v26.8 - https:\/\/yoast.com\/product\/yoast-seo-wordpress\/ -->\n<title>Odgovorna nabavka - Coca-Cola Hellenic Kosova<\/title>\n<meta name=\"robots\" content=\"index, follow, max-snippet:-1, max-image-preview:large, max-video-preview:-1\" \/>\n<link rel=\"canonical\" href=\"http:\/\/coca-colahellenickosovo.com\/sr\/odrzivo-poslovanje\/zivotna-sredina\/odgovorna-nabavka\/\" \/>\n<meta property=\"og:locale\" content=\"sr_RS\" \/>\n<meta property=\"og:type\" content=\"article\" \/>\n<meta property=\"og:title\" content=\"Odgovorna nabavka - Coca-Cola Hellenic Kosova\" \/>\n<meta property=\"og:description\" content=\"Zna\u010daj koji pridajemo odr\u017eivoj i odgovornoj nabavci ima za cilj postizanje odli\u010dnih rezultata.\" \/>\n<meta property=\"og:url\" content=\"http:\/\/coca-colahellenickosovo.com\/sr\/odrzivo-poslovanje\/zivotna-sredina\/odgovorna-nabavka\/\" \/>\n<meta property=\"og:site_name\" content=\"Coca-Cola Hellenic Kosova\" \/>\n<meta property=\"article:modified_time\" content=\"2019-01-30T09:07:53+00:00\" \/>\n<meta name=\"twitter:card\" content=\"summary_large_image\" \/>\n<meta name=\"twitter:label1\" content=\"\u041f\u0440\u043e\u0446\u0435\u045a\u0435\u043d\u043e \u0432\u0440\u0435\u043c\u0435 \u0447\u0438\u0442\u0430\u045a\u0430\" \/>\n\t<meta name=\"twitter:data1\" content=\"1 \u043c\u0438\u043d\u0443\u0442\" \/>\n<script type=\"application\/ld+json\" class=\"yoast-schema-graph\">{\"@context\":\"https:\/\/schema.org\",\"@graph\":[{\"@type\":\"WebPage\",\"@id\":\"http:\/\/coca-colahellenickosovo.com\/sr\/odrzivo-poslovanje\/zivotna-sredina\/odgovorna-nabavka\/\",\"url\":\"http:\/\/coca-colahellenickosovo.com\/sr\/odrzivo-poslovanje\/zivotna-sredina\/odgovorna-nabavka\/\",\"name\":\"Odgovorna nabavka - Coca-Cola Hellenic Kosova\",\"isPartOf\":{\"@id\":\"https:\/\/coca-colahellenickosovo.com\/sr\/#website\"},\"datePublished\":\"2018-11-16T15:04:33+00:00\",\"dateModified\":\"2019-01-30T09:07:53+00:00\",\"breadcrumb\":{\"@id\":\"http:\/\/coca-colahellenickosovo.com\/sr\/odrzivo-poslovanje\/zivotna-sredina\/odgovorna-nabavka\/#breadcrumb\"},\"inLanguage\":\"sr-RS\",\"potentialAction\":[{\"@type\":\"ReadAction\",\"target\":[\"http:\/\/coca-colahellenickosovo.com\/sr\/odrzivo-poslovanje\/zivotna-sredina\/odgovorna-nabavka\/\"]}]},{\"@type\":\"BreadcrumbList\",\"@id\":\"http:\/\/coca-colahellenickosovo.com\/sr\/odrzivo-poslovanje\/zivotna-sredina\/odgovorna-nabavka\/#breadcrumb\",\"itemListElement\":[{\"@type\":\"ListItem\",\"position\":1,\"name\":\"Home\",\"item\":\"https:\/\/coca-colahellenickosovo.com\/sr\/\"},{\"@type\":\"ListItem\",\"position\":2,\"name\":\"Odr\u017eivo poslovanje\",\"item\":\"https:\/\/coca-colahellenickosovo.com\/sr\/odrzivo-poslovanje\/\"},{\"@type\":\"ListItem\",\"position\":3,\"name\":\"\u017divotna sredina\",\"item\":\"http:\/\/coca-colahellenickosovo.com\/sr\/odrzivo-poslovanje\/zivotna-sredina\/\"},{\"@type\":\"ListItem\",\"position\":4,\"name\":\"Odgovorna nabavka\"}]},{\"@type\":\"WebSite\",\"@id\":\"https:\/\/coca-colahellenickosovo.com\/sr\/#website\",\"url\":\"https:\/\/coca-colahellenickosovo.com\/sr\/\",\"name\":\"Coca-Cola Hellenic Kosova\",\"description\":\"\",\"publisher\":{\"@id\":\"https:\/\/coca-colahellenickosovo.com\/sr\/#organization\"},\"potentialAction\":[{\"@type\":\"SearchAction\",\"target\":{\"@type\":\"EntryPoint\",\"urlTemplate\":\"https:\/\/coca-colahellenickosovo.com\/sr\/?s={search_term_string}\"},\"query-input\":{\"@type\":\"PropertyValueSpecification\",\"valueRequired\":true,\"valueName\":\"search_term_string\"}}],\"inLanguage\":\"sr-RS\"},{\"@type\":\"Organization\",\"@id\":\"https:\/\/coca-colahellenickosovo.com\/sr\/#organization\",\"name\":\"Coca-Cola Hellenic Kosova\",\"url\":\"https:\/\/coca-colahellenickosovo.com\/sr\/\",\"logo\":{\"@type\":\"ImageObject\",\"inLanguage\":\"sr-RS\",\"@id\":\"https:\/\/coca-colahellenickosovo.com\/sr\/#\/schema\/logo\/image\/\",\"url\":\"http:\/\/coca-colahellenickosovo.com\/wp-content\/uploads\/2025\/03\/bb4dd3b6-2375-4f01-a767-4fb2967ec63a.jpeg\",\"contentUrl\":\"http:\/\/coca-colahellenickosovo.com\/wp-content\/uploads\/2025\/03\/bb4dd3b6-2375-4f01-a767-4fb2967ec63a.jpeg\",\"width\":750,\"height\":230,\"caption\":\"Coca-Cola Hellenic Kosova\"},\"image\":{\"@id\":\"https:\/\/coca-colahellenickosovo.com\/sr\/#\/schema\/logo\/image\/\"}}]}<\/script>\n<!-- \/ Yoast SEO plugin. -->","yoast_head_json":{"title":"Odgovorna nabavka - Coca-Cola Hellenic Kosova","robots":{"index":"index","follow":"follow","max-snippet":"max-snippet:-1","max-image-preview":"max-image-preview:large","max-video-preview":"max-video-preview:-1"},"canonical":"http:\/\/coca-colahellenickosovo.com\/sr\/odrzivo-poslovanje\/zivotna-sredina\/odgovorna-nabavka\/","og_locale":"sr_RS","og_type":"article","og_title":"Odgovorna nabavka - Coca-Cola Hellenic Kosova","og_description":"Zna\u010daj koji pridajemo odr\u017eivoj i odgovornoj nabavci ima za cilj postizanje odli\u010dnih rezultata.","og_url":"http:\/\/coca-colahellenickosovo.com\/sr\/odrzivo-poslovanje\/zivotna-sredina\/odgovorna-nabavka\/","og_site_name":"Coca-Cola Hellenic Kosova","article_modified_time":"2019-01-30T09:07:53+00:00","twitter_card":"summary_large_image","twitter_misc":{"\u041f\u0440\u043e\u0446\u0435\u045a\u0435\u043d\u043e \u0432\u0440\u0435\u043c\u0435 \u0447\u0438\u0442\u0430\u045a\u0430":"1 \u043c\u0438\u043d\u0443\u0442"},"schema":{"@context":"https:\/\/schema.org","@graph":[{"@type":"WebPage","@id":"http:\/\/coca-colahellenickosovo.com\/sr\/odrzivo-poslovanje\/zivotna-sredina\/odgovorna-nabavka\/","url":"http:\/\/coca-colahellenickosovo.com\/sr\/odrzivo-poslovanje\/zivotna-sredina\/odgovorna-nabavka\/","name":"Odgovorna nabavka - Coca-Cola Hellenic Kosova","isPartOf":{"@id":"https:\/\/coca-colahellenickosovo.com\/sr\/#website"},"datePublished":"2018-11-16T15:04:33+00:00","dateModified":"2019-01-30T09:07:53+00:00","breadcrumb":{"@id":"http:\/\/coca-colahellenickosovo.com\/sr\/odrzivo-poslovanje\/zivotna-sredina\/odgovorna-nabavka\/#breadcrumb"},"inLanguage":"sr-RS","potentialAction":[{"@type":"ReadAction","target":["http:\/\/coca-colahellenickosovo.com\/sr\/odrzivo-poslovanje\/zivotna-sredina\/odgovorna-nabavka\/"]}]},{"@type":"BreadcrumbList","@id":"http:\/\/coca-colahellenickosovo.com\/sr\/odrzivo-poslovanje\/zivotna-sredina\/odgovorna-nabavka\/#breadcrumb","itemListElement":[{"@type":"ListItem","position":1,"name":"Home","item":"https:\/\/coca-colahellenickosovo.com\/sr\/"},{"@type":"ListItem","position":2,"name":"Odr\u017eivo poslovanje","item":"https:\/\/coca-colahellenickosovo.com\/sr\/odrzivo-poslovanje\/"},{"@type":"ListItem","position":3,"name":"\u017divotna sredina","item":"http:\/\/coca-colahellenickosovo.com\/sr\/odrzivo-poslovanje\/zivotna-sredina\/"},{"@type":"ListItem","position":4,"name":"Odgovorna nabavka"}]},{"@type":"WebSite","@id":"https:\/\/coca-colahellenickosovo.com\/sr\/#website","url":"https:\/\/coca-colahellenickosovo.com\/sr\/","name":"Coca-Cola Hellenic Kosova","description":"","publisher":{"@id":"https:\/\/coca-colahellenickosovo.com\/sr\/#organization"},"potentialAction":[{"@type":"SearchAction","target":{"@type":"EntryPoint","urlTemplate":"https:\/\/coca-colahellenickosovo.com\/sr\/?s={search_term_string}"},"query-input":{"@type":"PropertyValueSpecification","valueRequired":true,"valueName":"search_term_string"}}],"inLanguage":"sr-RS"},{"@type":"Organization","@id":"https:\/\/coca-colahellenickosovo.com\/sr\/#organization","name":"Coca-Cola Hellenic Kosova","url":"https:\/\/coca-colahellenickosovo.com\/sr\/","logo":{"@type":"ImageObject","inLanguage":"sr-RS","@id":"https:\/\/coca-colahellenickosovo.com\/sr\/#\/schema\/logo\/image\/","url":"http:\/\/coca-colahellenickosovo.com\/wp-content\/uploads\/2025\/03\/bb4dd3b6-2375-4f01-a767-4fb2967ec63a.jpeg","contentUrl":"http:\/\/coca-colahellenickosovo.com\/wp-content\/uploads\/2025\/03\/bb4dd3b6-2375-4f01-a767-4fb2967ec63a.jpeg","width":750,"height":230,"caption":"Coca-Cola Hellenic Kosova"},"image":{"@id":"https:\/\/coca-colahellenickosovo.com\/sr\/#\/schema\/logo\/image\/"}}]}},"_links":{"self":[{"href":"http:\/\/coca-colahellenickosovo.com\/sr\/wp-json\/wp\/v2\/pages\/1379\/"}],"collection":[{"href":"http:\/\/coca-colahellenickosovo.com\/sr\/wp-json\/wp\/v2\/pages\/"}],"about":[{"href":"http:\/\/coca-colahellenickosovo.com\/sr\/wp-json\/wp\/v2\/types\/page\/"}],"author":[{"embeddable":true,"href":"http:\/\/coca-colahellenickosovo.com\/sr\/wp-json\/wp\/v2\/users\/9\/"}],"replies":[{"embeddable":true,"href":"http:\/\/coca-colahellenickosovo.com\/sr\/wp-json\/wp\/v2\/comments\/?post=1379"}],"version-history":[{"count":3,"href":"http:\/\/coca-colahellenickosovo.com\/sr\/wp-json\/wp\/v2\/pages\/1379\/revisions\/"}],"predecessor-version":[{"id":3219,"href":"http:\/\/coca-colahellenickosovo.com\/sr\/wp-json\/wp\/v2\/pages\/1379\/revisions\/3219\/"}],"up":[{"embeddable":true,"href":"http:\/\/coca-colahellenickosovo.com\/sr\/wp-json\/wp\/v2\/pages\/1368\/"}],"wp:attachment":[{"href":"http:\/\/coca-colahellenickosovo.com\/sr\/wp-json\/wp\/v2\/media\/?parent=1379"}],"curies":[{"name":"wp","href":"https:\/\/api.w.org\/{rel}","templated":true}]}}