{"id":1374,"date":"2018-11-16T15:03:11","date_gmt":"2018-11-16T15:03:11","guid":{"rendered":"http:\/\/coca-colahellenickosovo.com\/odrzivo-poslovanje\/zivotna-sredina\/sustainable-packaging\/"},"modified":"2019-02-05T12:48:15","modified_gmt":"2019-02-05T12:48:15","slug":"odrziva-ambalaza","status":"publish","type":"page","link":"http:\/\/coca-colahellenickosovo.com\/sr\/odrzivo-poslovanje\/zivotna-sredina\/odrziva-ambalaza\/","title":{"rendered":"Odr\u017eiva ambala\u017ea"},"content":{"rendered":"<p>Smanjujemo uticaj na\u0161e ambala\u017ee na uticaj na \u017eivotnu sredinu, po\u0161tuju\u0107i na\u0161a tri principa R:\u00a0<em>Reduce<\/em>\u00a0(smanjiti),\u00a0<em>Recover<\/em>\u00a0(povratiti) i\u00a0<em>Re-use<\/em>\u00a0(ponovo upotrebiti). Ovim pristupom je ostvaren zna\u010dajan doprinos u pogledu upotrebe primarne ambala\u017ee i na\u0161eg uticaja na \u017eivotnu sredinu.<\/p>\n<p>Nastavljamo da identifikujemo i koristimo nove moguc\u0301nosti za optimizaciju ambala\u017ee, inovacije, na\u0161u KDO agendu i na kraju smanjenje tro\u0161kova.<\/p>\n<p>Ambala\u017ea ima klju\u010dnu ulogu u odr\u017eavanju vrhunskog kvaliteta i bezbednosti na\u0161ih proizvoda. Imaju\u0107i u vidu koli\u010dinu ambala\u017ee koju koristimo, ovaj aspekt na\u0161eg\u00a0poslovanja ima zna\u010dajan uticaj na \u017eivotnu sredinu.<\/p>\n<p>Stoga nastojimo da umanjimo uticaj ambala\u017ee u svakoj od faza \u017eivotnog ciklusa \u2013 izradi, recikliranju i odlaganju, istovremeno unapre\u0111uju\u0107i i njenu osnovnu funkciju i obezbe\u0111uju\u0107i kvalitet samog proizvoda kroz lanac isporuke do krajnjeg potro\u0161a\u010da.<\/p>\n<p>Na\u0161 krajnji cilj je zatvaranje kruga recikliranja, odnosno pretvaranje ve\u0107 kori\u0161\u0107ene ambala\u017ee u novu. Kontinuirano radimo na razvoju pakovanja koja imaju manju te\u017einu i smanjuju koli\u010dinu otpada. Tako\u0111e smo posve\u0107eni saradnji sa partnerima na uspostavljanju infrastrukture za recikliranje u Srbiji, kao i edukaciji i promociji recikliranja ambala\u017ee kod potro\u0161a\u010da. Na\u0161 integrisani pristup obuhvata:<\/p>\n<ul>\n<li>Smanjenje proizvodnog otpada<\/li>\n<li>Optimizaciju pakovanja<\/li>\n<li>Pove\u0107anje sadr\u017eaja recikliranog i obnovljivog materijala u sastavu nove ambala\u017ee \u2013 PET ambala\u017ea biljnog porekla<\/li>\n<li>Promovisanje recikliranja i uklju\u010divanje potro\u0161a\u010da<\/li>\n<li>Smanjenje\u00a0otpada u proizvodnji<\/li>\n<\/ul>\n<p>Na svim lokacijama na kojima poslujemo ispunjavamo zakonske regulative u vezi sa upravljanjem otpadom, kao i visoke standarde Coca\u2011Cola HBC Grupe i interne standarde kompanije Coca\u2011Cola (The Coca\u2011Cola Company Core).<\/p>\n<p>Evidencija se vodi o svim vrstama otpada koje se generi\u0161u u na\u0161im operacijama, kako u okviru na\u0161ih poslovnih lokacija tako i kada je u pitanju ambala\u017eni otpad koji nastaje nakon konzumacije na\u0161ih proizvoda. Sav otpad se predaje ovla\u0161\u0107enim operaterima za upravljanje otpadom, pri \u010demu se nastoji da se \u0161to je mogu\u0107e ve\u0107i procenat otpada reciklira ili ponovo upotrebi.<\/p>\n<p>&nbsp;<\/p>\n<h3><strong>Optimizacija pakovanja<\/strong><\/h3>\n<p>Najbitnije akcije koje se sprovode sa ciljem smanjenja ukupnog otpada, kao i smanjenja ambala\u017enog otpada na tr\u017ei\u0161tu, a koje istovremeno doprinose i smanjenju karbonskog otiska na\u0161e kompanije, su projekti za smanjenje te\u017eine i optimizaciju ambala\u017ee.<\/p>\n<p>&nbsp;<\/p>\n<h3><strong>Inovacija \u2013 Plant boca\u00a0<\/strong><\/h3>\n<p>Izuzetno smo ponosni na na\u0161u Plant bocu koju koristimo za na\u0161e boce za\u00a0\u00a0vodu u ambala\u017ei od 0,5 L, 0,33 L, 1,5 L i 0,75 L. Ova inovativna boca napravljena je po savremenoj \u201ePlantBottleTM\u201d tehnologiji, a u njen sastav ulazi etanol dobijen iz s\u030cec\u0301erne trske iz Brazila, koji predstavlja prvu generaciju biogoriva ERAC prihvac\u0301enog s\u030cirom sveta zbog svog ekolos\u030ckog efekta. Plant boca je po hemijskim i fizi\u010dkim svojstvima identi\u010dna klasi\u010dnoj PET ambala\u017ei, ali se do 30% sirovina potrebnih za proizvodnju PET granulata dobija iz materijala biljnog porekla koji ima manji uticaj na globalno zagrevanje i manji energetski otisak. Kada novu Plant PET ambala\u017eu uporedimo sa starom PET ambala\u017eom u pogledu performansi nema promena u aspektima procesa konverzije PET granulata, procesa konverzije boca, procesa punjenja, mogu\u0107nosti recikliranja ambala\u017ee, finansiranja, kvaliteta i proizvodnje.<\/p>\n","protected":false},"excerpt":{"rendered":"<p>Odr\u017eiva ambala\u017ea je od klju\u010dnog zna\u010daja za na\u0161u kulturu odr\u017eivosti.<\/p>\n","protected":false},"author":9,"featured_media":0,"parent":1368,"menu_order":23,"comment_status":"closed","ping_status":"closed","template":"page-templates\/richtext.php","meta":{"_acf_changed":false,"footnotes":""},"class_list":["post-1374","page","type-page","status-publish","hentry"],"acf":[],"yoast_head":"<!-- This site is optimized with the Yoast SEO plugin v26.8 - https:\/\/yoast.com\/product\/yoast-seo-wordpress\/ -->\n<title>Odr\u017eiva ambala\u017ea - Coca-Cola Hellenic Kosova<\/title>\n<meta name=\"robots\" content=\"index, follow, max-snippet:-1, max-image-preview:large, max-video-preview:-1\" \/>\n<link rel=\"canonical\" href=\"https:\/\/coca-colahellenickosovo.com\/sr\/odrzivo-poslovanje\/zivotna-sredina\/odrziva-ambalaza\/\" \/>\n<meta property=\"og:locale\" content=\"sr_RS\" \/>\n<meta property=\"og:type\" content=\"article\" \/>\n<meta property=\"og:title\" content=\"Odr\u017eiva ambala\u017ea - Coca-Cola Hellenic Kosova\" \/>\n<meta property=\"og:description\" content=\"Odr\u017eiva ambala\u017ea je od klju\u010dnog zna\u010daja za na\u0161u kulturu odr\u017eivosti.\" \/>\n<meta property=\"og:url\" content=\"https:\/\/coca-colahellenickosovo.com\/sr\/odrzivo-poslovanje\/zivotna-sredina\/odrziva-ambalaza\/\" \/>\n<meta property=\"og:site_name\" content=\"Coca-Cola Hellenic Kosova\" \/>\n<meta property=\"article:modified_time\" content=\"2019-02-05T12:48:15+00:00\" \/>\n<meta name=\"twitter:card\" content=\"summary_large_image\" \/>\n<meta name=\"twitter:label1\" content=\"\u041f\u0440\u043e\u0446\u0435\u045a\u0435\u043d\u043e \u0432\u0440\u0435\u043c\u0435 \u0447\u0438\u0442\u0430\u045a\u0430\" \/>\n\t<meta name=\"twitter:data1\" content=\"3 \u043c\u0438\u043d\u0443\u0442\u0430\" \/>\n<script type=\"application\/ld+json\" class=\"yoast-schema-graph\">{\"@context\":\"https:\/\/schema.org\",\"@graph\":[{\"@type\":\"WebPage\",\"@id\":\"https:\/\/coca-colahellenickosovo.com\/sr\/odrzivo-poslovanje\/zivotna-sredina\/odrziva-ambalaza\/\",\"url\":\"https:\/\/coca-colahellenickosovo.com\/sr\/odrzivo-poslovanje\/zivotna-sredina\/odrziva-ambalaza\/\",\"name\":\"Odr\u017eiva ambala\u017ea - Coca-Cola Hellenic Kosova\",\"isPartOf\":{\"@id\":\"https:\/\/coca-colahellenickosovo.com\/#website\"},\"datePublished\":\"2018-11-16T15:03:11+00:00\",\"dateModified\":\"2019-02-05T12:48:15+00:00\",\"breadcrumb\":{\"@id\":\"https:\/\/coca-colahellenickosovo.com\/sr\/odrzivo-poslovanje\/zivotna-sredina\/odrziva-ambalaza\/#breadcrumb\"},\"inLanguage\":\"sr-RS\",\"potentialAction\":[{\"@type\":\"ReadAction\",\"target\":[\"https:\/\/coca-colahellenickosovo.com\/sr\/odrzivo-poslovanje\/zivotna-sredina\/odrziva-ambalaza\/\"]}]},{\"@type\":\"BreadcrumbList\",\"@id\":\"https:\/\/coca-colahellenickosovo.com\/sr\/odrzivo-poslovanje\/zivotna-sredina\/odrziva-ambalaza\/#breadcrumb\",\"itemListElement\":[{\"@type\":\"ListItem\",\"position\":1,\"name\":\"Home\",\"item\":\"http:\/\/coca-colahellenickosovo.com\/sr\/\"},{\"@type\":\"ListItem\",\"position\":2,\"name\":\"Odr\u017eivo poslovanje\",\"item\":\"http:\/\/coca-colahellenickosovo.com\/sr\/odrzivo-poslovanje\/\"},{\"@type\":\"ListItem\",\"position\":3,\"name\":\"\u017divotna sredina\",\"item\":\"https:\/\/coca-colahellenickosovo.com\/sr\/odrzivo-poslovanje\/zivotna-sredina\/\"},{\"@type\":\"ListItem\",\"position\":4,\"name\":\"Odr\u017eiva ambala\u017ea\"}]},{\"@type\":\"WebSite\",\"@id\":\"https:\/\/coca-colahellenickosovo.com\/#website\",\"url\":\"https:\/\/coca-colahellenickosovo.com\/\",\"name\":\"Coca-Cola Hellenic Kosova\",\"description\":\"\",\"publisher\":{\"@id\":\"https:\/\/coca-colahellenickosovo.com\/#organization\"},\"potentialAction\":[{\"@type\":\"SearchAction\",\"target\":{\"@type\":\"EntryPoint\",\"urlTemplate\":\"https:\/\/coca-colahellenickosovo.com\/?s={search_term_string}\"},\"query-input\":{\"@type\":\"PropertyValueSpecification\",\"valueRequired\":true,\"valueName\":\"search_term_string\"}}],\"inLanguage\":\"sr-RS\"},{\"@type\":\"Organization\",\"@id\":\"https:\/\/coca-colahellenickosovo.com\/#organization\",\"name\":\"Coca-Cola Hellenic Kosova\",\"url\":\"https:\/\/coca-colahellenickosovo.com\/\",\"logo\":{\"@type\":\"ImageObject\",\"inLanguage\":\"sr-RS\",\"@id\":\"https:\/\/coca-colahellenickosovo.com\/#\/schema\/logo\/image\/\",\"url\":\"http:\/\/coca-colahellenickosovo.com\/wp-content\/uploads\/2025\/03\/bb4dd3b6-2375-4f01-a767-4fb2967ec63a.jpeg\",\"contentUrl\":\"http:\/\/coca-colahellenickosovo.com\/wp-content\/uploads\/2025\/03\/bb4dd3b6-2375-4f01-a767-4fb2967ec63a.jpeg\",\"width\":750,\"height\":230,\"caption\":\"Coca-Cola Hellenic Kosova\"},\"image\":{\"@id\":\"https:\/\/coca-colahellenickosovo.com\/#\/schema\/logo\/image\/\"}}]}<\/script>\n<!-- \/ Yoast SEO plugin. -->","yoast_head_json":{"title":"Odr\u017eiva ambala\u017ea - Coca-Cola Hellenic Kosova","robots":{"index":"index","follow":"follow","max-snippet":"max-snippet:-1","max-image-preview":"max-image-preview:large","max-video-preview":"max-video-preview:-1"},"canonical":"https:\/\/coca-colahellenickosovo.com\/sr\/odrzivo-poslovanje\/zivotna-sredina\/odrziva-ambalaza\/","og_locale":"sr_RS","og_type":"article","og_title":"Odr\u017eiva ambala\u017ea - Coca-Cola Hellenic Kosova","og_description":"Odr\u017eiva ambala\u017ea je od klju\u010dnog zna\u010daja za na\u0161u kulturu odr\u017eivosti.","og_url":"https:\/\/coca-colahellenickosovo.com\/sr\/odrzivo-poslovanje\/zivotna-sredina\/odrziva-ambalaza\/","og_site_name":"Coca-Cola Hellenic Kosova","article_modified_time":"2019-02-05T12:48:15+00:00","twitter_card":"summary_large_image","twitter_misc":{"\u041f\u0440\u043e\u0446\u0435\u045a\u0435\u043d\u043e \u0432\u0440\u0435\u043c\u0435 \u0447\u0438\u0442\u0430\u045a\u0430":"3 \u043c\u0438\u043d\u0443\u0442\u0430"},"schema":{"@context":"https:\/\/schema.org","@graph":[{"@type":"WebPage","@id":"https:\/\/coca-colahellenickosovo.com\/sr\/odrzivo-poslovanje\/zivotna-sredina\/odrziva-ambalaza\/","url":"https:\/\/coca-colahellenickosovo.com\/sr\/odrzivo-poslovanje\/zivotna-sredina\/odrziva-ambalaza\/","name":"Odr\u017eiva ambala\u017ea - Coca-Cola Hellenic Kosova","isPartOf":{"@id":"https:\/\/coca-colahellenickosovo.com\/#website"},"datePublished":"2018-11-16T15:03:11+00:00","dateModified":"2019-02-05T12:48:15+00:00","breadcrumb":{"@id":"https:\/\/coca-colahellenickosovo.com\/sr\/odrzivo-poslovanje\/zivotna-sredina\/odrziva-ambalaza\/#breadcrumb"},"inLanguage":"sr-RS","potentialAction":[{"@type":"ReadAction","target":["https:\/\/coca-colahellenickosovo.com\/sr\/odrzivo-poslovanje\/zivotna-sredina\/odrziva-ambalaza\/"]}]},{"@type":"BreadcrumbList","@id":"https:\/\/coca-colahellenickosovo.com\/sr\/odrzivo-poslovanje\/zivotna-sredina\/odrziva-ambalaza\/#breadcrumb","itemListElement":[{"@type":"ListItem","position":1,"name":"Home","item":"http:\/\/coca-colahellenickosovo.com\/sr\/"},{"@type":"ListItem","position":2,"name":"Odr\u017eivo poslovanje","item":"http:\/\/coca-colahellenickosovo.com\/sr\/odrzivo-poslovanje\/"},{"@type":"ListItem","position":3,"name":"\u017divotna sredina","item":"https:\/\/coca-colahellenickosovo.com\/sr\/odrzivo-poslovanje\/zivotna-sredina\/"},{"@type":"ListItem","position":4,"name":"Odr\u017eiva ambala\u017ea"}]},{"@type":"WebSite","@id":"https:\/\/coca-colahellenickosovo.com\/#website","url":"https:\/\/coca-colahellenickosovo.com\/","name":"Coca-Cola Hellenic Kosova","description":"","publisher":{"@id":"https:\/\/coca-colahellenickosovo.com\/#organization"},"potentialAction":[{"@type":"SearchAction","target":{"@type":"EntryPoint","urlTemplate":"https:\/\/coca-colahellenickosovo.com\/?s={search_term_string}"},"query-input":{"@type":"PropertyValueSpecification","valueRequired":true,"valueName":"search_term_string"}}],"inLanguage":"sr-RS"},{"@type":"Organization","@id":"https:\/\/coca-colahellenickosovo.com\/#organization","name":"Coca-Cola Hellenic Kosova","url":"https:\/\/coca-colahellenickosovo.com\/","logo":{"@type":"ImageObject","inLanguage":"sr-RS","@id":"https:\/\/coca-colahellenickosovo.com\/#\/schema\/logo\/image\/","url":"http:\/\/coca-colahellenickosovo.com\/wp-content\/uploads\/2025\/03\/bb4dd3b6-2375-4f01-a767-4fb2967ec63a.jpeg","contentUrl":"http:\/\/coca-colahellenickosovo.com\/wp-content\/uploads\/2025\/03\/bb4dd3b6-2375-4f01-a767-4fb2967ec63a.jpeg","width":750,"height":230,"caption":"Coca-Cola Hellenic Kosova"},"image":{"@id":"https:\/\/coca-colahellenickosovo.com\/#\/schema\/logo\/image\/"}}]}},"_links":{"self":[{"href":"http:\/\/coca-colahellenickosovo.com\/sr\/wp-json\/wp\/v2\/pages\/1374\/"}],"collection":[{"href":"http:\/\/coca-colahellenickosovo.com\/sr\/wp-json\/wp\/v2\/pages\/"}],"about":[{"href":"http:\/\/coca-colahellenickosovo.com\/sr\/wp-json\/wp\/v2\/types\/page\/"}],"author":[{"embeddable":true,"href":"http:\/\/coca-colahellenickosovo.com\/sr\/wp-json\/wp\/v2\/users\/9\/"}],"replies":[{"embeddable":true,"href":"http:\/\/coca-colahellenickosovo.com\/sr\/wp-json\/wp\/v2\/comments\/?post=1374"}],"version-history":[{"count":3,"href":"http:\/\/coca-colahellenickosovo.com\/sr\/wp-json\/wp\/v2\/pages\/1374\/revisions\/"}],"predecessor-version":[{"id":3236,"href":"http:\/\/coca-colahellenickosovo.com\/sr\/wp-json\/wp\/v2\/pages\/1374\/revisions\/3236\/"}],"up":[{"embeddable":true,"href":"http:\/\/coca-colahellenickosovo.com\/sr\/wp-json\/wp\/v2\/pages\/1368\/"}],"wp:attachment":[{"href":"http:\/\/coca-colahellenickosovo.com\/sr\/wp-json\/wp\/v2\/media\/?parent=1374"}],"curies":[{"name":"wp","href":"https:\/\/api.w.org\/{rel}","templated":true}]}}