{"id":1326,"date":"2018-11-16T14:59:18","date_gmt":"2018-11-16T14:59:18","guid":{"rendered":"http:\/\/coca-colahellenickosovo.com\/odrzivo-poslovanje\/sustainability-approach-and-impact\/sustainability-ratings\/"},"modified":"2018-12-03T09:27:33","modified_gmt":"2018-12-03T09:27:33","slug":"ocene-odrzivosti","status":"publish","type":"page","link":"http:\/\/coca-colahellenickosovo.com\/sr\/odrzivo-poslovanje\/sustainability-approach-and-impact\/ocene-odrzivosti\/","title":{"rendered":"Ocene odr\u017eivosti"},"content":{"rendered":"<p>U kompaniji Coca-Cola HBC posvec\u0301eni smo tome da budemo u prvom planu odr\u017eive prakse i performansi u industriji pic\u0301a.<\/p>\n","protected":false},"excerpt":{"rendered":"<p>Coca-Cola HBC je ocenjena u odnosu na brojne glavne kriterijume odr\u017eivosti, uklju\u010duju\u0107i Indeks odr\u017eivosti Dow Jones (DJSI), CDP i FTSE4Good.<\/p>\n","protected":false},"author":9,"featured_media":0,"parent":1211,"menu_order":36,"comment_status":"closed","ping_status":"closed","template":"page-templates\/richtext.php","meta":{"_acf_changed":false,"footnotes":""},"class_list":["post-1326","page","type-page","status-publish","hentry"],"acf":[],"yoast_head":"<!-- This site is optimized with the Yoast SEO plugin v26.8 - https:\/\/yoast.com\/product\/yoast-seo-wordpress\/ -->\n<title>Ocene odr\u017eivosti - Coca-Cola Hellenic Kosova<\/title>\n<meta name=\"robots\" content=\"index, follow, max-snippet:-1, max-image-preview:large, max-video-preview:-1\" \/>\n<link rel=\"canonical\" href=\"http:\/\/coca-colahellenickosovo.com\/sr\/odrzivo-poslovanje\/sustainability-approach-and-impact\/ocene-odrzivosti\/\" \/>\n<meta property=\"og:locale\" content=\"sr_RS\" \/>\n<meta property=\"og:type\" content=\"article\" \/>\n<meta property=\"og:title\" content=\"Ocene odr\u017eivosti - Coca-Cola Hellenic Kosova\" \/>\n<meta property=\"og:description\" content=\"Coca-Cola HBC je ocenjena u odnosu na brojne glavne kriterijume odr\u017eivosti, uklju\u010duju\u0107i Indeks odr\u017eivosti Dow Jones (DJSI), CDP i FTSE4Good.\" \/>\n<meta property=\"og:url\" content=\"http:\/\/coca-colahellenickosovo.com\/sr\/odrzivo-poslovanje\/sustainability-approach-and-impact\/ocene-odrzivosti\/\" \/>\n<meta property=\"og:site_name\" content=\"Coca-Cola Hellenic Kosova\" \/>\n<meta property=\"article:modified_time\" content=\"2018-12-03T09:27:33+00:00\" \/>\n<meta name=\"twitter:card\" content=\"summary_large_image\" \/>\n<script type=\"application\/ld+json\" class=\"yoast-schema-graph\">{\"@context\":\"https:\/\/schema.org\",\"@graph\":[{\"@type\":\"WebPage\",\"@id\":\"http:\/\/coca-colahellenickosovo.com\/sr\/odrzivo-poslovanje\/sustainability-approach-and-impact\/ocene-odrzivosti\/\",\"url\":\"http:\/\/coca-colahellenickosovo.com\/sr\/odrzivo-poslovanje\/sustainability-approach-and-impact\/ocene-odrzivosti\/\",\"name\":\"Ocene odr\u017eivosti - Coca-Cola Hellenic Kosova\",\"isPartOf\":{\"@id\":\"http:\/\/coca-colahellenickosovo.com\/#website\"},\"datePublished\":\"2018-11-16T14:59:18+00:00\",\"dateModified\":\"2018-12-03T09:27:33+00:00\",\"breadcrumb\":{\"@id\":\"http:\/\/coca-colahellenickosovo.com\/sr\/odrzivo-poslovanje\/sustainability-approach-and-impact\/ocene-odrzivosti\/#breadcrumb\"},\"inLanguage\":\"sr-RS\",\"potentialAction\":[{\"@type\":\"ReadAction\",\"target\":[\"http:\/\/coca-colahellenickosovo.com\/sr\/odrzivo-poslovanje\/sustainability-approach-and-impact\/ocene-odrzivosti\/\"]}]},{\"@type\":\"BreadcrumbList\",\"@id\":\"http:\/\/coca-colahellenickosovo.com\/sr\/odrzivo-poslovanje\/sustainability-approach-and-impact\/ocene-odrzivosti\/#breadcrumb\",\"itemListElement\":[{\"@type\":\"ListItem\",\"position\":1,\"name\":\"Home\",\"item\":\"https:\/\/coca-colahellenickosovo.com\/sr\/\"},{\"@type\":\"ListItem\",\"position\":2,\"name\":\"Odr\u017eivo poslovanje\",\"item\":\"https:\/\/coca-colahellenickosovo.com\/sr\/odrzivo-poslovanje\/\"},{\"@type\":\"ListItem\",\"position\":3,\"name\":\"Pristup i uticaj odr\u017eivog poslovanja\",\"item\":\"http:\/\/coca-colahellenickosovo.com\/sr\/odrzivo-poslovanje\/sustainability-approach-and-impact\/\"},{\"@type\":\"ListItem\",\"position\":4,\"name\":\"Ocene odr\u017eivosti\"}]},{\"@type\":\"WebSite\",\"@id\":\"http:\/\/coca-colahellenickosovo.com\/#website\",\"url\":\"http:\/\/coca-colahellenickosovo.com\/\",\"name\":\"Coca-Cola Hellenic Kosova\",\"description\":\"\",\"publisher\":{\"@id\":\"http:\/\/coca-colahellenickosovo.com\/#organization\"},\"potentialAction\":[{\"@type\":\"SearchAction\",\"target\":{\"@type\":\"EntryPoint\",\"urlTemplate\":\"http:\/\/coca-colahellenickosovo.com\/?s={search_term_string}\"},\"query-input\":{\"@type\":\"PropertyValueSpecification\",\"valueRequired\":true,\"valueName\":\"search_term_string\"}}],\"inLanguage\":\"sr-RS\"},{\"@type\":\"Organization\",\"@id\":\"http:\/\/coca-colahellenickosovo.com\/#organization\",\"name\":\"Coca-Cola Hellenic Kosova\",\"url\":\"http:\/\/coca-colahellenickosovo.com\/\",\"logo\":{\"@type\":\"ImageObject\",\"inLanguage\":\"sr-RS\",\"@id\":\"http:\/\/coca-colahellenickosovo.com\/#\/schema\/logo\/image\/\",\"url\":\"http:\/\/coca-colahellenickosovo.com\/wp-content\/uploads\/2025\/03\/bb4dd3b6-2375-4f01-a767-4fb2967ec63a.jpeg\",\"contentUrl\":\"http:\/\/coca-colahellenickosovo.com\/wp-content\/uploads\/2025\/03\/bb4dd3b6-2375-4f01-a767-4fb2967ec63a.jpeg\",\"width\":750,\"height\":230,\"caption\":\"Coca-Cola Hellenic Kosova\"},\"image\":{\"@id\":\"http:\/\/coca-colahellenickosovo.com\/#\/schema\/logo\/image\/\"}}]}<\/script>\n<!-- \/ Yoast SEO plugin. -->","yoast_head_json":{"title":"Ocene odr\u017eivosti - Coca-Cola Hellenic Kosova","robots":{"index":"index","follow":"follow","max-snippet":"max-snippet:-1","max-image-preview":"max-image-preview:large","max-video-preview":"max-video-preview:-1"},"canonical":"http:\/\/coca-colahellenickosovo.com\/sr\/odrzivo-poslovanje\/sustainability-approach-and-impact\/ocene-odrzivosti\/","og_locale":"sr_RS","og_type":"article","og_title":"Ocene odr\u017eivosti - Coca-Cola Hellenic Kosova","og_description":"Coca-Cola HBC je ocenjena u odnosu na brojne glavne kriterijume odr\u017eivosti, uklju\u010duju\u0107i Indeks odr\u017eivosti Dow Jones (DJSI), CDP i FTSE4Good.","og_url":"http:\/\/coca-colahellenickosovo.com\/sr\/odrzivo-poslovanje\/sustainability-approach-and-impact\/ocene-odrzivosti\/","og_site_name":"Coca-Cola Hellenic Kosova","article_modified_time":"2018-12-03T09:27:33+00:00","twitter_card":"summary_large_image","schema":{"@context":"https:\/\/schema.org","@graph":[{"@type":"WebPage","@id":"http:\/\/coca-colahellenickosovo.com\/sr\/odrzivo-poslovanje\/sustainability-approach-and-impact\/ocene-odrzivosti\/","url":"http:\/\/coca-colahellenickosovo.com\/sr\/odrzivo-poslovanje\/sustainability-approach-and-impact\/ocene-odrzivosti\/","name":"Ocene odr\u017eivosti - Coca-Cola Hellenic Kosova","isPartOf":{"@id":"http:\/\/coca-colahellenickosovo.com\/#website"},"datePublished":"2018-11-16T14:59:18+00:00","dateModified":"2018-12-03T09:27:33+00:00","breadcrumb":{"@id":"http:\/\/coca-colahellenickosovo.com\/sr\/odrzivo-poslovanje\/sustainability-approach-and-impact\/ocene-odrzivosti\/#breadcrumb"},"inLanguage":"sr-RS","potentialAction":[{"@type":"ReadAction","target":["http:\/\/coca-colahellenickosovo.com\/sr\/odrzivo-poslovanje\/sustainability-approach-and-impact\/ocene-odrzivosti\/"]}]},{"@type":"BreadcrumbList","@id":"http:\/\/coca-colahellenickosovo.com\/sr\/odrzivo-poslovanje\/sustainability-approach-and-impact\/ocene-odrzivosti\/#breadcrumb","itemListElement":[{"@type":"ListItem","position":1,"name":"Home","item":"https:\/\/coca-colahellenickosovo.com\/sr\/"},{"@type":"ListItem","position":2,"name":"Odr\u017eivo poslovanje","item":"https:\/\/coca-colahellenickosovo.com\/sr\/odrzivo-poslovanje\/"},{"@type":"ListItem","position":3,"name":"Pristup i uticaj odr\u017eivog poslovanja","item":"http:\/\/coca-colahellenickosovo.com\/sr\/odrzivo-poslovanje\/sustainability-approach-and-impact\/"},{"@type":"ListItem","position":4,"name":"Ocene odr\u017eivosti"}]},{"@type":"WebSite","@id":"http:\/\/coca-colahellenickosovo.com\/#website","url":"http:\/\/coca-colahellenickosovo.com\/","name":"Coca-Cola Hellenic Kosova","description":"","publisher":{"@id":"http:\/\/coca-colahellenickosovo.com\/#organization"},"potentialAction":[{"@type":"SearchAction","target":{"@type":"EntryPoint","urlTemplate":"http:\/\/coca-colahellenickosovo.com\/?s={search_term_string}"},"query-input":{"@type":"PropertyValueSpecification","valueRequired":true,"valueName":"search_term_string"}}],"inLanguage":"sr-RS"},{"@type":"Organization","@id":"http:\/\/coca-colahellenickosovo.com\/#organization","name":"Coca-Cola Hellenic Kosova","url":"http:\/\/coca-colahellenickosovo.com\/","logo":{"@type":"ImageObject","inLanguage":"sr-RS","@id":"http:\/\/coca-colahellenickosovo.com\/#\/schema\/logo\/image\/","url":"http:\/\/coca-colahellenickosovo.com\/wp-content\/uploads\/2025\/03\/bb4dd3b6-2375-4f01-a767-4fb2967ec63a.jpeg","contentUrl":"http:\/\/coca-colahellenickosovo.com\/wp-content\/uploads\/2025\/03\/bb4dd3b6-2375-4f01-a767-4fb2967ec63a.jpeg","width":750,"height":230,"caption":"Coca-Cola Hellenic Kosova"},"image":{"@id":"http:\/\/coca-colahellenickosovo.com\/#\/schema\/logo\/image\/"}}]}},"_links":{"self":[{"href":"http:\/\/coca-colahellenickosovo.com\/sr\/wp-json\/wp\/v2\/pages\/1326\/"}],"collection":[{"href":"http:\/\/coca-colahellenickosovo.com\/sr\/wp-json\/wp\/v2\/pages\/"}],"about":[{"href":"http:\/\/coca-colahellenickosovo.com\/sr\/wp-json\/wp\/v2\/types\/page\/"}],"author":[{"embeddable":true,"href":"http:\/\/coca-colahellenickosovo.com\/sr\/wp-json\/wp\/v2\/users\/9\/"}],"replies":[{"embeddable":true,"href":"http:\/\/coca-colahellenickosovo.com\/sr\/wp-json\/wp\/v2\/comments\/?post=1326"}],"version-history":[{"count":3,"href":"http:\/\/coca-colahellenickosovo.com\/sr\/wp-json\/wp\/v2\/pages\/1326\/revisions\/"}],"predecessor-version":[{"id":2386,"href":"http:\/\/coca-colahellenickosovo.com\/sr\/wp-json\/wp\/v2\/pages\/1326\/revisions\/2386\/"}],"up":[{"embeddable":true,"href":"http:\/\/coca-colahellenickosovo.com\/sr\/wp-json\/wp\/v2\/pages\/1211\/"}],"wp:attachment":[{"href":"http:\/\/coca-colahellenickosovo.com\/sr\/wp-json\/wp\/v2\/media\/?parent=1326"}],"curies":[{"name":"wp","href":"https:\/\/api.w.org\/{rel}","templated":true}]}}