{"id":1241,"date":"2018-11-16T14:24:58","date_gmt":"2018-11-16T14:24:58","guid":{"rendered":"http:\/\/coca-colahellenickosovo.com\/pasqyre-e-pergjithshme-e-mjedisit\/"},"modified":"2019-01-30T09:22:15","modified_gmt":"2019-01-30T09:22:15","slug":"pregled-zivotne-sredine","status":"publish","type":"page","link":"http:\/\/coca-colahellenickosovo.com\/sr\/odrzivo-poslovanje\/zivotna-sredina\/pregled-zivotne-sredine\/","title":{"rendered":"Pregled \u017eivotne sredine"},"content":{"rendered":"<p>Na\u0161 pristup za\u0161titi \u017eivotne sredine zasnovan je na inovativnosti i stalnom pronala\u017eenju novih na\u010dina za postizanje odr\u017eivosti kroz nastojanja da se umanje negativni uticaji na okru\u017eenje. Imaju\u0107i u vidu najzna\u010dajnije uticaje na\u0161eg poslovanja, kako na globalnom nivou, tako i u na\u0161oj zemlji, fokusirani smo na slede\u0107e oblasti:<\/p>\n<ul>\n<li>Upravljanje vodnim resursima<\/li>\n<li>Za\u0161tita energetskih resursa i klime<\/li>\n<li>Odr\u017eiva ambala\u017ea i recikliranje<\/li>\n<\/ul>\n<h2>Ekolo\u0161ke politike i standardi<\/h2>\n<p><strong>Kroz praksu odr\u017eivog poslovanja primenjujemo me\u0111unarodno priznat sistem ISO 14001, kao i niz internih procedura i politika:<\/strong><\/p>\n<ul>\n<li>Politika\u00a0za\u0161tite\u00a0\u017eivotne\u00a0sredine<\/li>\n<li>Politika o klimatskim promenama<\/li>\n<li>Politika upravljanja ambala\u017eom nakon konzumacije<\/li>\n<li>Politika upravljanja vodnim resursima<\/li>\n<li>Politika\u00a0bezbednosti\u00a0voznog\u00a0parka<\/li>\n<\/ul>\n<p>&nbsp;<\/p>\n<ul>\n<li>254 \u010dasova u 2015. godini o za\u0161titi \u017eivotne sredine i izve\u0161tavanju<\/li>\n<li>309 \u010dasova u 2015. godini na osnovu dobrih proizvodnih praksi i upravljanja magacinom<\/li>\n<li>120 sati u 2015 na upravljanju opasnim supstancama<\/li>\n<\/ul>\n<p>Na\u0161 pristup podrazumeva uklju\u010divanje svih zaposlenih, te svaki zaposleni na po\u010detku rada u kompaniji Coca\u2011Cola HBC Srbija u okviru uvodne obuke prolazi i kroz deo koji se odnosi na za\u0161titu \u017eivotne sredine. Pored toga, tokom 2015. godine odr\u017eali smo niz obuka sa ciljem unapre\u0111enja kompetencija zaposlenih.<\/p>\n","protected":false},"excerpt":{"rendered":"<p>Smanjenje uticaja na \u017eivotnu sredinu u celokupnom lancu vrednosti za nas predstavlja osnovni cilj. Od 2004. godine postavljamo godi\u0161nje ciljeve za pobolj\u0161anje u\u010dinka i radimo na postizanju ambicioznih ciljeva za 2020 godinu.<\/p>\n","protected":false},"author":9,"featured_media":2220,"parent":1368,"menu_order":100,"comment_status":"closed","ping_status":"closed","template":"page-templates\/richtext.php","meta":{"_acf_changed":false,"footnotes":""},"class_list":["post-1241","page","type-page","status-publish","has-post-thumbnail","hentry"],"acf":[],"yoast_head":"<!-- This site is optimized with the Yoast SEO plugin v26.8 - https:\/\/yoast.com\/product\/yoast-seo-wordpress\/ -->\n<title>Pregled \u017eivotne sredine - Coca-Cola Hellenic Kosova<\/title>\n<meta name=\"robots\" content=\"index, follow, max-snippet:-1, max-image-preview:large, max-video-preview:-1\" \/>\n<link rel=\"canonical\" href=\"http:\/\/coca-colahellenickosovo.com\/sr\/odrzivo-poslovanje\/zivotna-sredina\/pregled-zivotne-sredine\/\" \/>\n<meta property=\"og:locale\" content=\"sr_RS\" \/>\n<meta property=\"og:type\" content=\"article\" \/>\n<meta property=\"og:title\" content=\"Pregled \u017eivotne sredine - Coca-Cola Hellenic Kosova\" \/>\n<meta property=\"og:description\" content=\"Smanjenje uticaja na \u017eivotnu sredinu u celokupnom lancu vrednosti za nas predstavlja osnovni cilj. Od 2004. godine postavljamo godi\u0161nje ciljeve za pobolj\u0161anje u\u010dinka i radimo na postizanju ambicioznih ciljeva za 2020 godinu.\" \/>\n<meta property=\"og:url\" content=\"http:\/\/coca-colahellenickosovo.com\/sr\/odrzivo-poslovanje\/zivotna-sredina\/pregled-zivotne-sredine\/\" \/>\n<meta property=\"og:site_name\" content=\"Coca-Cola Hellenic Kosova\" \/>\n<meta property=\"article:modified_time\" content=\"2019-01-30T09:22:15+00:00\" \/>\n<meta property=\"og:image\" content=\"http:\/\/coca-colahellenickosovo.com\/wp-content\/uploads\/2018\/11\/pic.jpg\" \/>\n\t<meta property=\"og:image:width\" content=\"358\" \/>\n\t<meta property=\"og:image:height\" content=\"507\" \/>\n\t<meta property=\"og:image:type\" content=\"image\/jpeg\" \/>\n<meta name=\"twitter:card\" content=\"summary_large_image\" \/>\n<meta name=\"twitter:label1\" content=\"\u041f\u0440\u043e\u0446\u0435\u045a\u0435\u043d\u043e \u0432\u0440\u0435\u043c\u0435 \u0447\u0438\u0442\u0430\u045a\u0430\" \/>\n\t<meta name=\"twitter:data1\" content=\"1 \u043c\u0438\u043d\u0443\u0442\" \/>\n<script type=\"application\/ld+json\" class=\"yoast-schema-graph\">{\"@context\":\"https:\/\/schema.org\",\"@graph\":[{\"@type\":\"WebPage\",\"@id\":\"http:\/\/coca-colahellenickosovo.com\/sr\/odrzivo-poslovanje\/zivotna-sredina\/pregled-zivotne-sredine\/\",\"url\":\"http:\/\/coca-colahellenickosovo.com\/sr\/odrzivo-poslovanje\/zivotna-sredina\/pregled-zivotne-sredine\/\",\"name\":\"Pregled \u017eivotne sredine - Coca-Cola Hellenic Kosova\",\"isPartOf\":{\"@id\":\"https:\/\/coca-colahellenickosovo.com\/sr\/#website\"},\"primaryImageOfPage\":{\"@id\":\"http:\/\/coca-colahellenickosovo.com\/sr\/odrzivo-poslovanje\/zivotna-sredina\/pregled-zivotne-sredine\/#primaryimage\"},\"image\":{\"@id\":\"http:\/\/coca-colahellenickosovo.com\/sr\/odrzivo-poslovanje\/zivotna-sredina\/pregled-zivotne-sredine\/#primaryimage\"},\"thumbnailUrl\":\"http:\/\/coca-colahellenickosovo.com\/wp-content\/uploads\/2018\/11\/pic.jpg\",\"datePublished\":\"2018-11-16T14:24:58+00:00\",\"dateModified\":\"2019-01-30T09:22:15+00:00\",\"breadcrumb\":{\"@id\":\"http:\/\/coca-colahellenickosovo.com\/sr\/odrzivo-poslovanje\/zivotna-sredina\/pregled-zivotne-sredine\/#breadcrumb\"},\"inLanguage\":\"sr-RS\",\"potentialAction\":[{\"@type\":\"ReadAction\",\"target\":[\"http:\/\/coca-colahellenickosovo.com\/sr\/odrzivo-poslovanje\/zivotna-sredina\/pregled-zivotne-sredine\/\"]}]},{\"@type\":\"ImageObject\",\"inLanguage\":\"sr-RS\",\"@id\":\"http:\/\/coca-colahellenickosovo.com\/sr\/odrzivo-poslovanje\/zivotna-sredina\/pregled-zivotne-sredine\/#primaryimage\",\"url\":\"http:\/\/coca-colahellenickosovo.com\/wp-content\/uploads\/2018\/11\/pic.jpg\",\"contentUrl\":\"http:\/\/coca-colahellenickosovo.com\/wp-content\/uploads\/2018\/11\/pic.jpg\",\"width\":358,\"height\":507},{\"@type\":\"BreadcrumbList\",\"@id\":\"http:\/\/coca-colahellenickosovo.com\/sr\/odrzivo-poslovanje\/zivotna-sredina\/pregled-zivotne-sredine\/#breadcrumb\",\"itemListElement\":[{\"@type\":\"ListItem\",\"position\":1,\"name\":\"Home\",\"item\":\"https:\/\/coca-colahellenickosovo.com\/sr\/\"},{\"@type\":\"ListItem\",\"position\":2,\"name\":\"Odr\u017eivo poslovanje\",\"item\":\"https:\/\/coca-colahellenickosovo.com\/sr\/odrzivo-poslovanje\/\"},{\"@type\":\"ListItem\",\"position\":3,\"name\":\"\u017divotna sredina\",\"item\":\"http:\/\/coca-colahellenickosovo.com\/sr\/odrzivo-poslovanje\/zivotna-sredina\/\"},{\"@type\":\"ListItem\",\"position\":4,\"name\":\"Pregled \u017eivotne sredine\"}]},{\"@type\":\"WebSite\",\"@id\":\"https:\/\/coca-colahellenickosovo.com\/sr\/#website\",\"url\":\"https:\/\/coca-colahellenickosovo.com\/sr\/\",\"name\":\"Coca-Cola Hellenic Kosova\",\"description\":\"\",\"publisher\":{\"@id\":\"https:\/\/coca-colahellenickosovo.com\/sr\/#organization\"},\"potentialAction\":[{\"@type\":\"SearchAction\",\"target\":{\"@type\":\"EntryPoint\",\"urlTemplate\":\"https:\/\/coca-colahellenickosovo.com\/sr\/?s={search_term_string}\"},\"query-input\":{\"@type\":\"PropertyValueSpecification\",\"valueRequired\":true,\"valueName\":\"search_term_string\"}}],\"inLanguage\":\"sr-RS\"},{\"@type\":\"Organization\",\"@id\":\"https:\/\/coca-colahellenickosovo.com\/sr\/#organization\",\"name\":\"Coca-Cola Hellenic Kosova\",\"url\":\"https:\/\/coca-colahellenickosovo.com\/sr\/\",\"logo\":{\"@type\":\"ImageObject\",\"inLanguage\":\"sr-RS\",\"@id\":\"https:\/\/coca-colahellenickosovo.com\/sr\/#\/schema\/logo\/image\/\",\"url\":\"http:\/\/coca-colahellenickosovo.com\/wp-content\/uploads\/2025\/03\/bb4dd3b6-2375-4f01-a767-4fb2967ec63a.jpeg\",\"contentUrl\":\"http:\/\/coca-colahellenickosovo.com\/wp-content\/uploads\/2025\/03\/bb4dd3b6-2375-4f01-a767-4fb2967ec63a.jpeg\",\"width\":750,\"height\":230,\"caption\":\"Coca-Cola Hellenic Kosova\"},\"image\":{\"@id\":\"https:\/\/coca-colahellenickosovo.com\/sr\/#\/schema\/logo\/image\/\"}}]}<\/script>\n<!-- \/ Yoast SEO plugin. -->","yoast_head_json":{"title":"Pregled \u017eivotne sredine - Coca-Cola Hellenic Kosova","robots":{"index":"index","follow":"follow","max-snippet":"max-snippet:-1","max-image-preview":"max-image-preview:large","max-video-preview":"max-video-preview:-1"},"canonical":"http:\/\/coca-colahellenickosovo.com\/sr\/odrzivo-poslovanje\/zivotna-sredina\/pregled-zivotne-sredine\/","og_locale":"sr_RS","og_type":"article","og_title":"Pregled \u017eivotne sredine - Coca-Cola Hellenic Kosova","og_description":"Smanjenje uticaja na \u017eivotnu sredinu u celokupnom lancu vrednosti za nas predstavlja osnovni cilj. Od 2004. godine postavljamo godi\u0161nje ciljeve za pobolj\u0161anje u\u010dinka i radimo na postizanju ambicioznih ciljeva za 2020 godinu.","og_url":"http:\/\/coca-colahellenickosovo.com\/sr\/odrzivo-poslovanje\/zivotna-sredina\/pregled-zivotne-sredine\/","og_site_name":"Coca-Cola Hellenic Kosova","article_modified_time":"2019-01-30T09:22:15+00:00","og_image":[{"width":358,"height":507,"url":"http:\/\/coca-colahellenickosovo.com\/wp-content\/uploads\/2018\/11\/pic.jpg","type":"image\/jpeg"}],"twitter_card":"summary_large_image","twitter_misc":{"\u041f\u0440\u043e\u0446\u0435\u045a\u0435\u043d\u043e \u0432\u0440\u0435\u043c\u0435 \u0447\u0438\u0442\u0430\u045a\u0430":"1 \u043c\u0438\u043d\u0443\u0442"},"schema":{"@context":"https:\/\/schema.org","@graph":[{"@type":"WebPage","@id":"http:\/\/coca-colahellenickosovo.com\/sr\/odrzivo-poslovanje\/zivotna-sredina\/pregled-zivotne-sredine\/","url":"http:\/\/coca-colahellenickosovo.com\/sr\/odrzivo-poslovanje\/zivotna-sredina\/pregled-zivotne-sredine\/","name":"Pregled \u017eivotne sredine - Coca-Cola Hellenic Kosova","isPartOf":{"@id":"https:\/\/coca-colahellenickosovo.com\/sr\/#website"},"primaryImageOfPage":{"@id":"http:\/\/coca-colahellenickosovo.com\/sr\/odrzivo-poslovanje\/zivotna-sredina\/pregled-zivotne-sredine\/#primaryimage"},"image":{"@id":"http:\/\/coca-colahellenickosovo.com\/sr\/odrzivo-poslovanje\/zivotna-sredina\/pregled-zivotne-sredine\/#primaryimage"},"thumbnailUrl":"http:\/\/coca-colahellenickosovo.com\/wp-content\/uploads\/2018\/11\/pic.jpg","datePublished":"2018-11-16T14:24:58+00:00","dateModified":"2019-01-30T09:22:15+00:00","breadcrumb":{"@id":"http:\/\/coca-colahellenickosovo.com\/sr\/odrzivo-poslovanje\/zivotna-sredina\/pregled-zivotne-sredine\/#breadcrumb"},"inLanguage":"sr-RS","potentialAction":[{"@type":"ReadAction","target":["http:\/\/coca-colahellenickosovo.com\/sr\/odrzivo-poslovanje\/zivotna-sredina\/pregled-zivotne-sredine\/"]}]},{"@type":"ImageObject","inLanguage":"sr-RS","@id":"http:\/\/coca-colahellenickosovo.com\/sr\/odrzivo-poslovanje\/zivotna-sredina\/pregled-zivotne-sredine\/#primaryimage","url":"http:\/\/coca-colahellenickosovo.com\/wp-content\/uploads\/2018\/11\/pic.jpg","contentUrl":"http:\/\/coca-colahellenickosovo.com\/wp-content\/uploads\/2018\/11\/pic.jpg","width":358,"height":507},{"@type":"BreadcrumbList","@id":"http:\/\/coca-colahellenickosovo.com\/sr\/odrzivo-poslovanje\/zivotna-sredina\/pregled-zivotne-sredine\/#breadcrumb","itemListElement":[{"@type":"ListItem","position":1,"name":"Home","item":"https:\/\/coca-colahellenickosovo.com\/sr\/"},{"@type":"ListItem","position":2,"name":"Odr\u017eivo poslovanje","item":"https:\/\/coca-colahellenickosovo.com\/sr\/odrzivo-poslovanje\/"},{"@type":"ListItem","position":3,"name":"\u017divotna sredina","item":"http:\/\/coca-colahellenickosovo.com\/sr\/odrzivo-poslovanje\/zivotna-sredina\/"},{"@type":"ListItem","position":4,"name":"Pregled \u017eivotne sredine"}]},{"@type":"WebSite","@id":"https:\/\/coca-colahellenickosovo.com\/sr\/#website","url":"https:\/\/coca-colahellenickosovo.com\/sr\/","name":"Coca-Cola Hellenic Kosova","description":"","publisher":{"@id":"https:\/\/coca-colahellenickosovo.com\/sr\/#organization"},"potentialAction":[{"@type":"SearchAction","target":{"@type":"EntryPoint","urlTemplate":"https:\/\/coca-colahellenickosovo.com\/sr\/?s={search_term_string}"},"query-input":{"@type":"PropertyValueSpecification","valueRequired":true,"valueName":"search_term_string"}}],"inLanguage":"sr-RS"},{"@type":"Organization","@id":"https:\/\/coca-colahellenickosovo.com\/sr\/#organization","name":"Coca-Cola Hellenic Kosova","url":"https:\/\/coca-colahellenickosovo.com\/sr\/","logo":{"@type":"ImageObject","inLanguage":"sr-RS","@id":"https:\/\/coca-colahellenickosovo.com\/sr\/#\/schema\/logo\/image\/","url":"http:\/\/coca-colahellenickosovo.com\/wp-content\/uploads\/2025\/03\/bb4dd3b6-2375-4f01-a767-4fb2967ec63a.jpeg","contentUrl":"http:\/\/coca-colahellenickosovo.com\/wp-content\/uploads\/2025\/03\/bb4dd3b6-2375-4f01-a767-4fb2967ec63a.jpeg","width":750,"height":230,"caption":"Coca-Cola Hellenic Kosova"},"image":{"@id":"https:\/\/coca-colahellenickosovo.com\/sr\/#\/schema\/logo\/image\/"}}]}},"_links":{"self":[{"href":"http:\/\/coca-colahellenickosovo.com\/sr\/wp-json\/wp\/v2\/pages\/1241\/"}],"collection":[{"href":"http:\/\/coca-colahellenickosovo.com\/sr\/wp-json\/wp\/v2\/pages\/"}],"about":[{"href":"http:\/\/coca-colahellenickosovo.com\/sr\/wp-json\/wp\/v2\/types\/page\/"}],"author":[{"embeddable":true,"href":"http:\/\/coca-colahellenickosovo.com\/sr\/wp-json\/wp\/v2\/users\/9\/"}],"replies":[{"embeddable":true,"href":"http:\/\/coca-colahellenickosovo.com\/sr\/wp-json\/wp\/v2\/comments\/?post=1241"}],"version-history":[{"count":3,"href":"http:\/\/coca-colahellenickosovo.com\/sr\/wp-json\/wp\/v2\/pages\/1241\/revisions\/"}],"predecessor-version":[{"id":3221,"href":"http:\/\/coca-colahellenickosovo.com\/sr\/wp-json\/wp\/v2\/pages\/1241\/revisions\/3221\/"}],"up":[{"embeddable":true,"href":"http:\/\/coca-colahellenickosovo.com\/sr\/wp-json\/wp\/v2\/pages\/1368\/"}],"wp:featuredmedia":[{"embeddable":true,"href":"http:\/\/coca-colahellenickosovo.com\/sr\/wp-json\/wp\/v2\/media\/2220\/"}],"wp:attachment":[{"href":"http:\/\/coca-colahellenickosovo.com\/sr\/wp-json\/wp\/v2\/media\/?parent=1241"}],"curies":[{"name":"wp","href":"https:\/\/api.w.org\/{rel}","templated":true}]}}