{"id":1235,"date":"2018-11-16T13:49:55","date_gmt":"2018-11-16T13:49:55","guid":{"rendered":"http:\/\/coca-colahellenickosovo.com\/qendrushmeria\/shendeti-dhe-mireqenia\/"},"modified":"2019-02-05T12:53:03","modified_gmt":"2019-02-05T12:53:03","slug":"zdravlje-i-zdrave-zivotne-navike","status":"publish","type":"page","link":"http:\/\/coca-colahellenickosovo.com\/sr\/odrzivo-poslovanje\/zdravlje-i-zdrave-zivotne-navike\/","title":{"rendered":"Zdravlje i zdrave \u017eivotne navike"},"content":{"rendered":"","protected":false},"excerpt":{"rendered":"<p>Na\u0161i proizvodi mogu da budu deo aktivnog, zdravog na\u010dina \u017eivota koji podrazumeva uravnote\u017eenu ishranu i redovnu fizi\u010dku aktivnost.<\/p>\n","protected":false},"author":9,"featured_media":2575,"parent":1199,"menu_order":82,"comment_status":"closed","ping_status":"closed","template":"page-templates\/richtext.php","meta":{"_acf_changed":false,"footnotes":""},"class_list":["post-1235","page","type-page","status-publish","has-post-thumbnail","hentry"],"acf":[],"yoast_head":"<!-- This site is optimized with the Yoast SEO plugin v26.8 - https:\/\/yoast.com\/product\/yoast-seo-wordpress\/ -->\n<title>Zdravlje i zdrave \u017eivotne navike - Coca-Cola Hellenic Kosova<\/title>\n<meta name=\"robots\" content=\"index, follow, max-snippet:-1, max-image-preview:large, max-video-preview:-1\" \/>\n<link rel=\"canonical\" href=\"http:\/\/coca-colahellenickosovo.com\/sr\/odrzivo-poslovanje\/zdravlje-i-zdrave-zivotne-navike\/\" \/>\n<meta property=\"og:locale\" content=\"sr_RS\" \/>\n<meta property=\"og:type\" content=\"article\" \/>\n<meta property=\"og:title\" content=\"Zdravlje i zdrave \u017eivotne navike - Coca-Cola Hellenic Kosova\" \/>\n<meta property=\"og:description\" content=\"Na\u0161i proizvodi mogu da budu deo aktivnog, zdravog na\u010dina \u017eivota koji podrazumeva uravnote\u017eenu ishranu i redovnu fizi\u010dku aktivnost.\" \/>\n<meta property=\"og:url\" content=\"http:\/\/coca-colahellenickosovo.com\/sr\/odrzivo-poslovanje\/zdravlje-i-zdrave-zivotne-navike\/\" \/>\n<meta property=\"og:site_name\" content=\"Coca-Cola Hellenic Kosova\" \/>\n<meta property=\"article:modified_time\" content=\"2019-02-05T12:53:03+00:00\" \/>\n<meta property=\"og:image\" content=\"http:\/\/coca-colahellenickosovo.com\/wp-content\/uploads\/2018\/12\/Shendeti-dhe-Mireqenia-1.jpg\" \/>\n\t<meta property=\"og:image:width\" content=\"400\" \/>\n\t<meta property=\"og:image:height\" content=\"225\" \/>\n\t<meta property=\"og:image:type\" content=\"image\/jpeg\" \/>\n<meta name=\"twitter:card\" content=\"summary_large_image\" \/>\n<script type=\"application\/ld+json\" class=\"yoast-schema-graph\">{\"@context\":\"https:\/\/schema.org\",\"@graph\":[{\"@type\":\"WebPage\",\"@id\":\"http:\/\/coca-colahellenickosovo.com\/sr\/odrzivo-poslovanje\/zdravlje-i-zdrave-zivotne-navike\/\",\"url\":\"http:\/\/coca-colahellenickosovo.com\/sr\/odrzivo-poslovanje\/zdravlje-i-zdrave-zivotne-navike\/\",\"name\":\"Zdravlje i zdrave \u017eivotne navike - Coca-Cola Hellenic Kosova\",\"isPartOf\":{\"@id\":\"http:\/\/coca-colahellenickosovo.com\/#website\"},\"primaryImageOfPage\":{\"@id\":\"http:\/\/coca-colahellenickosovo.com\/sr\/odrzivo-poslovanje\/zdravlje-i-zdrave-zivotne-navike\/#primaryimage\"},\"image\":{\"@id\":\"http:\/\/coca-colahellenickosovo.com\/sr\/odrzivo-poslovanje\/zdravlje-i-zdrave-zivotne-navike\/#primaryimage\"},\"thumbnailUrl\":\"http:\/\/coca-colahellenickosovo.com\/wp-content\/uploads\/2018\/12\/Shendeti-dhe-Mireqenia-1.jpg\",\"datePublished\":\"2018-11-16T13:49:55+00:00\",\"dateModified\":\"2019-02-05T12:53:03+00:00\",\"breadcrumb\":{\"@id\":\"http:\/\/coca-colahellenickosovo.com\/sr\/odrzivo-poslovanje\/zdravlje-i-zdrave-zivotne-navike\/#breadcrumb\"},\"inLanguage\":\"sr-RS\",\"potentialAction\":[{\"@type\":\"ReadAction\",\"target\":[\"http:\/\/coca-colahellenickosovo.com\/sr\/odrzivo-poslovanje\/zdravlje-i-zdrave-zivotne-navike\/\"]}]},{\"@type\":\"ImageObject\",\"inLanguage\":\"sr-RS\",\"@id\":\"http:\/\/coca-colahellenickosovo.com\/sr\/odrzivo-poslovanje\/zdravlje-i-zdrave-zivotne-navike\/#primaryimage\",\"url\":\"http:\/\/coca-colahellenickosovo.com\/wp-content\/uploads\/2018\/12\/Shendeti-dhe-Mireqenia-1.jpg\",\"contentUrl\":\"http:\/\/coca-colahellenickosovo.com\/wp-content\/uploads\/2018\/12\/Shendeti-dhe-Mireqenia-1.jpg\",\"width\":400,\"height\":225},{\"@type\":\"BreadcrumbList\",\"@id\":\"http:\/\/coca-colahellenickosovo.com\/sr\/odrzivo-poslovanje\/zdravlje-i-zdrave-zivotne-navike\/#breadcrumb\",\"itemListElement\":[{\"@type\":\"ListItem\",\"position\":1,\"name\":\"Home\",\"item\":\"https:\/\/coca-colahellenickosovo.com\/sr\/\"},{\"@type\":\"ListItem\",\"position\":2,\"name\":\"Odr\u017eivo poslovanje\",\"item\":\"https:\/\/coca-colahellenickosovo.com\/sr\/odrzivo-poslovanje\/\"},{\"@type\":\"ListItem\",\"position\":3,\"name\":\"Zdravlje i zdrave \u017eivotne navike\"}]},{\"@type\":\"WebSite\",\"@id\":\"http:\/\/coca-colahellenickosovo.com\/#website\",\"url\":\"http:\/\/coca-colahellenickosovo.com\/\",\"name\":\"Coca-Cola Hellenic Kosova\",\"description\":\"\",\"publisher\":{\"@id\":\"http:\/\/coca-colahellenickosovo.com\/#organization\"},\"potentialAction\":[{\"@type\":\"SearchAction\",\"target\":{\"@type\":\"EntryPoint\",\"urlTemplate\":\"http:\/\/coca-colahellenickosovo.com\/?s={search_term_string}\"},\"query-input\":{\"@type\":\"PropertyValueSpecification\",\"valueRequired\":true,\"valueName\":\"search_term_string\"}}],\"inLanguage\":\"sr-RS\"},{\"@type\":\"Organization\",\"@id\":\"http:\/\/coca-colahellenickosovo.com\/#organization\",\"name\":\"Coca-Cola Hellenic Kosova\",\"url\":\"http:\/\/coca-colahellenickosovo.com\/\",\"logo\":{\"@type\":\"ImageObject\",\"inLanguage\":\"sr-RS\",\"@id\":\"http:\/\/coca-colahellenickosovo.com\/#\/schema\/logo\/image\/\",\"url\":\"http:\/\/coca-colahellenickosovo.com\/wp-content\/uploads\/2025\/03\/bb4dd3b6-2375-4f01-a767-4fb2967ec63a.jpeg\",\"contentUrl\":\"http:\/\/coca-colahellenickosovo.com\/wp-content\/uploads\/2025\/03\/bb4dd3b6-2375-4f01-a767-4fb2967ec63a.jpeg\",\"width\":750,\"height\":230,\"caption\":\"Coca-Cola Hellenic Kosova\"},\"image\":{\"@id\":\"http:\/\/coca-colahellenickosovo.com\/#\/schema\/logo\/image\/\"}}]}<\/script>\n<!-- \/ Yoast SEO plugin. -->","yoast_head_json":{"title":"Zdravlje i zdrave \u017eivotne navike - Coca-Cola Hellenic Kosova","robots":{"index":"index","follow":"follow","max-snippet":"max-snippet:-1","max-image-preview":"max-image-preview:large","max-video-preview":"max-video-preview:-1"},"canonical":"http:\/\/coca-colahellenickosovo.com\/sr\/odrzivo-poslovanje\/zdravlje-i-zdrave-zivotne-navike\/","og_locale":"sr_RS","og_type":"article","og_title":"Zdravlje i zdrave \u017eivotne navike - Coca-Cola Hellenic Kosova","og_description":"Na\u0161i proizvodi mogu da budu deo aktivnog, zdravog na\u010dina \u017eivota koji podrazumeva uravnote\u017eenu ishranu i redovnu fizi\u010dku aktivnost.","og_url":"http:\/\/coca-colahellenickosovo.com\/sr\/odrzivo-poslovanje\/zdravlje-i-zdrave-zivotne-navike\/","og_site_name":"Coca-Cola Hellenic Kosova","article_modified_time":"2019-02-05T12:53:03+00:00","og_image":[{"width":400,"height":225,"url":"http:\/\/coca-colahellenickosovo.com\/wp-content\/uploads\/2018\/12\/Shendeti-dhe-Mireqenia-1.jpg","type":"image\/jpeg"}],"twitter_card":"summary_large_image","schema":{"@context":"https:\/\/schema.org","@graph":[{"@type":"WebPage","@id":"http:\/\/coca-colahellenickosovo.com\/sr\/odrzivo-poslovanje\/zdravlje-i-zdrave-zivotne-navike\/","url":"http:\/\/coca-colahellenickosovo.com\/sr\/odrzivo-poslovanje\/zdravlje-i-zdrave-zivotne-navike\/","name":"Zdravlje i zdrave \u017eivotne navike - Coca-Cola Hellenic Kosova","isPartOf":{"@id":"http:\/\/coca-colahellenickosovo.com\/#website"},"primaryImageOfPage":{"@id":"http:\/\/coca-colahellenickosovo.com\/sr\/odrzivo-poslovanje\/zdravlje-i-zdrave-zivotne-navike\/#primaryimage"},"image":{"@id":"http:\/\/coca-colahellenickosovo.com\/sr\/odrzivo-poslovanje\/zdravlje-i-zdrave-zivotne-navike\/#primaryimage"},"thumbnailUrl":"http:\/\/coca-colahellenickosovo.com\/wp-content\/uploads\/2018\/12\/Shendeti-dhe-Mireqenia-1.jpg","datePublished":"2018-11-16T13:49:55+00:00","dateModified":"2019-02-05T12:53:03+00:00","breadcrumb":{"@id":"http:\/\/coca-colahellenickosovo.com\/sr\/odrzivo-poslovanje\/zdravlje-i-zdrave-zivotne-navike\/#breadcrumb"},"inLanguage":"sr-RS","potentialAction":[{"@type":"ReadAction","target":["http:\/\/coca-colahellenickosovo.com\/sr\/odrzivo-poslovanje\/zdravlje-i-zdrave-zivotne-navike\/"]}]},{"@type":"ImageObject","inLanguage":"sr-RS","@id":"http:\/\/coca-colahellenickosovo.com\/sr\/odrzivo-poslovanje\/zdravlje-i-zdrave-zivotne-navike\/#primaryimage","url":"http:\/\/coca-colahellenickosovo.com\/wp-content\/uploads\/2018\/12\/Shendeti-dhe-Mireqenia-1.jpg","contentUrl":"http:\/\/coca-colahellenickosovo.com\/wp-content\/uploads\/2018\/12\/Shendeti-dhe-Mireqenia-1.jpg","width":400,"height":225},{"@type":"BreadcrumbList","@id":"http:\/\/coca-colahellenickosovo.com\/sr\/odrzivo-poslovanje\/zdravlje-i-zdrave-zivotne-navike\/#breadcrumb","itemListElement":[{"@type":"ListItem","position":1,"name":"Home","item":"https:\/\/coca-colahellenickosovo.com\/sr\/"},{"@type":"ListItem","position":2,"name":"Odr\u017eivo poslovanje","item":"https:\/\/coca-colahellenickosovo.com\/sr\/odrzivo-poslovanje\/"},{"@type":"ListItem","position":3,"name":"Zdravlje i zdrave \u017eivotne navike"}]},{"@type":"WebSite","@id":"http:\/\/coca-colahellenickosovo.com\/#website","url":"http:\/\/coca-colahellenickosovo.com\/","name":"Coca-Cola Hellenic Kosova","description":"","publisher":{"@id":"http:\/\/coca-colahellenickosovo.com\/#organization"},"potentialAction":[{"@type":"SearchAction","target":{"@type":"EntryPoint","urlTemplate":"http:\/\/coca-colahellenickosovo.com\/?s={search_term_string}"},"query-input":{"@type":"PropertyValueSpecification","valueRequired":true,"valueName":"search_term_string"}}],"inLanguage":"sr-RS"},{"@type":"Organization","@id":"http:\/\/coca-colahellenickosovo.com\/#organization","name":"Coca-Cola Hellenic Kosova","url":"http:\/\/coca-colahellenickosovo.com\/","logo":{"@type":"ImageObject","inLanguage":"sr-RS","@id":"http:\/\/coca-colahellenickosovo.com\/#\/schema\/logo\/image\/","url":"http:\/\/coca-colahellenickosovo.com\/wp-content\/uploads\/2025\/03\/bb4dd3b6-2375-4f01-a767-4fb2967ec63a.jpeg","contentUrl":"http:\/\/coca-colahellenickosovo.com\/wp-content\/uploads\/2025\/03\/bb4dd3b6-2375-4f01-a767-4fb2967ec63a.jpeg","width":750,"height":230,"caption":"Coca-Cola Hellenic Kosova"},"image":{"@id":"http:\/\/coca-colahellenickosovo.com\/#\/schema\/logo\/image\/"}}]}},"_links":{"self":[{"href":"http:\/\/coca-colahellenickosovo.com\/sr\/wp-json\/wp\/v2\/pages\/1235\/"}],"collection":[{"href":"http:\/\/coca-colahellenickosovo.com\/sr\/wp-json\/wp\/v2\/pages\/"}],"about":[{"href":"http:\/\/coca-colahellenickosovo.com\/sr\/wp-json\/wp\/v2\/types\/page\/"}],"author":[{"embeddable":true,"href":"http:\/\/coca-colahellenickosovo.com\/sr\/wp-json\/wp\/v2\/users\/9\/"}],"replies":[{"embeddable":true,"href":"http:\/\/coca-colahellenickosovo.com\/sr\/wp-json\/wp\/v2\/comments\/?post=1235"}],"version-history":[{"count":3,"href":"http:\/\/coca-colahellenickosovo.com\/sr\/wp-json\/wp\/v2\/pages\/1235\/revisions\/"}],"predecessor-version":[{"id":3239,"href":"http:\/\/coca-colahellenickosovo.com\/sr\/wp-json\/wp\/v2\/pages\/1235\/revisions\/3239\/"}],"up":[{"embeddable":true,"href":"http:\/\/coca-colahellenickosovo.com\/sr\/wp-json\/wp\/v2\/pages\/1199\/"}],"wp:featuredmedia":[{"embeddable":true,"href":"http:\/\/coca-colahellenickosovo.com\/sr\/wp-json\/wp\/v2\/media\/2575\/"}],"wp:attachment":[{"href":"http:\/\/coca-colahellenickosovo.com\/sr\/wp-json\/wp\/v2\/media\/?parent=1235"}],"curies":[{"name":"wp","href":"https:\/\/api.w.org\/{rel}","templated":true}]}}