{"id":1201,"date":"2018-11-22T13:10:34","date_gmt":"2018-11-22T13:10:34","guid":{"rendered":"http:\/\/coca-colahellenickosovo.com\/?page_id=1201"},"modified":"2018-11-27T12:42:29","modified_gmt":"2018-11-27T12:42:29","slug":"standardi","status":"publish","type":"page","link":"http:\/\/coca-colahellenickosovo.com\/sr\/odrzivo-poslovanje\/sustainability-approach-and-impact\/standardi\/","title":{"rendered":"Standardi"},"content":{"rendered":"<h2>Sistemi upravljanja<\/h2>\n<p>U Srbiji primenjujemo me\u0111unarodno priznate sisteme upravljanja u oblasti kvaliteta, bezbednosti prehrambenih proizvoda, za\u0161tite \u017eivotne sredine, kao i zdravlja i bezbednosti na radu, a to su:<\/p>\n<ul>\n<li>Upravljanje kvalitetom (ISO 9001);<\/li>\n<li>Bezbednost prehrambenih proizvoda (ISO 22000, PAS 220, FSSC 22000);<\/li>\n<li>Za\u0161tita \u017eivotne sredine (ISO 14001);<\/li>\n<li>Zdravlje i bezbednost na radu (OHSAS 18001).<\/li>\n<\/ul>\n<p>Na\u0161 cilj je da sve punionice u na\u0161oj Grupi budu sertifikovane u skladu sa navedenim sistemima, a o postignutom napretku izve\u0161tamo u godi\u0161njem izve\u0161taju o KDO na nivou Grupe.<\/p>\n<p>&nbsp;<\/p>\n<h2><strong>Standardi<\/strong><\/h2>\n<p>Primenjujemo vodec\u0301e me\u0111unarodne standarde za upravljanje, merenje i izve\u0161tavanje o konkretnim pitanjima, a to su:<\/p>\n<ul>\n<li><strong>Protokol o emisiji gasova staklene ba\u0161te<\/strong><strong>(Greenhouse Gas Protocol)<\/strong>\u00a0\u2013 Merimo emisiju CO2 i dostavljamo podatke Centralnoj kancelariji za emisiju gasova na nivou Grupe koji se prosle\u0111uju nadle\u017enima za Protokol;<\/li>\n<li><strong>Model Londonske grupe za ben\u010dmarking (<\/strong><a href=\"http:\/\/www.lbg-online.net\/\">LBG Model)\u00a0<\/a>\u2013 Merimo i izve\u0161tavamo o investicijama ulo\u017eenim u zajednicu rukovode\u0107i se \u0161iroko priznatim pristupom Londonske grupe za ben\u010dmarking;<\/li>\n<li><strong>Inicijativa za globalno izve\u0161tavanje (GRI Initiative)<\/strong>\u2013 Ostvareni napredak objavljujemo u Izve\u0161taju o odr\u017eivom razvoju rukovode\u0107i se standardima postavljenim u vode\u0107em okviru za izve\u0161tavanje o odr\u017eivos<\/li>\n<\/ul>\n<h2><strong>Ekolo\u0161ki parametri<\/strong><\/h2>\n<p>U svim punionicama se prate slede\u0107i ekolo\u0161ki parametri:<\/p>\n<p>Potro\u0161nja energije<\/p>\n<ul>\n<li>Potro\u0161nja vode<\/li>\n<li>Ukupno generisan otpad<\/li>\n<li>Recikliran otpad<\/li>\n<\/ul>\n<p>&nbsp;<\/p>\n<h2><strong>Biodiverzitet<\/strong><\/h2>\n<p>Sa izuzetnom pa\u017enjom pristupamo pra\u0107enju uticaja na\u0161ih aktivnosti i proizvoda na za\u0161ti\u0107enim podru\u010djima i na podru\u010djima visoke vrednosti u pogledu biodiverziteta. Na ovim specifi\u010dnim podru\u010djima nismo identifikovali zna\u010dajne uticaje. Tako\u0111e, na podru\u010djima na\u0161ih poslovnih delatnosti nisu prisutne vrste sa Crvenog popisa (IUCN) i nacionalnih popisa ugro\u017eenih vrsta.<\/p>\n","protected":false},"excerpt":{"rendered":"<p>Na\u0161 cilj je da poslujemo u skladu sa eti\u010dkim standardima, na odgovoran i odr\u017eiv na\u010din. Primenjujemo vodec\u0301e sisteme i standarde upravljanja kako bismo kontinuirano pobolj\u0161avali svoj u\u010dinak. <\/p>\n","protected":false},"author":9,"featured_media":1485,"parent":1211,"menu_order":34,"comment_status":"closed","ping_status":"closed","template":"page-templates\/richtext.php","meta":{"_acf_changed":false,"footnotes":""},"class_list":["post-1201","page","type-page","status-publish","has-post-thumbnail","hentry"],"acf":[],"yoast_head":"<!-- This site is optimized with the Yoast SEO plugin v26.8 - https:\/\/yoast.com\/product\/yoast-seo-wordpress\/ -->\n<title>Standardi - Coca-Cola Hellenic Kosova<\/title>\n<meta name=\"robots\" content=\"index, follow, max-snippet:-1, max-image-preview:large, max-video-preview:-1\" \/>\n<link rel=\"canonical\" href=\"http:\/\/coca-colahellenickosovo.com\/sr\/odrzivo-poslovanje\/sustainability-approach-and-impact\/standardi\/\" \/>\n<meta property=\"og:locale\" content=\"sr_RS\" \/>\n<meta property=\"og:type\" content=\"article\" \/>\n<meta property=\"og:title\" content=\"Standardi - Coca-Cola Hellenic Kosova\" \/>\n<meta property=\"og:description\" content=\"Na\u0161 cilj je da poslujemo u skladu sa eti\u010dkim standardima, na odgovoran i odr\u017eiv na\u010din. Primenjujemo vodec\u0301e sisteme i standarde upravljanja kako bismo kontinuirano pobolj\u0161avali svoj u\u010dinak.\" \/>\n<meta property=\"og:url\" content=\"http:\/\/coca-colahellenickosovo.com\/sr\/odrzivo-poslovanje\/sustainability-approach-and-impact\/standardi\/\" \/>\n<meta property=\"og:site_name\" content=\"Coca-Cola Hellenic Kosova\" \/>\n<meta property=\"article:modified_time\" content=\"2018-11-27T12:42:29+00:00\" \/>\n<meta property=\"og:image\" content=\"http:\/\/coca-colahellenickosovo.com\/wp-content\/uploads\/2018\/11\/CC_History1.png\" \/>\n\t<meta property=\"og:image:width\" content=\"600\" \/>\n\t<meta property=\"og:image:height\" content=\"338\" \/>\n\t<meta property=\"og:image:type\" content=\"image\/png\" \/>\n<meta name=\"twitter:card\" content=\"summary_large_image\" \/>\n<meta name=\"twitter:label1\" content=\"\u041f\u0440\u043e\u0446\u0435\u045a\u0435\u043d\u043e \u0432\u0440\u0435\u043c\u0435 \u0447\u0438\u0442\u0430\u045a\u0430\" \/>\n\t<meta name=\"twitter:data1\" content=\"1 \u043c\u0438\u043d\u0443\u0442\" \/>\n<script type=\"application\/ld+json\" class=\"yoast-schema-graph\">{\"@context\":\"https:\/\/schema.org\",\"@graph\":[{\"@type\":\"WebPage\",\"@id\":\"http:\/\/coca-colahellenickosovo.com\/sr\/odrzivo-poslovanje\/sustainability-approach-and-impact\/standardi\/\",\"url\":\"http:\/\/coca-colahellenickosovo.com\/sr\/odrzivo-poslovanje\/sustainability-approach-and-impact\/standardi\/\",\"name\":\"Standardi - Coca-Cola Hellenic Kosova\",\"isPartOf\":{\"@id\":\"https:\/\/coca-colahellenickosovo.com\/#website\"},\"primaryImageOfPage\":{\"@id\":\"http:\/\/coca-colahellenickosovo.com\/sr\/odrzivo-poslovanje\/sustainability-approach-and-impact\/standardi\/#primaryimage\"},\"image\":{\"@id\":\"http:\/\/coca-colahellenickosovo.com\/sr\/odrzivo-poslovanje\/sustainability-approach-and-impact\/standardi\/#primaryimage\"},\"thumbnailUrl\":\"http:\/\/coca-colahellenickosovo.com\/wp-content\/uploads\/2018\/11\/CC_History1.png\",\"datePublished\":\"2018-11-22T13:10:34+00:00\",\"dateModified\":\"2018-11-27T12:42:29+00:00\",\"breadcrumb\":{\"@id\":\"http:\/\/coca-colahellenickosovo.com\/sr\/odrzivo-poslovanje\/sustainability-approach-and-impact\/standardi\/#breadcrumb\"},\"inLanguage\":\"sr-RS\",\"potentialAction\":[{\"@type\":\"ReadAction\",\"target\":[\"http:\/\/coca-colahellenickosovo.com\/sr\/odrzivo-poslovanje\/sustainability-approach-and-impact\/standardi\/\"]}]},{\"@type\":\"ImageObject\",\"inLanguage\":\"sr-RS\",\"@id\":\"http:\/\/coca-colahellenickosovo.com\/sr\/odrzivo-poslovanje\/sustainability-approach-and-impact\/standardi\/#primaryimage\",\"url\":\"http:\/\/coca-colahellenickosovo.com\/wp-content\/uploads\/2018\/11\/CC_History1.png\",\"contentUrl\":\"http:\/\/coca-colahellenickosovo.com\/wp-content\/uploads\/2018\/11\/CC_History1.png\",\"width\":600,\"height\":338},{\"@type\":\"BreadcrumbList\",\"@id\":\"http:\/\/coca-colahellenickosovo.com\/sr\/odrzivo-poslovanje\/sustainability-approach-and-impact\/standardi\/#breadcrumb\",\"itemListElement\":[{\"@type\":\"ListItem\",\"position\":1,\"name\":\"Home\",\"item\":\"http:\/\/coca-colahellenickosovo.com\/sr\/\"},{\"@type\":\"ListItem\",\"position\":2,\"name\":\"Odr\u017eivo poslovanje\",\"item\":\"http:\/\/coca-colahellenickosovo.com\/sr\/odrzivo-poslovanje\/\"},{\"@type\":\"ListItem\",\"position\":3,\"name\":\"Pristup i uticaj odr\u017eivog poslovanja\",\"item\":\"http:\/\/coca-colahellenickosovo.com\/sr\/odrzivo-poslovanje\/sustainability-approach-and-impact\/\"},{\"@type\":\"ListItem\",\"position\":4,\"name\":\"Standardi\"}]},{\"@type\":\"WebSite\",\"@id\":\"https:\/\/coca-colahellenickosovo.com\/#website\",\"url\":\"https:\/\/coca-colahellenickosovo.com\/\",\"name\":\"Coca-Cola Hellenic Kosova\",\"description\":\"\",\"publisher\":{\"@id\":\"https:\/\/coca-colahellenickosovo.com\/#organization\"},\"potentialAction\":[{\"@type\":\"SearchAction\",\"target\":{\"@type\":\"EntryPoint\",\"urlTemplate\":\"https:\/\/coca-colahellenickosovo.com\/?s={search_term_string}\"},\"query-input\":{\"@type\":\"PropertyValueSpecification\",\"valueRequired\":true,\"valueName\":\"search_term_string\"}}],\"inLanguage\":\"sr-RS\"},{\"@type\":\"Organization\",\"@id\":\"https:\/\/coca-colahellenickosovo.com\/#organization\",\"name\":\"Coca-Cola Hellenic Kosova\",\"url\":\"https:\/\/coca-colahellenickosovo.com\/\",\"logo\":{\"@type\":\"ImageObject\",\"inLanguage\":\"sr-RS\",\"@id\":\"https:\/\/coca-colahellenickosovo.com\/#\/schema\/logo\/image\/\",\"url\":\"http:\/\/coca-colahellenickosovo.com\/wp-content\/uploads\/2025\/03\/bb4dd3b6-2375-4f01-a767-4fb2967ec63a.jpeg\",\"contentUrl\":\"http:\/\/coca-colahellenickosovo.com\/wp-content\/uploads\/2025\/03\/bb4dd3b6-2375-4f01-a767-4fb2967ec63a.jpeg\",\"width\":750,\"height\":230,\"caption\":\"Coca-Cola Hellenic Kosova\"},\"image\":{\"@id\":\"https:\/\/coca-colahellenickosovo.com\/#\/schema\/logo\/image\/\"}}]}<\/script>\n<!-- \/ Yoast SEO plugin. -->","yoast_head_json":{"title":"Standardi - Coca-Cola Hellenic Kosova","robots":{"index":"index","follow":"follow","max-snippet":"max-snippet:-1","max-image-preview":"max-image-preview:large","max-video-preview":"max-video-preview:-1"},"canonical":"http:\/\/coca-colahellenickosovo.com\/sr\/odrzivo-poslovanje\/sustainability-approach-and-impact\/standardi\/","og_locale":"sr_RS","og_type":"article","og_title":"Standardi - Coca-Cola Hellenic Kosova","og_description":"Na\u0161 cilj je da poslujemo u skladu sa eti\u010dkim standardima, na odgovoran i odr\u017eiv na\u010din. Primenjujemo vodec\u0301e sisteme i standarde upravljanja kako bismo kontinuirano pobolj\u0161avali svoj u\u010dinak.","og_url":"http:\/\/coca-colahellenickosovo.com\/sr\/odrzivo-poslovanje\/sustainability-approach-and-impact\/standardi\/","og_site_name":"Coca-Cola Hellenic Kosova","article_modified_time":"2018-11-27T12:42:29+00:00","og_image":[{"width":600,"height":338,"url":"http:\/\/coca-colahellenickosovo.com\/wp-content\/uploads\/2018\/11\/CC_History1.png","type":"image\/png"}],"twitter_card":"summary_large_image","twitter_misc":{"\u041f\u0440\u043e\u0446\u0435\u045a\u0435\u043d\u043e \u0432\u0440\u0435\u043c\u0435 \u0447\u0438\u0442\u0430\u045a\u0430":"1 \u043c\u0438\u043d\u0443\u0442"},"schema":{"@context":"https:\/\/schema.org","@graph":[{"@type":"WebPage","@id":"http:\/\/coca-colahellenickosovo.com\/sr\/odrzivo-poslovanje\/sustainability-approach-and-impact\/standardi\/","url":"http:\/\/coca-colahellenickosovo.com\/sr\/odrzivo-poslovanje\/sustainability-approach-and-impact\/standardi\/","name":"Standardi - Coca-Cola Hellenic Kosova","isPartOf":{"@id":"https:\/\/coca-colahellenickosovo.com\/#website"},"primaryImageOfPage":{"@id":"http:\/\/coca-colahellenickosovo.com\/sr\/odrzivo-poslovanje\/sustainability-approach-and-impact\/standardi\/#primaryimage"},"image":{"@id":"http:\/\/coca-colahellenickosovo.com\/sr\/odrzivo-poslovanje\/sustainability-approach-and-impact\/standardi\/#primaryimage"},"thumbnailUrl":"http:\/\/coca-colahellenickosovo.com\/wp-content\/uploads\/2018\/11\/CC_History1.png","datePublished":"2018-11-22T13:10:34+00:00","dateModified":"2018-11-27T12:42:29+00:00","breadcrumb":{"@id":"http:\/\/coca-colahellenickosovo.com\/sr\/odrzivo-poslovanje\/sustainability-approach-and-impact\/standardi\/#breadcrumb"},"inLanguage":"sr-RS","potentialAction":[{"@type":"ReadAction","target":["http:\/\/coca-colahellenickosovo.com\/sr\/odrzivo-poslovanje\/sustainability-approach-and-impact\/standardi\/"]}]},{"@type":"ImageObject","inLanguage":"sr-RS","@id":"http:\/\/coca-colahellenickosovo.com\/sr\/odrzivo-poslovanje\/sustainability-approach-and-impact\/standardi\/#primaryimage","url":"http:\/\/coca-colahellenickosovo.com\/wp-content\/uploads\/2018\/11\/CC_History1.png","contentUrl":"http:\/\/coca-colahellenickosovo.com\/wp-content\/uploads\/2018\/11\/CC_History1.png","width":600,"height":338},{"@type":"BreadcrumbList","@id":"http:\/\/coca-colahellenickosovo.com\/sr\/odrzivo-poslovanje\/sustainability-approach-and-impact\/standardi\/#breadcrumb","itemListElement":[{"@type":"ListItem","position":1,"name":"Home","item":"http:\/\/coca-colahellenickosovo.com\/sr\/"},{"@type":"ListItem","position":2,"name":"Odr\u017eivo poslovanje","item":"http:\/\/coca-colahellenickosovo.com\/sr\/odrzivo-poslovanje\/"},{"@type":"ListItem","position":3,"name":"Pristup i uticaj odr\u017eivog poslovanja","item":"http:\/\/coca-colahellenickosovo.com\/sr\/odrzivo-poslovanje\/sustainability-approach-and-impact\/"},{"@type":"ListItem","position":4,"name":"Standardi"}]},{"@type":"WebSite","@id":"https:\/\/coca-colahellenickosovo.com\/#website","url":"https:\/\/coca-colahellenickosovo.com\/","name":"Coca-Cola Hellenic Kosova","description":"","publisher":{"@id":"https:\/\/coca-colahellenickosovo.com\/#organization"},"potentialAction":[{"@type":"SearchAction","target":{"@type":"EntryPoint","urlTemplate":"https:\/\/coca-colahellenickosovo.com\/?s={search_term_string}"},"query-input":{"@type":"PropertyValueSpecification","valueRequired":true,"valueName":"search_term_string"}}],"inLanguage":"sr-RS"},{"@type":"Organization","@id":"https:\/\/coca-colahellenickosovo.com\/#organization","name":"Coca-Cola Hellenic Kosova","url":"https:\/\/coca-colahellenickosovo.com\/","logo":{"@type":"ImageObject","inLanguage":"sr-RS","@id":"https:\/\/coca-colahellenickosovo.com\/#\/schema\/logo\/image\/","url":"http:\/\/coca-colahellenickosovo.com\/wp-content\/uploads\/2025\/03\/bb4dd3b6-2375-4f01-a767-4fb2967ec63a.jpeg","contentUrl":"http:\/\/coca-colahellenickosovo.com\/wp-content\/uploads\/2025\/03\/bb4dd3b6-2375-4f01-a767-4fb2967ec63a.jpeg","width":750,"height":230,"caption":"Coca-Cola Hellenic Kosova"},"image":{"@id":"https:\/\/coca-colahellenickosovo.com\/#\/schema\/logo\/image\/"}}]}},"_links":{"self":[{"href":"http:\/\/coca-colahellenickosovo.com\/sr\/wp-json\/wp\/v2\/pages\/1201\/"}],"collection":[{"href":"http:\/\/coca-colahellenickosovo.com\/sr\/wp-json\/wp\/v2\/pages\/"}],"about":[{"href":"http:\/\/coca-colahellenickosovo.com\/sr\/wp-json\/wp\/v2\/types\/page\/"}],"author":[{"embeddable":true,"href":"http:\/\/coca-colahellenickosovo.com\/sr\/wp-json\/wp\/v2\/users\/9\/"}],"replies":[{"embeddable":true,"href":"http:\/\/coca-colahellenickosovo.com\/sr\/wp-json\/wp\/v2\/comments\/?post=1201"}],"version-history":[{"count":1,"href":"http:\/\/coca-colahellenickosovo.com\/sr\/wp-json\/wp\/v2\/pages\/1201\/revisions\/"}],"predecessor-version":[{"id":1203,"href":"http:\/\/coca-colahellenickosovo.com\/sr\/wp-json\/wp\/v2\/pages\/1201\/revisions\/1203\/"}],"up":[{"embeddable":true,"href":"http:\/\/coca-colahellenickosovo.com\/sr\/wp-json\/wp\/v2\/pages\/1211\/"}],"wp:featuredmedia":[{"embeddable":true,"href":"http:\/\/coca-colahellenickosovo.com\/sr\/wp-json\/wp\/v2\/media\/1485\/"}],"wp:attachment":[{"href":"http:\/\/coca-colahellenickosovo.com\/sr\/wp-json\/wp\/v2\/media\/?parent=1201"}],"curies":[{"name":"wp","href":"https:\/\/api.w.org\/{rel}","templated":true}]}}