{"id":1168,"date":"2018-11-22T12:48:08","date_gmt":"2018-11-22T12:48:08","guid":{"rendered":"http:\/\/coca-colahellenickosovo.com\/?page_id=1168"},"modified":"2026-01-20T18:46:11","modified_gmt":"2026-01-20T18:46:11","slug":"our-vision-strategy-and-purpose","status":"publish","type":"page","link":"http:\/\/coca-colahellenickosovo.com\/sr\/about-us\/our-vision-strategy-and-purpose\/","title":{"rendered":"Na\u0161a vizija, strategija i cilj"},"content":{"rendered":"<p>Na\u0161a svrha:\u00a0<strong>OTVARAMO TRENUTKE KOJI NAS SVE OSVE\u017dAVAJU.<\/strong><\/p>\n<p>To zna\u010di da verujemo da se prava magija de\u0161ava kada se stvari otvore. Trudimo se da se stalno usavr\u0161avamo, osve\u017eavamo na\u010din na koji radimo stvari u okviru CCHBC-a, kako bismo osna\u017eili na\u0161e ljude da isporu\u010duju izvrsnost i u\u017eivaju \u0161irom sveta.<\/p>\n<p>Na\u0161a vizija je da budemo\u00a0<strong>VODEC\u0301I PARTNER U KATEGORIJI NAPITAKA 24\/7.<\/strong><\/p>\n<p><strong>NA\u0160A STRATEGIJA<\/strong><\/p>\n<p>Kako bismo ostvarili na\u0161u viziju, razvili smo strategiju &#8211; Growth story tj Na\u0161 put uspeha 2025. Osim na ambicioznim poslovnim planovima i kompanijskim vrednostima, na\u0161a strategija uspeha zasniva se na pet klju\u010dnih stubova rasta:<\/p>\n<p><strong>Pobedom na tr\u017ei\u0161tu<\/strong><\/p>\n<p>Gradimo nenadma\u0161ne timove kroz partnerstvo sa na\u0161im kupcima, obezbe\u0111uju\u0107i izvrsnost u svakom kanalu prodaje za prioritetne prilike za konzumaciju<\/p>\n<p><strong>Snazi na\u0161eg jedinstvenog 24\/7 portfolia<br \/>\n<\/strong>Zajedno sa na\u0161im partnerom, kompanijom Coca-Cola, nudimo naj\u0161iri portfolio u industriji pi\u0107a koji ima za cilj da zadovolji sve potrebe za konzumaciju potro\u0161a\u010da, 24 satra dnevno 7 dana u nedelji.<\/p>\n<p><strong>Negovanju potencijala svojih ljudi i timova<br \/>\n<\/strong>Ula\u017eemo u profesionalno usavr\u0161avanje na\u0161ih zaposlenih i osna\u017eivanje timova. Koriste\u0107i internacionalno iskustvo, deljenjem znanja, dobrom organizacionom kulturom, stvaramo uslove za karijerni rast i konstantno napredovanje. Upravo zato, godinama unazad smo u samom vrhu najpo\u017eeljnijih poslodavaca me\u0111u mladima.<\/p>\n<p><strong>Podsticanju rasta razvijanjem konkurentnosti i investicijama<br \/>\n<\/strong>Transformi\u0161emo se, ula\u017eemo u inovacije i digitalizujemo na\u0161 biznis, kako bismo bili spremni za budu\u0107nost.<\/p>\n<p><strong>Osna\u017eivanju lokalne zajednice i za\u0161titi \u017eivotne sredine.<br \/>\n<\/strong>Nastojimo da se svojim inicijativama koje se odnose na o\u010duvanje vodnih resursa i upravljanje otpadom, ali i osna\u017eivanjem mladih u profesionalnim poduhvatima, potvrdimo kao lider me\u0111u kompanijama koje brinu o zajednici u kojoj posluju.<\/p>\n<p><img loading=\"lazy\" decoding=\"async\" class=\"aligncenter wp-image-4336 size-large\" src=\"http:\/\/coca-colahellenickosovo.com\/wp-content\/uploads\/2026\/01\/Screenshot-2026-01-20-at-15.59.55-1024x577.png\" alt=\"\" width=\"1024\" height=\"577\" srcset=\"http:\/\/coca-colahellenickosovo.com\/wp-content\/uploads\/2026\/01\/Screenshot-2026-01-20-at-15.59.55-1024x577.png 1024w, http:\/\/coca-colahellenickosovo.com\/wp-content\/uploads\/2026\/01\/Screenshot-2026-01-20-at-15.59.55-300x169.png 300w, http:\/\/coca-colahellenickosovo.com\/wp-content\/uploads\/2026\/01\/Screenshot-2026-01-20-at-15.59.55-768x433.png 768w, http:\/\/coca-colahellenickosovo.com\/wp-content\/uploads\/2026\/01\/Screenshot-2026-01-20-at-15.59.55-1536x865.png 1536w, http:\/\/coca-colahellenickosovo.com\/wp-content\/uploads\/2026\/01\/Screenshot-2026-01-20-at-15.59.55-2048x1154.png 2048w, http:\/\/coca-colahellenickosovo.com\/wp-content\/uploads\/2026\/01\/Screenshot-2026-01-20-at-15.59.55-356x200.png 356w, http:\/\/coca-colahellenickosovo.com\/wp-content\/uploads\/2026\/01\/Screenshot-2026-01-20-at-15.59.55-369x208.png 369w, http:\/\/coca-colahellenickosovo.com\/wp-content\/uploads\/2026\/01\/Screenshot-2026-01-20-at-15.59.55-536x301.png 536w, http:\/\/coca-colahellenickosovo.com\/wp-content\/uploads\/2026\/01\/Screenshot-2026-01-20-at-15.59.55-1280x720.png 1280w, http:\/\/coca-colahellenickosovo.com\/wp-content\/uploads\/2026\/01\/Screenshot-2026-01-20-at-15.59.55-190x107.png 190w, http:\/\/coca-colahellenickosovo.com\/wp-content\/uploads\/2026\/01\/Screenshot-2026-01-20-at-15.59.55-355x200.png 355w, http:\/\/coca-colahellenickosovo.com\/wp-content\/uploads\/2026\/01\/Screenshot-2026-01-20-at-15.59.55-815x458.png 815w, http:\/\/coca-colahellenickosovo.com\/wp-content\/uploads\/2026\/01\/Screenshot-2026-01-20-at-15.59.55-478x269.png 478w\" sizes=\"auto, (max-width: 1024px) 100vw, 1024px\" \/><\/p>\n","protected":false},"excerpt":{"rendered":"<p>MI SMO CCHBC I PONOSNO \u017dIVIMO NA\u0160U KULTURU<\/p>\n","protected":false},"author":9,"featured_media":1748,"parent":1146,"menu_order":97,"comment_status":"closed","ping_status":"closed","template":"page-templates\/richtext.php","meta":{"_acf_changed":false,"footnotes":""},"class_list":["post-1168","page","type-page","status-publish","has-post-thumbnail","hentry"],"acf":[],"yoast_head":"<!-- This site is optimized with the Yoast SEO plugin v26.8 - https:\/\/yoast.com\/product\/yoast-seo-wordpress\/ -->\n<title>Na\u0161a vizija, strategija i cilj - Coca-Cola Hellenic Kosova<\/title>\n<meta name=\"robots\" content=\"index, follow, max-snippet:-1, max-image-preview:large, max-video-preview:-1\" \/>\n<link rel=\"canonical\" href=\"http:\/\/coca-colahellenickosovo.com\/sr\/about-us\/our-vision-strategy-and-purpose\/\" \/>\n<meta property=\"og:locale\" content=\"sr_RS\" \/>\n<meta property=\"og:type\" content=\"article\" \/>\n<meta property=\"og:title\" content=\"Na\u0161a vizija, strategija i cilj - Coca-Cola Hellenic Kosova\" \/>\n<meta property=\"og:description\" content=\"MI SMO CCHBC I PONOSNO \u017dIVIMO NA\u0160U KULTURU\" \/>\n<meta property=\"og:url\" content=\"http:\/\/coca-colahellenickosovo.com\/sr\/about-us\/our-vision-strategy-and-purpose\/\" \/>\n<meta property=\"og:site_name\" content=\"Coca-Cola Hellenic Kosova\" \/>\n<meta property=\"article:modified_time\" content=\"2026-01-20T18:46:11+00:00\" \/>\n<meta property=\"og:image\" content=\"http:\/\/coca-colahellenickosovo.com\/wp-content\/uploads\/2018\/11\/our-vision-stratgey-and-purpose-icon-1.jpg\" \/>\n\t<meta property=\"og:image:width\" content=\"400\" \/>\n\t<meta property=\"og:image:height\" content=\"225\" \/>\n\t<meta property=\"og:image:type\" content=\"image\/jpeg\" \/>\n<meta name=\"twitter:card\" content=\"summary_large_image\" \/>\n<meta name=\"twitter:label1\" content=\"\u041f\u0440\u043e\u0446\u0435\u045a\u0435\u043d\u043e \u0432\u0440\u0435\u043c\u0435 \u0447\u0438\u0442\u0430\u045a\u0430\" \/>\n\t<meta name=\"twitter:data1\" content=\"2 \u043c\u0438\u043d\u0443\u0442\u0430\" \/>\n<script type=\"application\/ld+json\" class=\"yoast-schema-graph\">{\"@context\":\"https:\/\/schema.org\",\"@graph\":[{\"@type\":\"WebPage\",\"@id\":\"http:\/\/coca-colahellenickosovo.com\/sr\/about-us\/our-vision-strategy-and-purpose\/\",\"url\":\"http:\/\/coca-colahellenickosovo.com\/sr\/about-us\/our-vision-strategy-and-purpose\/\",\"name\":\"Na\u0161a vizija, strategija i cilj - Coca-Cola Hellenic Kosova\",\"isPartOf\":{\"@id\":\"http:\/\/coca-colahellenickosovo.com\/#website\"},\"primaryImageOfPage\":{\"@id\":\"http:\/\/coca-colahellenickosovo.com\/sr\/about-us\/our-vision-strategy-and-purpose\/#primaryimage\"},\"image\":{\"@id\":\"http:\/\/coca-colahellenickosovo.com\/sr\/about-us\/our-vision-strategy-and-purpose\/#primaryimage\"},\"thumbnailUrl\":\"http:\/\/coca-colahellenickosovo.com\/wp-content\/uploads\/2018\/11\/our-vision-stratgey-and-purpose-icon-1.jpg\",\"datePublished\":\"2018-11-22T12:48:08+00:00\",\"dateModified\":\"2026-01-20T18:46:11+00:00\",\"breadcrumb\":{\"@id\":\"http:\/\/coca-colahellenickosovo.com\/sr\/about-us\/our-vision-strategy-and-purpose\/#breadcrumb\"},\"inLanguage\":\"sr-RS\",\"potentialAction\":[{\"@type\":\"ReadAction\",\"target\":[\"http:\/\/coca-colahellenickosovo.com\/sr\/about-us\/our-vision-strategy-and-purpose\/\"]}]},{\"@type\":\"ImageObject\",\"inLanguage\":\"sr-RS\",\"@id\":\"http:\/\/coca-colahellenickosovo.com\/sr\/about-us\/our-vision-strategy-and-purpose\/#primaryimage\",\"url\":\"http:\/\/coca-colahellenickosovo.com\/wp-content\/uploads\/2018\/11\/our-vision-stratgey-and-purpose-icon-1.jpg\",\"contentUrl\":\"http:\/\/coca-colahellenickosovo.com\/wp-content\/uploads\/2018\/11\/our-vision-stratgey-and-purpose-icon-1.jpg\",\"width\":400,\"height\":225},{\"@type\":\"BreadcrumbList\",\"@id\":\"http:\/\/coca-colahellenickosovo.com\/sr\/about-us\/our-vision-strategy-and-purpose\/#breadcrumb\",\"itemListElement\":[{\"@type\":\"ListItem\",\"position\":1,\"name\":\"Home\",\"item\":\"https:\/\/coca-colahellenickosovo.com\/sr\/\"},{\"@type\":\"ListItem\",\"position\":2,\"name\":\"O NAMA\",\"item\":\"https:\/\/coca-colahellenickosovo.com\/sr\/about-us\/\"},{\"@type\":\"ListItem\",\"position\":3,\"name\":\"Na\u0161a vizija, strategija i cilj\"}]},{\"@type\":\"WebSite\",\"@id\":\"http:\/\/coca-colahellenickosovo.com\/#website\",\"url\":\"http:\/\/coca-colahellenickosovo.com\/\",\"name\":\"Coca-Cola Hellenic Kosova\",\"description\":\"\",\"publisher\":{\"@id\":\"http:\/\/coca-colahellenickosovo.com\/#organization\"},\"potentialAction\":[{\"@type\":\"SearchAction\",\"target\":{\"@type\":\"EntryPoint\",\"urlTemplate\":\"http:\/\/coca-colahellenickosovo.com\/?s={search_term_string}\"},\"query-input\":{\"@type\":\"PropertyValueSpecification\",\"valueRequired\":true,\"valueName\":\"search_term_string\"}}],\"inLanguage\":\"sr-RS\"},{\"@type\":\"Organization\",\"@id\":\"http:\/\/coca-colahellenickosovo.com\/#organization\",\"name\":\"Coca-Cola Hellenic Kosova\",\"url\":\"http:\/\/coca-colahellenickosovo.com\/\",\"logo\":{\"@type\":\"ImageObject\",\"inLanguage\":\"sr-RS\",\"@id\":\"http:\/\/coca-colahellenickosovo.com\/#\/schema\/logo\/image\/\",\"url\":\"http:\/\/coca-colahellenickosovo.com\/wp-content\/uploads\/2025\/03\/bb4dd3b6-2375-4f01-a767-4fb2967ec63a.jpeg\",\"contentUrl\":\"http:\/\/coca-colahellenickosovo.com\/wp-content\/uploads\/2025\/03\/bb4dd3b6-2375-4f01-a767-4fb2967ec63a.jpeg\",\"width\":750,\"height\":230,\"caption\":\"Coca-Cola Hellenic Kosova\"},\"image\":{\"@id\":\"http:\/\/coca-colahellenickosovo.com\/#\/schema\/logo\/image\/\"}}]}<\/script>\n<!-- \/ Yoast SEO plugin. -->","yoast_head_json":{"title":"Na\u0161a vizija, strategija i cilj - Coca-Cola Hellenic Kosova","robots":{"index":"index","follow":"follow","max-snippet":"max-snippet:-1","max-image-preview":"max-image-preview:large","max-video-preview":"max-video-preview:-1"},"canonical":"http:\/\/coca-colahellenickosovo.com\/sr\/about-us\/our-vision-strategy-and-purpose\/","og_locale":"sr_RS","og_type":"article","og_title":"Na\u0161a vizija, strategija i cilj - Coca-Cola Hellenic Kosova","og_description":"MI SMO CCHBC I PONOSNO \u017dIVIMO NA\u0160U KULTURU","og_url":"http:\/\/coca-colahellenickosovo.com\/sr\/about-us\/our-vision-strategy-and-purpose\/","og_site_name":"Coca-Cola Hellenic Kosova","article_modified_time":"2026-01-20T18:46:11+00:00","og_image":[{"width":400,"height":225,"url":"http:\/\/coca-colahellenickosovo.com\/wp-content\/uploads\/2018\/11\/our-vision-stratgey-and-purpose-icon-1.jpg","type":"image\/jpeg"}],"twitter_card":"summary_large_image","twitter_misc":{"\u041f\u0440\u043e\u0446\u0435\u045a\u0435\u043d\u043e \u0432\u0440\u0435\u043c\u0435 \u0447\u0438\u0442\u0430\u045a\u0430":"2 \u043c\u0438\u043d\u0443\u0442\u0430"},"schema":{"@context":"https:\/\/schema.org","@graph":[{"@type":"WebPage","@id":"http:\/\/coca-colahellenickosovo.com\/sr\/about-us\/our-vision-strategy-and-purpose\/","url":"http:\/\/coca-colahellenickosovo.com\/sr\/about-us\/our-vision-strategy-and-purpose\/","name":"Na\u0161a vizija, strategija i cilj - Coca-Cola Hellenic Kosova","isPartOf":{"@id":"http:\/\/coca-colahellenickosovo.com\/#website"},"primaryImageOfPage":{"@id":"http:\/\/coca-colahellenickosovo.com\/sr\/about-us\/our-vision-strategy-and-purpose\/#primaryimage"},"image":{"@id":"http:\/\/coca-colahellenickosovo.com\/sr\/about-us\/our-vision-strategy-and-purpose\/#primaryimage"},"thumbnailUrl":"http:\/\/coca-colahellenickosovo.com\/wp-content\/uploads\/2018\/11\/our-vision-stratgey-and-purpose-icon-1.jpg","datePublished":"2018-11-22T12:48:08+00:00","dateModified":"2026-01-20T18:46:11+00:00","breadcrumb":{"@id":"http:\/\/coca-colahellenickosovo.com\/sr\/about-us\/our-vision-strategy-and-purpose\/#breadcrumb"},"inLanguage":"sr-RS","potentialAction":[{"@type":"ReadAction","target":["http:\/\/coca-colahellenickosovo.com\/sr\/about-us\/our-vision-strategy-and-purpose\/"]}]},{"@type":"ImageObject","inLanguage":"sr-RS","@id":"http:\/\/coca-colahellenickosovo.com\/sr\/about-us\/our-vision-strategy-and-purpose\/#primaryimage","url":"http:\/\/coca-colahellenickosovo.com\/wp-content\/uploads\/2018\/11\/our-vision-stratgey-and-purpose-icon-1.jpg","contentUrl":"http:\/\/coca-colahellenickosovo.com\/wp-content\/uploads\/2018\/11\/our-vision-stratgey-and-purpose-icon-1.jpg","width":400,"height":225},{"@type":"BreadcrumbList","@id":"http:\/\/coca-colahellenickosovo.com\/sr\/about-us\/our-vision-strategy-and-purpose\/#breadcrumb","itemListElement":[{"@type":"ListItem","position":1,"name":"Home","item":"https:\/\/coca-colahellenickosovo.com\/sr\/"},{"@type":"ListItem","position":2,"name":"O NAMA","item":"https:\/\/coca-colahellenickosovo.com\/sr\/about-us\/"},{"@type":"ListItem","position":3,"name":"Na\u0161a vizija, strategija i cilj"}]},{"@type":"WebSite","@id":"http:\/\/coca-colahellenickosovo.com\/#website","url":"http:\/\/coca-colahellenickosovo.com\/","name":"Coca-Cola Hellenic Kosova","description":"","publisher":{"@id":"http:\/\/coca-colahellenickosovo.com\/#organization"},"potentialAction":[{"@type":"SearchAction","target":{"@type":"EntryPoint","urlTemplate":"http:\/\/coca-colahellenickosovo.com\/?s={search_term_string}"},"query-input":{"@type":"PropertyValueSpecification","valueRequired":true,"valueName":"search_term_string"}}],"inLanguage":"sr-RS"},{"@type":"Organization","@id":"http:\/\/coca-colahellenickosovo.com\/#organization","name":"Coca-Cola Hellenic Kosova","url":"http:\/\/coca-colahellenickosovo.com\/","logo":{"@type":"ImageObject","inLanguage":"sr-RS","@id":"http:\/\/coca-colahellenickosovo.com\/#\/schema\/logo\/image\/","url":"http:\/\/coca-colahellenickosovo.com\/wp-content\/uploads\/2025\/03\/bb4dd3b6-2375-4f01-a767-4fb2967ec63a.jpeg","contentUrl":"http:\/\/coca-colahellenickosovo.com\/wp-content\/uploads\/2025\/03\/bb4dd3b6-2375-4f01-a767-4fb2967ec63a.jpeg","width":750,"height":230,"caption":"Coca-Cola Hellenic Kosova"},"image":{"@id":"http:\/\/coca-colahellenickosovo.com\/#\/schema\/logo\/image\/"}}]}},"_links":{"self":[{"href":"http:\/\/coca-colahellenickosovo.com\/sr\/wp-json\/wp\/v2\/pages\/1168\/"}],"collection":[{"href":"http:\/\/coca-colahellenickosovo.com\/sr\/wp-json\/wp\/v2\/pages\/"}],"about":[{"href":"http:\/\/coca-colahellenickosovo.com\/sr\/wp-json\/wp\/v2\/types\/page\/"}],"author":[{"embeddable":true,"href":"http:\/\/coca-colahellenickosovo.com\/sr\/wp-json\/wp\/v2\/users\/9\/"}],"replies":[{"embeddable":true,"href":"http:\/\/coca-colahellenickosovo.com\/sr\/wp-json\/wp\/v2\/comments\/?post=1168"}],"version-history":[{"count":7,"href":"http:\/\/coca-colahellenickosovo.com\/sr\/wp-json\/wp\/v2\/pages\/1168\/revisions\/"}],"predecessor-version":[{"id":4338,"href":"http:\/\/coca-colahellenickosovo.com\/sr\/wp-json\/wp\/v2\/pages\/1168\/revisions\/4338\/"}],"up":[{"embeddable":true,"href":"http:\/\/coca-colahellenickosovo.com\/sr\/wp-json\/wp\/v2\/pages\/1146\/"}],"wp:featuredmedia":[{"embeddable":true,"href":"http:\/\/coca-colahellenickosovo.com\/sr\/wp-json\/wp\/v2\/media\/1748\/"}],"wp:attachment":[{"href":"http:\/\/coca-colahellenickosovo.com\/sr\/wp-json\/wp\/v2\/media\/?parent=1168"}],"curies":[{"name":"wp","href":"https:\/\/api.w.org\/{rel}","templated":true}]}}