{"id":1161,"date":"2018-11-22T12:43:35","date_gmt":"2018-11-22T12:43:35","guid":{"rendered":"http:\/\/coca-colahellenickosovo.com\/?page_id=1161"},"modified":"2019-01-23T13:27:33","modified_gmt":"2019-01-23T13:27:33","slug":"kreiranje-i-deljenje-vrednosti","status":"publish","type":"page","link":"http:\/\/coca-colahellenickosovo.com\/sr\/about-us\/kreiranje-i-deljenje-vrednosti\/","title":{"rendered":"Kreiranje i deljenje vrednosti"},"content":{"rendered":"<h2><strong>Na\u0161 kapital<\/strong><\/h2>\n<p>Pa\u017eljivo upravljamo sredstvima prilikom poslovanja kako bismo o\u010duvali resurse koji su nam dostupni.<\/p>\n<ul>\n<li><strong>Finansijski<\/strong>: akcionarski kapital, dug<\/li>\n<li><strong>Proizvodn<\/strong>i: fabrike, magacini, distributivni centri<\/li>\n<li><strong>Ljudsk<\/strong>i: zaposleni, partneri<\/li>\n<li><strong>Intelektualni:<\/strong> brendovi, standardi, procesi, korporativna reputacija<\/li>\n<li><strong>Dru\u0161tveni<\/strong>: zajednice, kupci, dobavlja\u010di, razli\u010dite grupe zainteresovanih strana, NVO, MVO, koalicije u industriji<\/li>\n<li><strong>Partnerski:<\/strong> sa kompanijom Coca\u2011Cola<\/li>\n<\/ul>\n","protected":false},"excerpt":{"rendered":"<p>Na\u0161 poslovni model je u srcu svega \u0161to radimo. U skladu sa njim odre\u0111ujemo aktivnosti u kojima u\u010destvujemo, odnose od kojih zavisimo, ishode i rezultate koje \u017eelimo da postignemo kako bismo stvorili vrednost za sve zainteresovane strane \u2013 u kratkom, srednjem i du\u017eem roku.<\/p>\n","protected":false},"author":9,"featured_media":0,"parent":1146,"menu_order":105,"comment_status":"closed","ping_status":"closed","template":"page-templates\/richtext.php","meta":{"_acf_changed":false,"footnotes":""},"class_list":["post-1161","page","type-page","status-publish","hentry"],"acf":[],"yoast_head":"<!-- This site is optimized with the Yoast SEO plugin v26.8 - https:\/\/yoast.com\/product\/yoast-seo-wordpress\/ -->\n<title>Kreiranje i deljenje vrednosti - Coca-Cola Hellenic Kosova<\/title>\n<meta name=\"robots\" content=\"index, follow, max-snippet:-1, max-image-preview:large, max-video-preview:-1\" \/>\n<link rel=\"canonical\" href=\"http:\/\/coca-colahellenickosovo.com\/sr\/about-us\/kreiranje-i-deljenje-vrednosti\/\" \/>\n<meta property=\"og:locale\" content=\"sr_RS\" \/>\n<meta property=\"og:type\" content=\"article\" \/>\n<meta property=\"og:title\" content=\"Kreiranje i deljenje vrednosti - Coca-Cola Hellenic Kosova\" \/>\n<meta property=\"og:description\" content=\"Na\u0161 poslovni model je u srcu svega \u0161to radimo. U skladu sa njim odre\u0111ujemo aktivnosti u kojima u\u010destvujemo, odnose od kojih zavisimo, ishode i rezultate koje \u017eelimo da postignemo kako bismo stvorili vrednost za sve zainteresovane strane \u2013 u kratkom, srednjem i du\u017eem roku.\" \/>\n<meta property=\"og:url\" content=\"http:\/\/coca-colahellenickosovo.com\/sr\/about-us\/kreiranje-i-deljenje-vrednosti\/\" \/>\n<meta property=\"og:site_name\" content=\"Coca-Cola Hellenic Kosova\" \/>\n<meta property=\"article:modified_time\" content=\"2019-01-23T13:27:33+00:00\" \/>\n<meta name=\"twitter:card\" content=\"summary_large_image\" \/>\n<script type=\"application\/ld+json\" class=\"yoast-schema-graph\">{\"@context\":\"https:\/\/schema.org\",\"@graph\":[{\"@type\":\"WebPage\",\"@id\":\"http:\/\/coca-colahellenickosovo.com\/sr\/about-us\/kreiranje-i-deljenje-vrednosti\/\",\"url\":\"http:\/\/coca-colahellenickosovo.com\/sr\/about-us\/kreiranje-i-deljenje-vrednosti\/\",\"name\":\"Kreiranje i deljenje vrednosti - Coca-Cola Hellenic Kosova\",\"isPartOf\":{\"@id\":\"http:\/\/coca-colahellenickosovo.com\/#website\"},\"datePublished\":\"2018-11-22T12:43:35+00:00\",\"dateModified\":\"2019-01-23T13:27:33+00:00\",\"breadcrumb\":{\"@id\":\"http:\/\/coca-colahellenickosovo.com\/sr\/about-us\/kreiranje-i-deljenje-vrednosti\/#breadcrumb\"},\"inLanguage\":\"sr-RS\",\"potentialAction\":[{\"@type\":\"ReadAction\",\"target\":[\"http:\/\/coca-colahellenickosovo.com\/sr\/about-us\/kreiranje-i-deljenje-vrednosti\/\"]}]},{\"@type\":\"BreadcrumbList\",\"@id\":\"http:\/\/coca-colahellenickosovo.com\/sr\/about-us\/kreiranje-i-deljenje-vrednosti\/#breadcrumb\",\"itemListElement\":[{\"@type\":\"ListItem\",\"position\":1,\"name\":\"Home\",\"item\":\"https:\/\/coca-colahellenickosovo.com\/sr\/\"},{\"@type\":\"ListItem\",\"position\":2,\"name\":\"O NAMA\",\"item\":\"https:\/\/coca-colahellenickosovo.com\/sr\/about-us\/\"},{\"@type\":\"ListItem\",\"position\":3,\"name\":\"Kreiranje i deljenje vrednosti\"}]},{\"@type\":\"WebSite\",\"@id\":\"http:\/\/coca-colahellenickosovo.com\/#website\",\"url\":\"http:\/\/coca-colahellenickosovo.com\/\",\"name\":\"Coca-Cola Hellenic Kosova\",\"description\":\"\",\"publisher\":{\"@id\":\"http:\/\/coca-colahellenickosovo.com\/#organization\"},\"potentialAction\":[{\"@type\":\"SearchAction\",\"target\":{\"@type\":\"EntryPoint\",\"urlTemplate\":\"http:\/\/coca-colahellenickosovo.com\/?s={search_term_string}\"},\"query-input\":{\"@type\":\"PropertyValueSpecification\",\"valueRequired\":true,\"valueName\":\"search_term_string\"}}],\"inLanguage\":\"sr-RS\"},{\"@type\":\"Organization\",\"@id\":\"http:\/\/coca-colahellenickosovo.com\/#organization\",\"name\":\"Coca-Cola Hellenic Kosova\",\"url\":\"http:\/\/coca-colahellenickosovo.com\/\",\"logo\":{\"@type\":\"ImageObject\",\"inLanguage\":\"sr-RS\",\"@id\":\"http:\/\/coca-colahellenickosovo.com\/#\/schema\/logo\/image\/\",\"url\":\"http:\/\/coca-colahellenickosovo.com\/wp-content\/uploads\/2025\/03\/bb4dd3b6-2375-4f01-a767-4fb2967ec63a.jpeg\",\"contentUrl\":\"http:\/\/coca-colahellenickosovo.com\/wp-content\/uploads\/2025\/03\/bb4dd3b6-2375-4f01-a767-4fb2967ec63a.jpeg\",\"width\":750,\"height\":230,\"caption\":\"Coca-Cola Hellenic Kosova\"},\"image\":{\"@id\":\"http:\/\/coca-colahellenickosovo.com\/#\/schema\/logo\/image\/\"}}]}<\/script>\n<!-- \/ Yoast SEO plugin. -->","yoast_head_json":{"title":"Kreiranje i deljenje vrednosti - Coca-Cola Hellenic Kosova","robots":{"index":"index","follow":"follow","max-snippet":"max-snippet:-1","max-image-preview":"max-image-preview:large","max-video-preview":"max-video-preview:-1"},"canonical":"http:\/\/coca-colahellenickosovo.com\/sr\/about-us\/kreiranje-i-deljenje-vrednosti\/","og_locale":"sr_RS","og_type":"article","og_title":"Kreiranje i deljenje vrednosti - Coca-Cola Hellenic Kosova","og_description":"Na\u0161 poslovni model je u srcu svega \u0161to radimo. U skladu sa njim odre\u0111ujemo aktivnosti u kojima u\u010destvujemo, odnose od kojih zavisimo, ishode i rezultate koje \u017eelimo da postignemo kako bismo stvorili vrednost za sve zainteresovane strane \u2013 u kratkom, srednjem i du\u017eem roku.","og_url":"http:\/\/coca-colahellenickosovo.com\/sr\/about-us\/kreiranje-i-deljenje-vrednosti\/","og_site_name":"Coca-Cola Hellenic Kosova","article_modified_time":"2019-01-23T13:27:33+00:00","twitter_card":"summary_large_image","schema":{"@context":"https:\/\/schema.org","@graph":[{"@type":"WebPage","@id":"http:\/\/coca-colahellenickosovo.com\/sr\/about-us\/kreiranje-i-deljenje-vrednosti\/","url":"http:\/\/coca-colahellenickosovo.com\/sr\/about-us\/kreiranje-i-deljenje-vrednosti\/","name":"Kreiranje i deljenje vrednosti - Coca-Cola Hellenic Kosova","isPartOf":{"@id":"http:\/\/coca-colahellenickosovo.com\/#website"},"datePublished":"2018-11-22T12:43:35+00:00","dateModified":"2019-01-23T13:27:33+00:00","breadcrumb":{"@id":"http:\/\/coca-colahellenickosovo.com\/sr\/about-us\/kreiranje-i-deljenje-vrednosti\/#breadcrumb"},"inLanguage":"sr-RS","potentialAction":[{"@type":"ReadAction","target":["http:\/\/coca-colahellenickosovo.com\/sr\/about-us\/kreiranje-i-deljenje-vrednosti\/"]}]},{"@type":"BreadcrumbList","@id":"http:\/\/coca-colahellenickosovo.com\/sr\/about-us\/kreiranje-i-deljenje-vrednosti\/#breadcrumb","itemListElement":[{"@type":"ListItem","position":1,"name":"Home","item":"https:\/\/coca-colahellenickosovo.com\/sr\/"},{"@type":"ListItem","position":2,"name":"O NAMA","item":"https:\/\/coca-colahellenickosovo.com\/sr\/about-us\/"},{"@type":"ListItem","position":3,"name":"Kreiranje i deljenje vrednosti"}]},{"@type":"WebSite","@id":"http:\/\/coca-colahellenickosovo.com\/#website","url":"http:\/\/coca-colahellenickosovo.com\/","name":"Coca-Cola Hellenic Kosova","description":"","publisher":{"@id":"http:\/\/coca-colahellenickosovo.com\/#organization"},"potentialAction":[{"@type":"SearchAction","target":{"@type":"EntryPoint","urlTemplate":"http:\/\/coca-colahellenickosovo.com\/?s={search_term_string}"},"query-input":{"@type":"PropertyValueSpecification","valueRequired":true,"valueName":"search_term_string"}}],"inLanguage":"sr-RS"},{"@type":"Organization","@id":"http:\/\/coca-colahellenickosovo.com\/#organization","name":"Coca-Cola Hellenic Kosova","url":"http:\/\/coca-colahellenickosovo.com\/","logo":{"@type":"ImageObject","inLanguage":"sr-RS","@id":"http:\/\/coca-colahellenickosovo.com\/#\/schema\/logo\/image\/","url":"http:\/\/coca-colahellenickosovo.com\/wp-content\/uploads\/2025\/03\/bb4dd3b6-2375-4f01-a767-4fb2967ec63a.jpeg","contentUrl":"http:\/\/coca-colahellenickosovo.com\/wp-content\/uploads\/2025\/03\/bb4dd3b6-2375-4f01-a767-4fb2967ec63a.jpeg","width":750,"height":230,"caption":"Coca-Cola Hellenic Kosova"},"image":{"@id":"http:\/\/coca-colahellenickosovo.com\/#\/schema\/logo\/image\/"}}]}},"_links":{"self":[{"href":"http:\/\/coca-colahellenickosovo.com\/sr\/wp-json\/wp\/v2\/pages\/1161\/"}],"collection":[{"href":"http:\/\/coca-colahellenickosovo.com\/sr\/wp-json\/wp\/v2\/pages\/"}],"about":[{"href":"http:\/\/coca-colahellenickosovo.com\/sr\/wp-json\/wp\/v2\/types\/page\/"}],"author":[{"embeddable":true,"href":"http:\/\/coca-colahellenickosovo.com\/sr\/wp-json\/wp\/v2\/users\/9\/"}],"replies":[{"embeddable":true,"href":"http:\/\/coca-colahellenickosovo.com\/sr\/wp-json\/wp\/v2\/comments\/?post=1161"}],"version-history":[{"count":3,"href":"http:\/\/coca-colahellenickosovo.com\/sr\/wp-json\/wp\/v2\/pages\/1161\/revisions\/"}],"predecessor-version":[{"id":3167,"href":"http:\/\/coca-colahellenickosovo.com\/sr\/wp-json\/wp\/v2\/pages\/1161\/revisions\/3167\/"}],"up":[{"embeddable":true,"href":"http:\/\/coca-colahellenickosovo.com\/sr\/wp-json\/wp\/v2\/pages\/1146\/"}],"wp:attachment":[{"href":"http:\/\/coca-colahellenickosovo.com\/sr\/wp-json\/wp\/v2\/media\/?parent=1161"}],"curies":[{"name":"wp","href":"https:\/\/api.w.org\/{rel}","templated":true}]}}